{"id":18481,"date":"2002-01-06T00:00:00","date_gmt":"2002-01-05T23:00:00","guid":{"rendered":"http:\/\/cedrat-technologies.com\/produit\/qualification-piezoelectrique-pour-les-applications-spatiales\/"},"modified":"2023-07-20T11:22:30","modified_gmt":"2023-07-20T09:22:30","slug":"qualification-piezoelectrique-pour-les-applications-spatiales","status":"publish","type":"product","link":"https:\/\/cedrat-technologies.com\/fr\/produit\/qualification-piezoelectrique-pour-les-applications-spatiales\/","title":{"rendered":"Qualification pi\u00e9zo\u00e9lectrique pour les applications spatiales"},"content":{"rendered":"","protected":false},"excerpt":{"rendered":"<p>Les actionneurs pi\u00e9zo\u00e9lectriques sont g\u00e9n\u00e9ralement consid\u00e9r\u00e9s comme de bons candidats pour piloter des m\u00e9canismes compacts et efficaces, car ils offrent des avantages tels que la pr\u00e9cision, la rapidit\u00e9 de r\u00e9ponse, la faible consommation d&rsquo;\u00e9nergie, le co\u00fbt et la facilit\u00e9 de mise en \u0153uvre. Mais pour r\u00e9pondre aux besoins de l&rsquo;espace, les dispositifs doivent satisfaire \u00e0 de nombreuses autres exigences que les exigences fonctionnelles.<\/p>\n","protected":false},"featured_media":15101,"comment_status":"closed","ping_status":"open","template":"","meta":{"_acf_changed":false,"_seopress_robots_primary_cat":"none","_seopress_titles_title":"","_seopress_titles_desc":"","_seopress_robots_index":"yes"},"product_brand":[],"product_cat":[1383,1385,1491,1411,1464],"product_tag":[],"class_list":{"0":"post-18481","1":"product","2":"type-product","3":"status-publish","4":"has-post-thumbnail","6":"product_cat-actionneurs-lineaires","7":"product_cat-actionneurs-piezo-fr","8":"product_cat-domaine-fr","9":"product_cat-materiaux-essais","10":"product_cat-publications-fr","12":"first","13":"instock","14":"downloadable","15":"virtual","16":"purchasable","17":"product-type-simple"},"acf":[],"_links":{"self":[{"href":"https:\/\/cedrat-technologies.com\/fr\/wp-json\/wp\/v2\/product\/18481","targetHints":{"allow":["GET"]}}],"collection":[{"href":"https:\/\/cedrat-technologies.com\/fr\/wp-json\/wp\/v2\/product"}],"about":[{"href":"https:\/\/cedrat-technologies.com\/fr\/wp-json\/wp\/v2\/types\/product"}],"replies":[{"embeddable":true,"href":"https:\/\/cedrat-technologies.com\/fr\/wp-json\/wp\/v2\/comments?post=18481"}],"version-history":[{"count":0,"href":"https:\/\/cedrat-technologies.com\/fr\/wp-json\/wp\/v2\/product\/18481\/revisions"}],"wp:featuredmedia":[{"embeddable":true,"href":"https:\/\/cedrat-technologies.com\/fr\/wp-json\/wp\/v2\/media\/15101"}],"wp:attachment":[{"href":"https:\/\/cedrat-technologies.com\/fr\/wp-json\/wp\/v2\/media?parent=18481"}],"wp:term":[{"taxonomy":"product_brand","embeddable":true,"href":"https:\/\/cedrat-technologies.com\/fr\/wp-json\/wp\/v2\/product_brand?post=18481"},{"taxonomy":"product_cat","embeddable":true,"href":"https:\/\/cedrat-technologies.com\/fr\/wp-json\/wp\/v2\/product_cat?post=18481"},{"taxonomy":"product_tag","embeddable":true,"href":"https:\/\/cedrat-technologies.com\/fr\/wp-json\/wp\/v2\/product_tag?post=18481"}],"curies":[{"name":"wp","href":"https:\/\/api.w.org\/{rel}","templated":true}]}}