{"id":18479,"date":"2023-06-19T10:31:49","date_gmt":"2023-06-19T08:31:49","guid":{"rendered":"http:\/\/cedrat-technologies.com\/produit\/mecanisme-de-pointage-du-sodisme-de-picard-base-sur-le-ppa40m-nm-sv\/"},"modified":"2023-07-20T11:20:18","modified_gmt":"2023-07-20T09:20:18","slug":"mecanisme-de-pointage-du-sodisme-de-picard-base-sur-le-ppa40m-nm-sv","status":"publish","type":"product","link":"https:\/\/cedrat-technologies.com\/fr\/produit\/mecanisme-de-pointage-du-sodisme-de-picard-base-sur-le-ppa40m-nm-sv\/","title":{"rendered":"M\u00e9canisme de pointage du sodisme de Picard bas\u00e9 sur le PPA40M-NM-SV"},"content":{"rendered":"","protected":false},"excerpt":{"rendered":"<p>PICARD est une mission scientifique spatiale fran\u00e7aise. Ses objectifs sont l&rsquo;\u00e9tude de l&rsquo;origine de la variabilit\u00e9 solaire et l&rsquo;\u00e9tude des relations entre le Soleil et le climat de la Terre. Le satellite a \u00e9t\u00e9 lanc\u00e9 avec succ\u00e8s le 15 juin 2010 sur un lanceur DNEPR depuis le cosmodrome de Dombarovskiy, pr\u00e8s de Yasny (Russie). La charge utile se compose de deux radiom\u00e8tres absolus mesurant l&rsquo;irradiation solaire totale et d&rsquo;un t\u00e9lescope d&rsquo;animation pour d\u00e9terminer le diam\u00e8tre solaire et l&rsquo;asph\u00e9ricit\u00e9<\/p>\n","protected":false},"featured_media":15095,"comment_status":"closed","ping_status":"open","template":"","meta":{"_acf_changed":false,"_seopress_robots_primary_cat":"none","_seopress_titles_title":"","_seopress_titles_desc":"","_seopress_robots_index":"yes"},"product_brand":[],"product_cat":[1491,1495,1390,1464],"product_tag":[],"class_list":{"0":"post-18479","1":"product","2":"type-product","3":"status-publish","4":"has-post-thumbnail","6":"product_cat-domaine-fr","7":"product_cat-instrumentation-optique-fr","8":"product_cat-mecanismes","9":"product_cat-publications-fr","11":"first","12":"instock","13":"downloadable","14":"virtual","15":"purchasable","16":"product-type-simple"},"acf":[],"_links":{"self":[{"href":"https:\/\/cedrat-technologies.com\/fr\/wp-json\/wp\/v2\/product\/18479","targetHints":{"allow":["GET"]}}],"collection":[{"href":"https:\/\/cedrat-technologies.com\/fr\/wp-json\/wp\/v2\/product"}],"about":[{"href":"https:\/\/cedrat-technologies.com\/fr\/wp-json\/wp\/v2\/types\/product"}],"replies":[{"embeddable":true,"href":"https:\/\/cedrat-technologies.com\/fr\/wp-json\/wp\/v2\/comments?post=18479"}],"version-history":[{"count":0,"href":"https:\/\/cedrat-technologies.com\/fr\/wp-json\/wp\/v2\/product\/18479\/revisions"}],"wp:featuredmedia":[{"embeddable":true,"href":"https:\/\/cedrat-technologies.com\/fr\/wp-json\/wp\/v2\/media\/15095"}],"wp:attachment":[{"href":"https:\/\/cedrat-technologies.com\/fr\/wp-json\/wp\/v2\/media?parent=18479"}],"wp:term":[{"taxonomy":"product_brand","embeddable":true,"href":"https:\/\/cedrat-technologies.com\/fr\/wp-json\/wp\/v2\/product_brand?post=18479"},{"taxonomy":"product_cat","embeddable":true,"href":"https:\/\/cedrat-technologies.com\/fr\/wp-json\/wp\/v2\/product_cat?post=18479"},{"taxonomy":"product_tag","embeddable":true,"href":"https:\/\/cedrat-technologies.com\/fr\/wp-json\/wp\/v2\/product_tag?post=18479"}],"curies":[{"name":"wp","href":"https:\/\/api.w.org\/{rel}","templated":true}]}}