{"id":18478,"date":"2022-09-08T00:00:00","date_gmt":"2022-09-07T22:00:00","guid":{"rendered":"http:\/\/cedrat-technologies.com\/produit\/p-fsm150s-fast-steering-mirrors-pour-les-constellations-spatiales-optiques\/"},"modified":"2023-07-20T11:22:11","modified_gmt":"2023-07-20T09:22:11","slug":"p-fsm150s-fast-steering-mirrors-pour-les-constellations-spatiales-optiques","status":"publish","type":"product","link":"https:\/\/cedrat-technologies.com\/fr\/produit\/p-fsm150s-fast-steering-mirrors-pour-les-constellations-spatiales-optiques\/","title":{"rendered":"P-FSM150S Fast steering mirrors pour les constellations spatiales optiques"},"content":{"rendered":"","protected":false},"excerpt":{"rendered":"<p>Les nouvelles constellations spatiales g\u00e9antes bas\u00e9es sur la communication optique en espace libre (FSO) constituent un nouveau d\u00e9fi \u00e0 bien des \u00e9gards. La prise en compte de la rentabilit\u00e9 obligatoire, de la r\u00e9p\u00e9tabilit\u00e9 des performances et de la fiabilit\u00e9 sans d\u00e9faut lors de l&rsquo;int\u00e9gration par le client, n\u00e9cessite un bouleversement des m\u00e9thodes de production et d&rsquo;essai d&rsquo;acceptation dans l&rsquo;espace, lorsque les quantit\u00e9s sont sup\u00e9rieures \u00e0 plusieurs milliers d&rsquo;unit\u00e9s. En partant de l&rsquo;h\u00e9ritage de l&rsquo;ancien projet de vol PYSCHE PAM30 pour la communication optique dans l&rsquo;espace lointain (Deep Space Optical Communication (DSOC), CEDRAT TECHNOLOGIES (CTEC) pr\u00e9sente la nouvelle conception et les r\u00e9sultats d&rsquo;essais du miroir d&rsquo;orientation rapide P-FSM150S. Fast steering mirrors (FSM) P-FSM150S, d\u00e9velopp\u00e9s dans le cadre du projet TELCO-B d&rsquo;ARTES pour les futures constellations FSO<br \/>\nfutures.<\/p>\n","protected":false},"featured_media":15092,"comment_status":"closed","ping_status":"closed","template":"","meta":{"_acf_changed":false,"_seopress_robots_primary_cat":"none","_seopress_titles_title":"","_seopress_titles_desc":"","_seopress_robots_index":"yes"},"product_brand":[],"product_cat":[1383,1385,1491,1392,1390,1464,1403],"product_tag":[],"class_list":{"0":"post-18478","1":"product","2":"type-product","3":"status-publish","4":"has-post-thumbnail","6":"product_cat-actionneurs-lineaires","7":"product_cat-actionneurs-piezo-fr","8":"product_cat-domaine-fr","9":"product_cat-fsm-plateformes-tip-tilt","10":"product_cat-mecanismes","11":"product_cat-publications-fr","12":"product_cat-systemes-mecatroniques","14":"first","15":"instock","16":"downloadable","17":"virtual","18":"purchasable","19":"product-type-simple"},"acf":[],"_links":{"self":[{"href":"https:\/\/cedrat-technologies.com\/fr\/wp-json\/wp\/v2\/product\/18478","targetHints":{"allow":["GET"]}}],"collection":[{"href":"https:\/\/cedrat-technologies.com\/fr\/wp-json\/wp\/v2\/product"}],"about":[{"href":"https:\/\/cedrat-technologies.com\/fr\/wp-json\/wp\/v2\/types\/product"}],"replies":[{"embeddable":true,"href":"https:\/\/cedrat-technologies.com\/fr\/wp-json\/wp\/v2\/comments?post=18478"}],"version-history":[{"count":0,"href":"https:\/\/cedrat-technologies.com\/fr\/wp-json\/wp\/v2\/product\/18478\/revisions"}],"wp:featuredmedia":[{"embeddable":true,"href":"https:\/\/cedrat-technologies.com\/fr\/wp-json\/wp\/v2\/media\/15092"}],"wp:attachment":[{"href":"https:\/\/cedrat-technologies.com\/fr\/wp-json\/wp\/v2\/media?parent=18478"}],"wp:term":[{"taxonomy":"product_brand","embeddable":true,"href":"https:\/\/cedrat-technologies.com\/fr\/wp-json\/wp\/v2\/product_brand?post=18478"},{"taxonomy":"product_cat","embeddable":true,"href":"https:\/\/cedrat-technologies.com\/fr\/wp-json\/wp\/v2\/product_cat?post=18478"},{"taxonomy":"product_tag","embeddable":true,"href":"https:\/\/cedrat-technologies.com\/fr\/wp-json\/wp\/v2\/product_tag?post=18478"}],"curies":[{"name":"wp","href":"https:\/\/api.w.org\/{rel}","templated":true}]}}