{"id":18477,"date":"2022-09-08T00:00:00","date_gmt":"2022-09-07T22:00:00","guid":{"rendered":"http:\/\/cedrat-technologies.com\/produit\/p-fsm150s-et-m-fsm45-pour-la-communication-optique-en-espace-libre-a-grande-echelle\/"},"modified":"2023-07-20T11:22:12","modified_gmt":"2023-07-20T09:22:12","slug":"p-fsm150s-et-m-fsm45-pour-la-communication-optique-en-espace-libre-a-grande-echelle","status":"publish","type":"product","link":"https:\/\/cedrat-technologies.com\/fr\/produit\/p-fsm150s-et-m-fsm45-pour-la-communication-optique-en-espace-libre-a-grande-echelle\/","title":{"rendered":"P-FSM150S et M-FSM45 Pour la communication optique en espace libre \u00e0 grande \u00e9chelle"},"content":{"rendered":"","protected":false},"excerpt":{"rendered":"<p>Dans cette publication, CEDRAT TECHNOLOGIES (CTEC) pr\u00e9sente la conception et les r\u00e9sultats des tests des mod\u00e8les d&rsquo;ing\u00e9nierie P-FSM150S Pointing Ahead Mechanism (PAM) et M-FSM45 Fast Steering Mirror (FSM), d\u00e9velopp\u00e9s dans le cadre du projet TELCO-B d&rsquo;ARTES pour les futures constellations FSO. La conception sp\u00e9cifique et \u00e9conomique du mat\u00e9riel est pr\u00e9sent\u00e9e, d\u00e9di\u00e9e \u00e0 la fabrication de tr\u00e8s grandes quantit\u00e9s, ainsi que les r\u00e9sultats des tests de performance sur un lot pr\u00e9liminaire de production d&rsquo;EM.<\/p>\n","protected":false},"featured_media":15089,"comment_status":"closed","ping_status":"open","template":"","meta":{"_acf_changed":false,"_seopress_robots_primary_cat":"none","_seopress_titles_title":"","_seopress_titles_desc":"","_seopress_robots_index":"yes"},"product_brand":[],"product_cat":[1491,1392,1390,1464],"product_tag":[],"class_list":{"0":"post-18477","1":"product","2":"type-product","3":"status-publish","4":"has-post-thumbnail","6":"product_cat-domaine-fr","7":"product_cat-fsm-plateformes-tip-tilt","8":"product_cat-mecanismes","9":"product_cat-publications-fr","11":"first","12":"instock","13":"downloadable","14":"virtual","15":"purchasable","16":"product-type-simple"},"acf":[],"_links":{"self":[{"href":"https:\/\/cedrat-technologies.com\/fr\/wp-json\/wp\/v2\/product\/18477","targetHints":{"allow":["GET"]}}],"collection":[{"href":"https:\/\/cedrat-technologies.com\/fr\/wp-json\/wp\/v2\/product"}],"about":[{"href":"https:\/\/cedrat-technologies.com\/fr\/wp-json\/wp\/v2\/types\/product"}],"replies":[{"embeddable":true,"href":"https:\/\/cedrat-technologies.com\/fr\/wp-json\/wp\/v2\/comments?post=18477"}],"version-history":[{"count":0,"href":"https:\/\/cedrat-technologies.com\/fr\/wp-json\/wp\/v2\/product\/18477\/revisions"}],"wp:featuredmedia":[{"embeddable":true,"href":"https:\/\/cedrat-technologies.com\/fr\/wp-json\/wp\/v2\/media\/15089"}],"wp:attachment":[{"href":"https:\/\/cedrat-technologies.com\/fr\/wp-json\/wp\/v2\/media?parent=18477"}],"wp:term":[{"taxonomy":"product_brand","embeddable":true,"href":"https:\/\/cedrat-technologies.com\/fr\/wp-json\/wp\/v2\/product_brand?post=18477"},{"taxonomy":"product_cat","embeddable":true,"href":"https:\/\/cedrat-technologies.com\/fr\/wp-json\/wp\/v2\/product_cat?post=18477"},{"taxonomy":"product_tag","embeddable":true,"href":"https:\/\/cedrat-technologies.com\/fr\/wp-json\/wp\/v2\/product_tag?post=18477"}],"curies":[{"name":"wp","href":"https:\/\/api.w.org\/{rel}","templated":true}]}}