{"id":18476,"date":"2023-06-19T10:31:32","date_gmt":"2023-06-19T08:31:32","guid":{"rendered":"http:\/\/cedrat-technologies.com\/produit\/pale-active-helicoptere-apa-air-cosmos\/"},"modified":"2023-07-20T11:20:22","modified_gmt":"2023-07-20T09:20:22","slug":"pale-active-helicoptere-apa-air-cosmos","status":"publish","type":"product","link":"https:\/\/cedrat-technologies.com\/fr\/produit\/pale-active-helicoptere-apa-air-cosmos\/","title":{"rendered":"Pale Active Helicoptere APA air cosmos"},"content":{"rendered":"","protected":false},"excerpt":{"rendered":"<p>L&rsquo;Onera participe \u00e0 une recherche tous azimuts pour rendre les h\u00e9licopt\u00e8res plus silencieux. Objectif : un bruit inf\u00e9rieur de 8 dB aux normes de l&rsquo;OACI.<\/p>\n","protected":false},"featured_media":14893,"comment_status":"closed","ping_status":"open","template":"","meta":{"_acf_changed":false,"_seopress_robots_primary_cat":"none","_seopress_titles_title":"","_seopress_titles_desc":"","_seopress_robots_index":"yes"},"product_brand":[],"product_cat":[1383,1385,1464],"product_tag":[],"class_list":{"0":"post-18476","1":"product","2":"type-product","3":"status-publish","4":"has-post-thumbnail","6":"product_cat-actionneurs-lineaires","7":"product_cat-actionneurs-piezo-fr","8":"product_cat-publications-fr","10":"first","11":"instock","12":"downloadable","13":"virtual","14":"purchasable","15":"product-type-simple"},"acf":[],"_links":{"self":[{"href":"https:\/\/cedrat-technologies.com\/fr\/wp-json\/wp\/v2\/product\/18476","targetHints":{"allow":["GET"]}}],"collection":[{"href":"https:\/\/cedrat-technologies.com\/fr\/wp-json\/wp\/v2\/product"}],"about":[{"href":"https:\/\/cedrat-technologies.com\/fr\/wp-json\/wp\/v2\/types\/product"}],"replies":[{"embeddable":true,"href":"https:\/\/cedrat-technologies.com\/fr\/wp-json\/wp\/v2\/comments?post=18476"}],"version-history":[{"count":0,"href":"https:\/\/cedrat-technologies.com\/fr\/wp-json\/wp\/v2\/product\/18476\/revisions"}],"wp:featuredmedia":[{"embeddable":true,"href":"https:\/\/cedrat-technologies.com\/fr\/wp-json\/wp\/v2\/media\/14893"}],"wp:attachment":[{"href":"https:\/\/cedrat-technologies.com\/fr\/wp-json\/wp\/v2\/media?parent=18476"}],"wp:term":[{"taxonomy":"product_brand","embeddable":true,"href":"https:\/\/cedrat-technologies.com\/fr\/wp-json\/wp\/v2\/product_brand?post=18476"},{"taxonomy":"product_cat","embeddable":true,"href":"https:\/\/cedrat-technologies.com\/fr\/wp-json\/wp\/v2\/product_cat?post=18476"},{"taxonomy":"product_tag","embeddable":true,"href":"https:\/\/cedrat-technologies.com\/fr\/wp-json\/wp\/v2\/product_tag?post=18476"}],"curies":[{"name":"wp","href":"https:\/\/api.w.org\/{rel}","templated":true}]}}