{"id":18474,"date":"2020-02-06T00:00:00","date_gmt":"2020-02-05T23:00:00","guid":{"rendered":"http:\/\/cedrat-technologies.com\/produit\/progres-continus-dans-le-domaine-des-actionneurs-de-regulation-de-debit-et-de-lelectronique-de-commande-necessaire\/"},"modified":"2023-07-20T11:22:15","modified_gmt":"2023-07-20T09:22:15","slug":"progres-continus-dans-le-domaine-des-actionneurs-de-regulation-de-debit-et-de-lelectronique-de-commande-necessaire","status":"publish","type":"product","link":"https:\/\/cedrat-technologies.com\/fr\/produit\/progres-continus-dans-le-domaine-des-actionneurs-de-regulation-de-debit-et-de-lelectronique-de-commande-necessaire\/","title":{"rendered":"Progr\u00e8s continus dans le domaine des actionneurs de r\u00e9gulation de d\u00e9bit et de l&rsquo;\u00e9lectronique de commande n\u00e9cessaire"},"content":{"rendered":"","protected":false},"excerpt":{"rendered":"<p>Dans le cadre des projets Cleansky 2 SYNJET3C et FLOCOS, CEDRAT TECHNOLOGIES (CTEC) et TRISITEC collaborent avec les instituts FRAUNHOFER et ONERA, deux leaders europ\u00e9ens dans le d\u00e9veloppement d&rsquo;actionneurs \u00e0 jet synth\u00e9tique (SJA) pour des applications a\u00e9rospatiales. Alors que le projet SYNJET3C est consacr\u00e9 \u00e0 la conception et \u00e0 l&rsquo;optimisation m\u00e9canique des SJA, ainsi qu&rsquo;aux essais, notamment en soufflerie, le projet FLOCOS est consacr\u00e9 \u00e0 la conception et \u00e0 la fabrication d&rsquo;un syst\u00e8me d&rsquo;entra\u00eenement \u00e9lectronique sp\u00e9cifique des SJA, appel\u00e9 SADS (Synthetic Jet Actuator Drive System).<\/p>\n","protected":false},"featured_media":15082,"comment_status":"closed","ping_status":"open","template":"","meta":{"_acf_changed":false,"_seopress_robots_primary_cat":"none","_seopress_titles_title":"","_seopress_titles_desc":"","_seopress_robots_index":"yes"},"product_brand":[],"product_cat":[1395,1394,1491,1405,1404,1464,1403],"product_tag":[],"class_list":{"0":"post-18474","1":"product","2":"type-product","3":"status-publish","4":"has-post-thumbnail","6":"product_cat-controle-actif-de-flux","7":"product_cat-dispositifs-electro-fluidique","8":"product_cat-domaine-fr","9":"product_cat-electroniques-de-puissance","10":"product_cat-pilotage-controle","11":"product_cat-publications-fr","12":"product_cat-systemes-mecatroniques","14":"first","15":"instock","16":"downloadable","17":"virtual","18":"purchasable","19":"product-type-simple"},"acf":[],"_links":{"self":[{"href":"https:\/\/cedrat-technologies.com\/fr\/wp-json\/wp\/v2\/product\/18474","targetHints":{"allow":["GET"]}}],"collection":[{"href":"https:\/\/cedrat-technologies.com\/fr\/wp-json\/wp\/v2\/product"}],"about":[{"href":"https:\/\/cedrat-technologies.com\/fr\/wp-json\/wp\/v2\/types\/product"}],"replies":[{"embeddable":true,"href":"https:\/\/cedrat-technologies.com\/fr\/wp-json\/wp\/v2\/comments?post=18474"}],"version-history":[{"count":0,"href":"https:\/\/cedrat-technologies.com\/fr\/wp-json\/wp\/v2\/product\/18474\/revisions"}],"wp:featuredmedia":[{"embeddable":true,"href":"https:\/\/cedrat-technologies.com\/fr\/wp-json\/wp\/v2\/media\/15082"}],"wp:attachment":[{"href":"https:\/\/cedrat-technologies.com\/fr\/wp-json\/wp\/v2\/media?parent=18474"}],"wp:term":[{"taxonomy":"product_brand","embeddable":true,"href":"https:\/\/cedrat-technologies.com\/fr\/wp-json\/wp\/v2\/product_brand?post=18474"},{"taxonomy":"product_cat","embeddable":true,"href":"https:\/\/cedrat-technologies.com\/fr\/wp-json\/wp\/v2\/product_cat?post=18474"},{"taxonomy":"product_tag","embeddable":true,"href":"https:\/\/cedrat-technologies.com\/fr\/wp-json\/wp\/v2\/product_tag?post=18474"}],"curies":[{"name":"wp","href":"https:\/\/api.w.org\/{rel}","templated":true}]}}