{"id":18473,"date":"2023-06-19T10:31:32","date_gmt":"2023-06-19T08:31:32","guid":{"rendered":"http:\/\/cedrat-technologies.com\/produit\/mesure-non-invasive-de-la-rigidite-de-lhumeur-vitree-chez-la-souris-par-elastographie-rm\/"},"modified":"2023-07-20T11:20:23","modified_gmt":"2023-07-20T09:20:23","slug":"mesure-non-invasive-de-la-rigidite-de-lhumeur-vitree-chez-la-souris-par-elastographie-rm","status":"publish","type":"product","link":"https:\/\/cedrat-technologies.com\/fr\/produit\/mesure-non-invasive-de-la-rigidite-de-lhumeur-vitree-chez-la-souris-par-elastographie-rm\/","title":{"rendered":"Mesure non invasive de la rigidit\u00e9 de l&rsquo;humeur vitr\u00e9e chez la souris par \u00e9lastographie RM"},"content":{"rendered":"","protected":false},"excerpt":{"rendered":"<p>L&rsquo;\u00e9lastographie par r\u00e9sonance magn\u00e9tique (ERM) permet d&rsquo;effectuer des mesures non invasives de la rigidit\u00e9 (module \u00e9lastique) des tissus biologiques in vivo. De nombreuses \u00e9tudes ont illustr\u00e9 la polyvalence de l&rsquo;ERM ; des estimations de la rigidit\u00e9 ont \u00e9t\u00e9 obtenues \u00e0 partir du foie, du muscle, du sein, du cerveau et du c\u0153ur. La sant\u00e9 ou la maladie d&rsquo;un tissu est souvent indiqu\u00e9e par sa rigidit\u00e9. Dans de nombreux cas, la sant\u00e9 des tissus est d\u00e9termin\u00e9e par une biopsie invasive, qui peut entra\u00eener une g\u00eane et divers risques pour le patient. Les proc\u00e9dures non invasives, telles que la palpation, sont qualitatives, souffrent de la variabilit\u00e9 d&rsquo;un patient \u00e0 l&rsquo;autre et sont impossibles dans les tissus profonds. En outre, ces mesures ne donnent souvent des r\u00e9sultats que dans des r\u00e9gions localis\u00e9es. Cependant, avec le d\u00e9veloppement continu de l&rsquo;\u00e9quipement et des protocoles d&rsquo;ERM, les mesures r\u00e9gionales non invasives de la rigidit\u00e9 deviennent possibles dans la plupart des tissus mous. Dans cette \u00e9tude, nous d\u00e9montrons la mesure de la perte et du module de stockage de l&rsquo;humeur vitr\u00e9e de l&rsquo;\u0153il de souris en utilisant l&rsquo;\u00e9lastographie par RM de mani\u00e8re non invasive, in vivo.<\/p>\n","protected":false},"featured_media":15079,"comment_status":"closed","ping_status":"open","template":"","meta":{"_acf_changed":false,"_seopress_robots_primary_cat":"none","_seopress_titles_title":"","_seopress_titles_desc":"","_seopress_robots_index":"yes"},"product_brand":[],"product_cat":[1383,1385,1492,1491,1464],"product_tag":[],"class_list":{"0":"post-18473","1":"product","2":"type-product","3":"status-publish","4":"has-post-thumbnail","6":"product_cat-actionneurs-lineaires","7":"product_cat-actionneurs-piezo-fr","8":"product_cat-biomedical-assistance-personnelle-fr","9":"product_cat-domaine-fr","10":"product_cat-publications-fr","12":"first","13":"instock","14":"downloadable","15":"virtual","16":"purchasable","17":"product-type-simple"},"acf":[],"_links":{"self":[{"href":"https:\/\/cedrat-technologies.com\/fr\/wp-json\/wp\/v2\/product\/18473","targetHints":{"allow":["GET"]}}],"collection":[{"href":"https:\/\/cedrat-technologies.com\/fr\/wp-json\/wp\/v2\/product"}],"about":[{"href":"https:\/\/cedrat-technologies.com\/fr\/wp-json\/wp\/v2\/types\/product"}],"replies":[{"embeddable":true,"href":"https:\/\/cedrat-technologies.com\/fr\/wp-json\/wp\/v2\/comments?post=18473"}],"version-history":[{"count":0,"href":"https:\/\/cedrat-technologies.com\/fr\/wp-json\/wp\/v2\/product\/18473\/revisions"}],"wp:featuredmedia":[{"embeddable":true,"href":"https:\/\/cedrat-technologies.com\/fr\/wp-json\/wp\/v2\/media\/15079"}],"wp:attachment":[{"href":"https:\/\/cedrat-technologies.com\/fr\/wp-json\/wp\/v2\/media?parent=18473"}],"wp:term":[{"taxonomy":"product_brand","embeddable":true,"href":"https:\/\/cedrat-technologies.com\/fr\/wp-json\/wp\/v2\/product_brand?post=18473"},{"taxonomy":"product_cat","embeddable":true,"href":"https:\/\/cedrat-technologies.com\/fr\/wp-json\/wp\/v2\/product_cat?post=18473"},{"taxonomy":"product_tag","embeddable":true,"href":"https:\/\/cedrat-technologies.com\/fr\/wp-json\/wp\/v2\/product_tag?post=18473"}],"curies":[{"name":"wp","href":"https:\/\/api.w.org\/{rel}","templated":true}]}}