{"id":18472,"date":"2023-06-19T10:31:32","date_gmt":"2023-06-19T08:31:32","guid":{"rendered":"http:\/\/cedrat-technologies.com\/produit\/nouveau-moteur-piezoelectrique-pour-les-environnements-de-vide-thermique\/"},"modified":"2023-07-20T11:20:23","modified_gmt":"2023-07-20T09:20:23","slug":"nouveau-moteur-piezoelectrique-pour-les-environnements-de-vide-thermique","status":"publish","type":"product","link":"https:\/\/cedrat-technologies.com\/fr\/produit\/nouveau-moteur-piezoelectrique-pour-les-environnements-de-vide-thermique\/","title":{"rendered":"Nouveau moteur pi\u00e9zo\u00e9lectrique pour les environnements de vide thermique"},"content":{"rendered":"","protected":false},"excerpt":{"rendered":"<p>CTEC et F4E ont am\u00e9lior\u00e9 et pr\u00e9qualifi\u00e9 un moteur pi\u00e9zo\u00e9lectrique MSPA, bas\u00e9 sur un mat\u00e9riau secret et capable de fonctionner dans le vide, \u00e0 des temp\u00e9ratures non magn\u00e9tiques ou \u00e9lev\u00e9es et de supporter des radiations. Sa grande fiabilit\u00e9, sa pr\u00e9cision et sa dur\u00e9e de vie font de ce nouveau moteur pi\u00e9zo\u00e9lectrique un outil parfaitement adapt\u00e9 aux applications spatiales, m\u00e9dicales et nucl\u00e9aires.<\/p>\n","protected":false},"featured_media":15076,"comment_status":"closed","ping_status":"open","template":"","meta":{"_acf_changed":false,"_seopress_robots_primary_cat":"none","_seopress_titles_title":"","_seopress_titles_desc":"","_seopress_robots_index":"yes"},"product_brand":[],"product_cat":[1383,1386,1464],"product_tag":[],"class_list":{"0":"post-18472","1":"product","2":"type-product","3":"status-publish","4":"has-post-thumbnail","6":"product_cat-actionneurs-lineaires","7":"product_cat-moteurs-piezo-fr","8":"product_cat-publications-fr","10":"first","11":"instock","12":"downloadable","13":"virtual","14":"purchasable","15":"product-type-simple"},"acf":[],"_links":{"self":[{"href":"https:\/\/cedrat-technologies.com\/fr\/wp-json\/wp\/v2\/product\/18472","targetHints":{"allow":["GET"]}}],"collection":[{"href":"https:\/\/cedrat-technologies.com\/fr\/wp-json\/wp\/v2\/product"}],"about":[{"href":"https:\/\/cedrat-technologies.com\/fr\/wp-json\/wp\/v2\/types\/product"}],"replies":[{"embeddable":true,"href":"https:\/\/cedrat-technologies.com\/fr\/wp-json\/wp\/v2\/comments?post=18472"}],"version-history":[{"count":0,"href":"https:\/\/cedrat-technologies.com\/fr\/wp-json\/wp\/v2\/product\/18472\/revisions"}],"wp:featuredmedia":[{"embeddable":true,"href":"https:\/\/cedrat-technologies.com\/fr\/wp-json\/wp\/v2\/media\/15076"}],"wp:attachment":[{"href":"https:\/\/cedrat-technologies.com\/fr\/wp-json\/wp\/v2\/media?parent=18472"}],"wp:term":[{"taxonomy":"product_brand","embeddable":true,"href":"https:\/\/cedrat-technologies.com\/fr\/wp-json\/wp\/v2\/product_brand?post=18472"},{"taxonomy":"product_cat","embeddable":true,"href":"https:\/\/cedrat-technologies.com\/fr\/wp-json\/wp\/v2\/product_cat?post=18472"},{"taxonomy":"product_tag","embeddable":true,"href":"https:\/\/cedrat-technologies.com\/fr\/wp-json\/wp\/v2\/product_tag?post=18472"}],"curies":[{"name":"wp","href":"https:\/\/api.w.org\/{rel}","templated":true}]}}