{"id":18471,"date":"2023-06-19T10:31:32","date_gmt":"2023-06-19T08:31:32","guid":{"rendered":"http:\/\/cedrat-technologies.com\/produit\/nouveau-paradigme-dans-le-controle-de-la-dynamique-des-systemes-dusinage\/"},"modified":"2023-07-20T11:20:24","modified_gmt":"2023-07-20T09:20:24","slug":"nouveau-paradigme-dans-le-controle-de-la-dynamique-des-systemes-dusinage","status":"publish","type":"product","link":"https:\/\/cedrat-technologies.com\/fr\/produit\/nouveau-paradigme-dans-le-controle-de-la-dynamique-des-systemes-dusinage\/","title":{"rendered":"Nouveau paradigme dans le contr\u00f4le de la dynamique des syst\u00e8mes d&rsquo;usinage"},"content":{"rendered":"","protected":false},"excerpt":{"rendered":"<p>Les composants m\u00e9caniques complexes usin\u00e9s sans aucun d\u00e9faut sont une condition essentielle de la fabrication de pr\u00e9cision et deviennent un nouveau d\u00e9fi pour la prochaine g\u00e9n\u00e9ration de syst\u00e8mes d&rsquo;usinage intelligents. L&rsquo;am\u00e9lioration de la pr\u00e9cision et de l&rsquo;exactitude des machines, des processus et des composants offre des avantages substantiels \u00e0 un large \u00e9ventail d&rsquo;applications, de l&rsquo;ultra-pr\u00e9cision \u00e0 la personnalisation de masse, avec une qualit\u00e9 et une fiabilit\u00e9 accrues. Dans ce contexte, ce document identifie les probl\u00e8mes critiques qui limitent les performances du syst\u00e8me d&rsquo;usinage et les aborde en proposant de nouvelles solutions.<\/p>\n","protected":false},"featured_media":15073,"comment_status":"closed","ping_status":"open","template":"","meta":{"_acf_changed":false,"_seopress_robots_primary_cat":"none","_seopress_titles_title":"","_seopress_titles_desc":"","_seopress_robots_index":"yes"},"product_brand":[],"product_cat":[1383,1385,1491,1497,1464],"product_tag":[],"class_list":{"0":"post-18471","1":"product","2":"type-product","3":"status-publish","4":"has-post-thumbnail","6":"product_cat-actionneurs-lineaires","7":"product_cat-actionneurs-piezo-fr","8":"product_cat-domaine-fr","9":"product_cat-productique-machine-outil-fr","10":"product_cat-publications-fr","12":"first","13":"instock","14":"downloadable","15":"virtual","16":"purchasable","17":"product-type-simple"},"acf":[],"_links":{"self":[{"href":"https:\/\/cedrat-technologies.com\/fr\/wp-json\/wp\/v2\/product\/18471","targetHints":{"allow":["GET"]}}],"collection":[{"href":"https:\/\/cedrat-technologies.com\/fr\/wp-json\/wp\/v2\/product"}],"about":[{"href":"https:\/\/cedrat-technologies.com\/fr\/wp-json\/wp\/v2\/types\/product"}],"replies":[{"embeddable":true,"href":"https:\/\/cedrat-technologies.com\/fr\/wp-json\/wp\/v2\/comments?post=18471"}],"version-history":[{"count":0,"href":"https:\/\/cedrat-technologies.com\/fr\/wp-json\/wp\/v2\/product\/18471\/revisions"}],"wp:featuredmedia":[{"embeddable":true,"href":"https:\/\/cedrat-technologies.com\/fr\/wp-json\/wp\/v2\/media\/15073"}],"wp:attachment":[{"href":"https:\/\/cedrat-technologies.com\/fr\/wp-json\/wp\/v2\/media?parent=18471"}],"wp:term":[{"taxonomy":"product_brand","embeddable":true,"href":"https:\/\/cedrat-technologies.com\/fr\/wp-json\/wp\/v2\/product_brand?post=18471"},{"taxonomy":"product_cat","embeddable":true,"href":"https:\/\/cedrat-technologies.com\/fr\/wp-json\/wp\/v2\/product_cat?post=18471"},{"taxonomy":"product_tag","embeddable":true,"href":"https:\/\/cedrat-technologies.com\/fr\/wp-json\/wp\/v2\/product_tag?post=18471"}],"curies":[{"name":"wp","href":"https:\/\/api.w.org\/{rel}","templated":true}]}}