{"id":18470,"date":"2023-06-19T10:31:32","date_gmt":"2023-06-19T08:31:32","guid":{"rendered":"http:\/\/cedrat-technologies.com\/produit\/nouveaux-developpements-dans-les-actionneurs-piezo-actionneurs-a-longue-course-et-electronique-de-puissance\/"},"modified":"2023-07-20T11:20:24","modified_gmt":"2023-07-20T09:20:24","slug":"nouveaux-developpements-dans-les-actionneurs-piezo-actionneurs-a-longue-course-et-electronique-de-puissance","status":"publish","type":"product","link":"https:\/\/cedrat-technologies.com\/fr\/produit\/nouveaux-developpements-dans-les-actionneurs-piezo-actionneurs-a-longue-course-et-electronique-de-puissance\/","title":{"rendered":"Nouveaux d\u00e9veloppements dans les actionneurs piezo : Actionneurs \u00e0 longue course et \u00e9lectronique de puissance"},"content":{"rendered":"","protected":false},"excerpt":{"rendered":"<p>Dans de nombreux cas, les actionneurs pi\u00e9zo\u00e9lectriques atteignent des limites en termes de d\u00e9placement maximal et de fr\u00e9quence de cycle. La plupart des technologies d&rsquo;actionneurs amplifi\u00e9s peinent \u00e0 d\u00e9passer le millim\u00e8tre de course. En outre, certaines applications en boucle ferm\u00e9e exigent une mesure de la course int\u00e9gr\u00e9e \u00e0 l&rsquo;actionneur. Alors que peu d&rsquo;amplificateurs sur le march\u00e9 peuvent offrir un courant de 20 amp\u00e8res sur quelques 100 ms, le d\u00e9veloppement d&rsquo;unit\u00e9s d&rsquo;alimentation \u00e0 haute puissance se fait parall\u00e8lement \u00e0 l&rsquo;am\u00e9lioration des actionneurs. Cependant, l&rsquo;introduction d&rsquo;alimentations \u00e0 haute puissance pose le probl\u00e8me de l&rsquo;auto-\u00e9chauffement de la c\u00e9ramique pi\u00e9zo\u00e9lectrique. Enfin, les conditions environnementales extr\u00eames en termes de rigueur et de temp\u00e9ratures \u00e9lev\u00e9es doivent \u00eatre prises en compte afin d&rsquo;ouvrir ces march\u00e9s aux actionneurs piezo. Cedrat Technologies a beaucoup \u00e9tudi\u00e9 les solutions permettant de surmonter tous ces inconv\u00e9nients et ces solutions sont pr\u00e9sent\u00e9es ici.<br \/>\npr\u00e9sent\u00e9es ici.<\/p>\n","protected":false},"featured_media":15070,"comment_status":"closed","ping_status":"open","template":"","meta":{"_acf_changed":false,"_seopress_robots_primary_cat":"none","_seopress_titles_title":"","_seopress_titles_desc":"","_seopress_robots_index":"yes"},"product_brand":[],"product_cat":[1383,1385,1491,1499,1411,1412,1404,1497,1464,1403],"product_tag":[],"class_list":{"0":"post-18470","1":"product","2":"type-product","3":"status-publish","4":"has-post-thumbnail","6":"product_cat-actionneurs-lineaires","7":"product_cat-actionneurs-piezo-fr","8":"product_cat-domaine-fr","9":"product_cat-essais-mesures-fr","10":"product_cat-materiaux-essais","11":"product_cat-piezo-fr","12":"product_cat-pilotage-controle","13":"product_cat-productique-machine-outil-fr","14":"product_cat-publications-fr","15":"product_cat-systemes-mecatroniques","17":"first","18":"instock","19":"downloadable","20":"virtual","21":"purchasable","22":"product-type-simple"},"acf":[],"_links":{"self":[{"href":"https:\/\/cedrat-technologies.com\/fr\/wp-json\/wp\/v2\/product\/18470","targetHints":{"allow":["GET"]}}],"collection":[{"href":"https:\/\/cedrat-technologies.com\/fr\/wp-json\/wp\/v2\/product"}],"about":[{"href":"https:\/\/cedrat-technologies.com\/fr\/wp-json\/wp\/v2\/types\/product"}],"replies":[{"embeddable":true,"href":"https:\/\/cedrat-technologies.com\/fr\/wp-json\/wp\/v2\/comments?post=18470"}],"version-history":[{"count":0,"href":"https:\/\/cedrat-technologies.com\/fr\/wp-json\/wp\/v2\/product\/18470\/revisions"}],"wp:featuredmedia":[{"embeddable":true,"href":"https:\/\/cedrat-technologies.com\/fr\/wp-json\/wp\/v2\/media\/15070"}],"wp:attachment":[{"href":"https:\/\/cedrat-technologies.com\/fr\/wp-json\/wp\/v2\/media?parent=18470"}],"wp:term":[{"taxonomy":"product_brand","embeddable":true,"href":"https:\/\/cedrat-technologies.com\/fr\/wp-json\/wp\/v2\/product_brand?post=18470"},{"taxonomy":"product_cat","embeddable":true,"href":"https:\/\/cedrat-technologies.com\/fr\/wp-json\/wp\/v2\/product_cat?post=18470"},{"taxonomy":"product_tag","embeddable":true,"href":"https:\/\/cedrat-technologies.com\/fr\/wp-json\/wp\/v2\/product_tag?post=18470"}],"curies":[{"name":"wp","href":"https:\/\/api.w.org\/{rel}","templated":true}]}}