{"id":18468,"date":"2023-06-19T10:31:32","date_gmt":"2023-06-19T08:31:32","guid":{"rendered":"http:\/\/cedrat-technologies.com\/produit\/nouveaux-actionneurs-pour-les-applications-spatiales-et-aeronautiques\/"},"modified":"2023-07-20T11:20:25","modified_gmt":"2023-07-20T09:20:25","slug":"nouveaux-actionneurs-pour-les-applications-spatiales-et-aeronautiques","status":"publish","type":"product","link":"https:\/\/cedrat-technologies.com\/fr\/produit\/nouveaux-actionneurs-pour-les-applications-spatiales-et-aeronautiques\/","title":{"rendered":"Nouveaux actionneurs pour les applications spatiales et a\u00e9ronautiques"},"content":{"rendered":"","protected":false},"excerpt":{"rendered":"<p>Les nouveaux syst\u00e8mes d&rsquo;actionnement sont le moteur de l&rsquo;innovation dans l&rsquo;industrie a\u00e9rospatiale. Dans l&rsquo;industrie a\u00e9ronautique, la technologie EHA a \u00e9t\u00e9 r\u00e9cemment introduite, illustrant le courant d&rsquo;innovation visant \u00e0 am\u00e9liorer les performances, la fiabilit\u00e9 et l&rsquo;\u00e9conomie. D&rsquo;un autre c\u00f4t\u00e9, il y a le concept radical d&rsquo;une aile morphing qui permet d&rsquo;optimiser consid\u00e9rablement l&rsquo;a\u00e9rodynamisme d&rsquo;un avion par le contr\u00f4le de la forme. Le contr\u00f4le actif du rotor utilisant l&rsquo;actionneurs piezo s&rsquo;est av\u00e9r\u00e9 tr\u00e8s efficace pour la r\u00e9duction des vibrations et du bruit lors des essais en vol des h\u00e9licopt\u00e8res, ce qui inspire confiance dans la technologie des structures intelligentes.<\/p>\n","protected":false},"featured_media":15064,"comment_status":"closed","ping_status":"open","template":"","meta":{"_acf_changed":false,"_seopress_robots_primary_cat":"none","_seopress_titles_title":"","_seopress_titles_desc":"","_seopress_robots_index":"yes"},"product_brand":[],"product_cat":[1383,1385,1491,1390,1464],"product_tag":[],"class_list":{"0":"post-18468","1":"product","2":"type-product","3":"status-publish","4":"has-post-thumbnail","6":"product_cat-actionneurs-lineaires","7":"product_cat-actionneurs-piezo-fr","8":"product_cat-domaine-fr","9":"product_cat-mecanismes","10":"product_cat-publications-fr","12":"first","13":"instock","14":"downloadable","15":"virtual","16":"purchasable","17":"product-type-simple"},"acf":[],"_links":{"self":[{"href":"https:\/\/cedrat-technologies.com\/fr\/wp-json\/wp\/v2\/product\/18468","targetHints":{"allow":["GET"]}}],"collection":[{"href":"https:\/\/cedrat-technologies.com\/fr\/wp-json\/wp\/v2\/product"}],"about":[{"href":"https:\/\/cedrat-technologies.com\/fr\/wp-json\/wp\/v2\/types\/product"}],"replies":[{"embeddable":true,"href":"https:\/\/cedrat-technologies.com\/fr\/wp-json\/wp\/v2\/comments?post=18468"}],"version-history":[{"count":0,"href":"https:\/\/cedrat-technologies.com\/fr\/wp-json\/wp\/v2\/product\/18468\/revisions"}],"wp:featuredmedia":[{"embeddable":true,"href":"https:\/\/cedrat-technologies.com\/fr\/wp-json\/wp\/v2\/media\/15064"}],"wp:attachment":[{"href":"https:\/\/cedrat-technologies.com\/fr\/wp-json\/wp\/v2\/media?parent=18468"}],"wp:term":[{"taxonomy":"product_brand","embeddable":true,"href":"https:\/\/cedrat-technologies.com\/fr\/wp-json\/wp\/v2\/product_brand?post=18468"},{"taxonomy":"product_cat","embeddable":true,"href":"https:\/\/cedrat-technologies.com\/fr\/wp-json\/wp\/v2\/product_cat?post=18468"},{"taxonomy":"product_tag","embeddable":true,"href":"https:\/\/cedrat-technologies.com\/fr\/wp-json\/wp\/v2\/product_tag?post=18468"}],"curies":[{"name":"wp","href":"https:\/\/api.w.org\/{rel}","templated":true}]}}