{"id":18467,"date":"2023-06-19T10:31:32","date_gmt":"2023-06-19T08:31:32","guid":{"rendered":"http:\/\/cedrat-technologies.com\/produit\/nouveaux-actionneurs-pour-les-applications-aeronautiques-spatiales-et-militaires\/"},"modified":"2023-07-20T11:20:26","modified_gmt":"2023-07-20T09:20:26","slug":"nouveaux-actionneurs-pour-les-applications-aeronautiques-spatiales-et-militaires","status":"publish","type":"product","link":"https:\/\/cedrat-technologies.com\/fr\/produit\/nouveaux-actionneurs-pour-les-applications-aeronautiques-spatiales-et-militaires\/","title":{"rendered":"Nouveaux actionneurs pour les applications a\u00e9ronautiques, spatiales et militaires"},"content":{"rendered":"","protected":false},"excerpt":{"rendered":"<p>L&rsquo;actionnement est utilis\u00e9 dans tous les v\u00e9hicules (avions, engins spatiaux, v\u00e9hicules terrestres, etc.) pour contr\u00f4ler la position et\/ou l&rsquo;attitude du v\u00e9hicule, ainsi que pour d\u00e9ployer ou r\u00e9tracter des \u00e9quipements, en particulier pour les instruments optiques embarqu\u00e9s (cam\u00e9ras, t\u00e9lescopes). En tant que tel, l&rsquo;actionnement est un syst\u00e8me critique pour la s\u00e9curit\u00e9, en particulier lorsque des humains peuvent \u00eatre affect\u00e9s de mani\u00e8re catastrophique par des d\u00e9faillances au sein du syst\u00e8me. Les applications d&rsquo;actionnement sont les commandes de vol, le train d&rsquo;atterrissage, les rotors, la suspension, l&rsquo;orientation des antennes, les vannes, le balayage, le positionnement \u00e0 l&rsquo;aide d&rsquo;actionneurs hydrauliques, \u00e9lectrom\u00e9caniques, magn\u00e9tiques et piezo. Dans les avions, l&rsquo;objectif commun est de r\u00e9duire le nombre d&rsquo;actionneurs hydrauliques dans les v\u00e9hicules et, \u00e0 terme, de les remplacer compl\u00e8tement par des actionneurs \u00e9lectriques.<\/p>\n","protected":false},"featured_media":15061,"comment_status":"closed","ping_status":"open","template":"","meta":{"_acf_changed":false,"_seopress_robots_primary_cat":"none","_seopress_titles_title":"","_seopress_titles_desc":"","_seopress_robots_index":"yes"},"product_brand":[],"product_cat":[1383,1388,1385,1491,1390,1406,1386,1464,1403],"product_tag":[],"class_list":{"0":"post-18467","1":"product","2":"type-product","3":"status-publish","4":"has-post-thumbnail","6":"product_cat-actionneurs-lineaires","7":"product_cat-actionneurs-mrf","8":"product_cat-actionneurs-piezo-fr","9":"product_cat-domaine-fr","10":"product_cat-mecanismes","11":"product_cat-micropositionnement","12":"product_cat-moteurs-piezo-fr","13":"product_cat-publications-fr","14":"product_cat-systemes-mecatroniques","16":"first","17":"instock","18":"downloadable","19":"virtual","20":"purchasable","21":"product-type-simple"},"acf":[],"_links":{"self":[{"href":"https:\/\/cedrat-technologies.com\/fr\/wp-json\/wp\/v2\/product\/18467","targetHints":{"allow":["GET"]}}],"collection":[{"href":"https:\/\/cedrat-technologies.com\/fr\/wp-json\/wp\/v2\/product"}],"about":[{"href":"https:\/\/cedrat-technologies.com\/fr\/wp-json\/wp\/v2\/types\/product"}],"replies":[{"embeddable":true,"href":"https:\/\/cedrat-technologies.com\/fr\/wp-json\/wp\/v2\/comments?post=18467"}],"version-history":[{"count":0,"href":"https:\/\/cedrat-technologies.com\/fr\/wp-json\/wp\/v2\/product\/18467\/revisions"}],"wp:featuredmedia":[{"embeddable":true,"href":"https:\/\/cedrat-technologies.com\/fr\/wp-json\/wp\/v2\/media\/15061"}],"wp:attachment":[{"href":"https:\/\/cedrat-technologies.com\/fr\/wp-json\/wp\/v2\/media?parent=18467"}],"wp:term":[{"taxonomy":"product_brand","embeddable":true,"href":"https:\/\/cedrat-technologies.com\/fr\/wp-json\/wp\/v2\/product_brand?post=18467"},{"taxonomy":"product_cat","embeddable":true,"href":"https:\/\/cedrat-technologies.com\/fr\/wp-json\/wp\/v2\/product_cat?post=18467"},{"taxonomy":"product_tag","embeddable":true,"href":"https:\/\/cedrat-technologies.com\/fr\/wp-json\/wp\/v2\/product_tag?post=18467"}],"curies":[{"name":"wp","href":"https:\/\/api.w.org\/{rel}","templated":true}]}}