{"id":18466,"date":"2008-01-07T00:00:00","date_gmt":"2008-01-06T23:00:00","guid":{"rendered":"http:\/\/cedrat-technologies.com\/produit\/nouveaux-actionneurs-pour-les-applications-aeronautiques-et-spatiales\/"},"modified":"2023-07-20T11:22:25","modified_gmt":"2023-07-20T09:22:25","slug":"nouveaux-actionneurs-pour-les-applications-aeronautiques-et-spatiales","status":"publish","type":"product","link":"https:\/\/cedrat-technologies.com\/fr\/produit\/nouveaux-actionneurs-pour-les-applications-aeronautiques-et-spatiales\/","title":{"rendered":"Nouveaux actionneurs pour les applications a\u00e9ronautiques et spatiales"},"content":{"rendered":"","protected":false},"excerpt":{"rendered":"<p>Les actionneurs sont des \u00e9l\u00e9ments cl\u00e9s des avions et des engins spatiaux. Ces derni\u00e8res ann\u00e9es, le concept d&rsquo;avion plus \u00e9lectrique a pouss\u00e9 au d\u00e9veloppement de syst\u00e8mes d&rsquo;actionnement \u00e9lectrique pour remplacer les actionneurs hydrauliques utilis\u00e9s jusqu&rsquo;\u00e0 pr\u00e9sent dans une large gamme d&rsquo;applications telles que les commandes de vol, le train d&rsquo;atterrissage et l&rsquo;actionnement des freins.<\/p>\n","protected":false},"featured_media":15058,"comment_status":"closed","ping_status":"open","template":"","meta":{"_acf_changed":false,"_seopress_robots_primary_cat":"none","_seopress_titles_title":"","_seopress_titles_desc":"","_seopress_robots_index":"yes"},"product_brand":[],"product_cat":[1383,1385,1395,1493,1394,1491,1406,1464,1403],"product_tag":[],"class_list":{"0":"post-18466","1":"product","2":"type-product","3":"status-publish","4":"has-post-thumbnail","6":"product_cat-actionneurs-lineaires","7":"product_cat-actionneurs-piezo-fr","8":"product_cat-controle-actif-de-flux","9":"product_cat-defense-fr","10":"product_cat-dispositifs-electro-fluidique","11":"product_cat-domaine-fr","12":"product_cat-micropositionnement","13":"product_cat-publications-fr","14":"product_cat-systemes-mecatroniques","16":"first","17":"instock","18":"downloadable","19":"virtual","20":"purchasable","21":"product-type-simple"},"acf":[],"_links":{"self":[{"href":"https:\/\/cedrat-technologies.com\/fr\/wp-json\/wp\/v2\/product\/18466","targetHints":{"allow":["GET"]}}],"collection":[{"href":"https:\/\/cedrat-technologies.com\/fr\/wp-json\/wp\/v2\/product"}],"about":[{"href":"https:\/\/cedrat-technologies.com\/fr\/wp-json\/wp\/v2\/types\/product"}],"replies":[{"embeddable":true,"href":"https:\/\/cedrat-technologies.com\/fr\/wp-json\/wp\/v2\/comments?post=18466"}],"version-history":[{"count":0,"href":"https:\/\/cedrat-technologies.com\/fr\/wp-json\/wp\/v2\/product\/18466\/revisions"}],"wp:featuredmedia":[{"embeddable":true,"href":"https:\/\/cedrat-technologies.com\/fr\/wp-json\/wp\/v2\/media\/15058"}],"wp:attachment":[{"href":"https:\/\/cedrat-technologies.com\/fr\/wp-json\/wp\/v2\/media?parent=18466"}],"wp:term":[{"taxonomy":"product_brand","embeddable":true,"href":"https:\/\/cedrat-technologies.com\/fr\/wp-json\/wp\/v2\/product_brand?post=18466"},{"taxonomy":"product_cat","embeddable":true,"href":"https:\/\/cedrat-technologies.com\/fr\/wp-json\/wp\/v2\/product_cat?post=18466"},{"taxonomy":"product_tag","embeddable":true,"href":"https:\/\/cedrat-technologies.com\/fr\/wp-json\/wp\/v2\/product_tag?post=18466"}],"curies":[{"name":"wp","href":"https:\/\/api.w.org\/{rel}","templated":true}]}}