{"id":18465,"date":"2023-06-19T10:31:32","date_gmt":"2023-06-19T08:31:32","guid":{"rendered":"http:\/\/cedrat-technologies.com\/produit\/nasa-arc-manipulation-novatrice-des-echantillons-pour-lanalyse-xrd\/"},"modified":"2023-07-20T11:20:26","modified_gmt":"2023-07-20T09:20:26","slug":"nasa-arc-manipulation-novatrice-des-echantillons-pour-lanalyse-xrd","status":"publish","type":"product","link":"https:\/\/cedrat-technologies.com\/fr\/produit\/nasa-arc-manipulation-novatrice-des-echantillons-pour-lanalyse-xrd\/","title":{"rendered":"NASA ARC Manipulation novatrice des \u00e9chantillons pour l&rsquo;analyse XRD"},"content":{"rendered":"","protected":false},"excerpt":{"rendered":"<p>La pr\u00e9paration et la manipulation des \u00e9chantillons font partie des op\u00e9rations les plus critiques associ\u00e9es \u00e0 l&rsquo;analyse par diffraction des rayons X (XRD). Ces op\u00e9rations requi\u00e8rent de l&rsquo;attention dans un environnement de laboratoire, mais elles deviennent une contrainte majeure dans le d\u00e9ploiement d&rsquo;instruments XRD pour l&rsquo;exploration robotique des plan\u00e8tes. Nous d\u00e9veloppons un nouveau syst\u00e8me de manipulation des \u00e9chantillons qui assouplit consid\u00e9rablement les contraintes li\u00e9es \u00e0 la pr\u00e9paration des \u00e9chantillons en permettant la caract\u00e9risation de mat\u00e9riaux \u00e0 gros grains qu&rsquo;il serait normalement impossible d&rsquo;analyser \u00e0 l&rsquo;aide des techniques conventionnelles de XRD des poudres.<\/p>\n","protected":false},"featured_media":15055,"comment_status":"closed","ping_status":"open","template":"","meta":{"_acf_changed":false,"_seopress_robots_primary_cat":"none","_seopress_titles_title":"","_seopress_titles_desc":"","_seopress_robots_index":"yes"},"product_brand":[],"product_cat":[1383,1385,1491,1464],"product_tag":[],"class_list":{"0":"post-18465","1":"product","2":"type-product","3":"status-publish","4":"has-post-thumbnail","6":"product_cat-actionneurs-lineaires","7":"product_cat-actionneurs-piezo-fr","8":"product_cat-domaine-fr","9":"product_cat-publications-fr","11":"first","12":"instock","13":"downloadable","14":"virtual","15":"purchasable","16":"product-type-simple"},"acf":[],"_links":{"self":[{"href":"https:\/\/cedrat-technologies.com\/fr\/wp-json\/wp\/v2\/product\/18465","targetHints":{"allow":["GET"]}}],"collection":[{"href":"https:\/\/cedrat-technologies.com\/fr\/wp-json\/wp\/v2\/product"}],"about":[{"href":"https:\/\/cedrat-technologies.com\/fr\/wp-json\/wp\/v2\/types\/product"}],"replies":[{"embeddable":true,"href":"https:\/\/cedrat-technologies.com\/fr\/wp-json\/wp\/v2\/comments?post=18465"}],"version-history":[{"count":0,"href":"https:\/\/cedrat-technologies.com\/fr\/wp-json\/wp\/v2\/product\/18465\/revisions"}],"wp:featuredmedia":[{"embeddable":true,"href":"https:\/\/cedrat-technologies.com\/fr\/wp-json\/wp\/v2\/media\/15055"}],"wp:attachment":[{"href":"https:\/\/cedrat-technologies.com\/fr\/wp-json\/wp\/v2\/media?parent=18465"}],"wp:term":[{"taxonomy":"product_brand","embeddable":true,"href":"https:\/\/cedrat-technologies.com\/fr\/wp-json\/wp\/v2\/product_brand?post=18465"},{"taxonomy":"product_cat","embeddable":true,"href":"https:\/\/cedrat-technologies.com\/fr\/wp-json\/wp\/v2\/product_cat?post=18465"},{"taxonomy":"product_tag","embeddable":true,"href":"https:\/\/cedrat-technologies.com\/fr\/wp-json\/wp\/v2\/product_tag?post=18465"}],"curies":[{"name":"wp","href":"https:\/\/api.w.org\/{rel}","templated":true}]}}