{"id":18464,"date":"2023-06-19T10:31:32","date_gmt":"2023-06-19T08:31:32","guid":{"rendered":"http:\/\/cedrat-technologies.com\/produit\/positionnement-nanometrique-avec-actionneurs-piezo-et-jauges-de-contrainte-a-haute-stabilite\/"},"modified":"2023-07-20T11:20:26","modified_gmt":"2023-07-20T09:20:26","slug":"positionnement-nanometrique-avec-actionneurs-piezo-et-jauges-de-contrainte-a-haute-stabilite","status":"publish","type":"product","link":"https:\/\/cedrat-technologies.com\/fr\/produit\/positionnement-nanometrique-avec-actionneurs-piezo-et-jauges-de-contrainte-a-haute-stabilite\/","title":{"rendered":"Positionnement nanom\u00e9trique avec actionneurs piezo et jauges de contrainte \u00e0 haute stabilit\u00e9"},"content":{"rendered":"","protected":false},"excerpt":{"rendered":"<p>De nombreuses applications exigent une stabilit\u00e9 de position \u00e0 long terme, ce qui renvoie \u00e0 la notion de pr\u00e9cision absolue dans le temps. Jusqu&rsquo;\u00e0 pr\u00e9sent, la stabilit\u00e9 \u00e0 long terme des jauges de contrainte (SG) pour la mesure de la position \u00e9tait sujette \u00e0 caution. Gr\u00e2ce \u00e0 son vaste savoir-faire en mati\u00e8re d&rsquo;int\u00e9gration des jauges de contrainte et \u00e0 un nouvel \u00e9quipement d&rsquo;instrumentation, Cedrat Technologies a r\u00e9ussi \u00e0 d\u00e9montrer la stabilit\u00e9 nanom\u00e9trique de la position d&rsquo;un m\u00e9canisme pi\u00e9zo\u00e9lectrique en boucle ferm\u00e9e avec des capteurs \u00e0 jauges de contrainte int\u00e9gr\u00e9s. Cette technologie ouvre un large \u00e9ventail de nouvelles possibilit\u00e9s pour les applications industrielles, a\u00e9ronautiques et spatiales.<\/p>\n","protected":false},"featured_media":15052,"comment_status":"closed","ping_status":"open","template":"","meta":{"_acf_changed":false,"_seopress_robots_primary_cat":"none","_seopress_titles_title":"","_seopress_titles_desc":"","_seopress_robots_index":"yes"},"product_brand":[],"product_cat":[1383,1384,1416,1491,1495,1406,1386,1464,1403],"product_tag":[],"class_list":{"0":"post-18464","1":"product","2":"type-product","3":"status-publish","4":"has-post-thumbnail","6":"product_cat-actionneurs-lineaires","7":"product_cat-actionneurs-lineaires-magnetiques","8":"product_cat-capteurs-fr","9":"product_cat-domaine-fr","10":"product_cat-instrumentation-optique-fr","11":"product_cat-micropositionnement","12":"product_cat-moteurs-piezo-fr","13":"product_cat-publications-fr","14":"product_cat-systemes-mecatroniques","16":"first","17":"instock","18":"downloadable","19":"virtual","20":"purchasable","21":"product-type-simple"},"acf":[],"_links":{"self":[{"href":"https:\/\/cedrat-technologies.com\/fr\/wp-json\/wp\/v2\/product\/18464","targetHints":{"allow":["GET"]}}],"collection":[{"href":"https:\/\/cedrat-technologies.com\/fr\/wp-json\/wp\/v2\/product"}],"about":[{"href":"https:\/\/cedrat-technologies.com\/fr\/wp-json\/wp\/v2\/types\/product"}],"replies":[{"embeddable":true,"href":"https:\/\/cedrat-technologies.com\/fr\/wp-json\/wp\/v2\/comments?post=18464"}],"version-history":[{"count":0,"href":"https:\/\/cedrat-technologies.com\/fr\/wp-json\/wp\/v2\/product\/18464\/revisions"}],"wp:featuredmedia":[{"embeddable":true,"href":"https:\/\/cedrat-technologies.com\/fr\/wp-json\/wp\/v2\/media\/15052"}],"wp:attachment":[{"href":"https:\/\/cedrat-technologies.com\/fr\/wp-json\/wp\/v2\/media?parent=18464"}],"wp:term":[{"taxonomy":"product_brand","embeddable":true,"href":"https:\/\/cedrat-technologies.com\/fr\/wp-json\/wp\/v2\/product_brand?post=18464"},{"taxonomy":"product_cat","embeddable":true,"href":"https:\/\/cedrat-technologies.com\/fr\/wp-json\/wp\/v2\/product_cat?post=18464"},{"taxonomy":"product_tag","embeddable":true,"href":"https:\/\/cedrat-technologies.com\/fr\/wp-json\/wp\/v2\/product_tag?post=18464"}],"curies":[{"name":"wp","href":"https:\/\/api.w.org\/{rel}","templated":true}]}}