{"id":18462,"date":"2023-06-19T10:31:32","date_gmt":"2023-06-19T08:31:32","guid":{"rendered":"http:\/\/cedrat-technologies.com\/produit\/actionneurs-piezo-lineaires-nanometriques-avec-jauges-de-contrainte-integrees-pour-un-positionnement-de-haute-stabilite\/"},"modified":"2023-07-20T11:20:25","modified_gmt":"2023-07-20T09:20:25","slug":"actionneurs-piezo-lineaires-nanometriques-avec-jauges-de-contrainte-integrees-pour-un-positionnement-de-haute-stabilite","status":"publish","type":"product","link":"https:\/\/cedrat-technologies.com\/fr\/produit\/actionneurs-piezo-lineaires-nanometriques-avec-jauges-de-contrainte-integrees-pour-un-positionnement-de-haute-stabilite\/","title":{"rendered":"Actionneurs piezo lin\u00e9aires nanom\u00e9triques avec jauges de contrainte int\u00e9gr\u00e9es pour un positionnement de haute stabilit\u00e9"},"content":{"rendered":"","protected":false},"excerpt":{"rendered":"<p>De nombreuses applications n\u00e9cessitent un m\u00e9canisme capable de r\u00e9gler la position avec une r\u00e9solution nanom\u00e9trique et de maintenir parfaitement cette position pendant une longue p\u00e9riode (plus de plusieurs jours). Pour ces applications, les actionneurs piezo conviennent parfaitement puisqu&rsquo;ils offrent facilement une r\u00e9solution nanom\u00e9trique. Cependant, ils n\u00e9cessitent l&rsquo;utilisation d&rsquo;un capteur de position pour pouvoir maintenir une position stable dans le temps. Jusqu&rsquo;\u00e0 pr\u00e9sent, la stabilit\u00e9 \u00e0 long terme des jauges de contrainte (SG) pour la mesure de la position \u00e9tait douteuse. Gr\u00e2ce \u00e0 son vaste savoir-faire en mati\u00e8re d&rsquo;int\u00e9gration des jauges de contrainte et \u00e0 un nouvel \u00e9quipement d&rsquo;instrumentation, Cedrat Technologies a r\u00e9ussi \u00e0 d\u00e9montrer la capacit\u00e9 d&rsquo;un m\u00e9canisme pi\u00e9zo\u00e9lectrique int\u00e9grant des capteurs \u00e0 jauges de contrainte \u00e0 atteindre une stabilit\u00e9 de position nanom\u00e9trique. Cette technologie ouvre de nouvelles perspectives pour les applications industrielles, a\u00e9ronautiques et spatiales.<\/p>\n","protected":false},"featured_media":15048,"comment_status":"closed","ping_status":"open","template":"","meta":{"_acf_changed":false,"_seopress_robots_primary_cat":"none","_seopress_titles_title":"","_seopress_titles_desc":"","_seopress_robots_index":"yes"},"product_brand":[],"product_cat":[1383,1385,1491,1464],"product_tag":[],"class_list":{"0":"post-18462","1":"product","2":"type-product","3":"status-publish","4":"has-post-thumbnail","6":"product_cat-actionneurs-lineaires","7":"product_cat-actionneurs-piezo-fr","8":"product_cat-domaine-fr","9":"product_cat-publications-fr","11":"first","12":"instock","13":"downloadable","14":"virtual","15":"purchasable","16":"product-type-simple"},"acf":[],"_links":{"self":[{"href":"https:\/\/cedrat-technologies.com\/fr\/wp-json\/wp\/v2\/product\/18462","targetHints":{"allow":["GET"]}}],"collection":[{"href":"https:\/\/cedrat-technologies.com\/fr\/wp-json\/wp\/v2\/product"}],"about":[{"href":"https:\/\/cedrat-technologies.com\/fr\/wp-json\/wp\/v2\/types\/product"}],"replies":[{"embeddable":true,"href":"https:\/\/cedrat-technologies.com\/fr\/wp-json\/wp\/v2\/comments?post=18462"}],"version-history":[{"count":0,"href":"https:\/\/cedrat-technologies.com\/fr\/wp-json\/wp\/v2\/product\/18462\/revisions"}],"wp:featuredmedia":[{"embeddable":true,"href":"https:\/\/cedrat-technologies.com\/fr\/wp-json\/wp\/v2\/media\/15048"}],"wp:attachment":[{"href":"https:\/\/cedrat-technologies.com\/fr\/wp-json\/wp\/v2\/media?parent=18462"}],"wp:term":[{"taxonomy":"product_brand","embeddable":true,"href":"https:\/\/cedrat-technologies.com\/fr\/wp-json\/wp\/v2\/product_brand?post=18462"},{"taxonomy":"product_cat","embeddable":true,"href":"https:\/\/cedrat-technologies.com\/fr\/wp-json\/wp\/v2\/product_cat?post=18462"},{"taxonomy":"product_tag","embeddable":true,"href":"https:\/\/cedrat-technologies.com\/fr\/wp-json\/wp\/v2\/product_tag?post=18462"}],"curies":[{"name":"wp","href":"https:\/\/api.w.org\/{rel}","templated":true}]}}