{"id":18461,"date":"2023-06-19T10:31:32","date_gmt":"2023-06-19T08:31:32","guid":{"rendered":"http:\/\/cedrat-technologies.com\/produit\/moteurs-mspa-pour-mouvements-rotatifs\/"},"modified":"2023-07-20T11:20:25","modified_gmt":"2023-07-20T09:20:25","slug":"moteurs-mspa-pour-mouvements-rotatifs","status":"publish","type":"product","link":"https:\/\/cedrat-technologies.com\/fr\/produit\/moteurs-mspa-pour-mouvements-rotatifs\/","title":{"rendered":"Moteurs MSPA pour mouvements rotatifs"},"content":{"rendered":"","protected":false},"excerpt":{"rendered":"<p>Les actionneurs pi\u00e9zo\u00e9lectriques pas \u00e0 pas modulaires (MSPA) sont des moteurs inertiels fonctionnant selon le principe du stick-slip [1].Les avantages des MSPA rotatifs sont une course illimit\u00e9e, un couple au repos, une haute r\u00e9solution, la compatibilit\u00e9 avec le vide et l&rsquo;absence de magn\u00e9tisme.Cet article pr\u00e9sente les nouveaux d\u00e9veloppements MSPA concernant le mouvement rotatif chez Cedrat Technologies pour les MSPA de taille macro et micro. Ces progr\u00e8s font suite aux investigations techniques pr\u00e9c\u00e9dentes concernant la r\u00e9duction du bruit, la miniaturisation \u00e0 basse tension et l&rsquo;int\u00e9gration des MSPA. Cet article pr\u00e9sente deux moteurs pi\u00e9zo\u00e9lectriques rotatifs: Le premier est un MSPA de taille macro bas\u00e9 sur l&rsquo;APA40SM. Il est con\u00e7u pour fonctionner dans un environnement nucl\u00e9aire: temp\u00e9rature de fonctionnement jusqu&rsquo;\u00e0 70 degr\u00e9s, vide, champ magn\u00e9tique de 5 Tesla et champs de radiation \u00e9lev\u00e9s (puissance de radiation gamma de 3,5 kGy\/h et 500 Mn\/(cm\u00b2)).<br \/>\net 500 Mn\/(cm\u00b2.seconde) de rayonnement neutronique). Le second est un MSPA de taille micro bas\u00e9 sur l&rsquo;APA30uXS. Ce moteur est utilis\u00e9 pour des applications embarqu\u00e9es telles que les volets non magn\u00e9tiques<\/p>\n","protected":false},"featured_media":15045,"comment_status":"closed","ping_status":"open","template":"","meta":{"_acf_changed":false,"_seopress_robots_primary_cat":"none","_seopress_titles_title":"","_seopress_titles_desc":"","_seopress_robots_index":"yes"},"product_brand":[],"product_cat":[1383,1386,1464],"product_tag":[],"class_list":{"0":"post-18461","1":"product","2":"type-product","3":"status-publish","4":"has-post-thumbnail","6":"product_cat-actionneurs-lineaires","7":"product_cat-moteurs-piezo-fr","8":"product_cat-publications-fr","10":"first","11":"instock","12":"downloadable","13":"virtual","14":"purchasable","15":"product-type-simple"},"acf":[],"_links":{"self":[{"href":"https:\/\/cedrat-technologies.com\/fr\/wp-json\/wp\/v2\/product\/18461","targetHints":{"allow":["GET"]}}],"collection":[{"href":"https:\/\/cedrat-technologies.com\/fr\/wp-json\/wp\/v2\/product"}],"about":[{"href":"https:\/\/cedrat-technologies.com\/fr\/wp-json\/wp\/v2\/types\/product"}],"replies":[{"embeddable":true,"href":"https:\/\/cedrat-technologies.com\/fr\/wp-json\/wp\/v2\/comments?post=18461"}],"version-history":[{"count":0,"href":"https:\/\/cedrat-technologies.com\/fr\/wp-json\/wp\/v2\/product\/18461\/revisions"}],"wp:featuredmedia":[{"embeddable":true,"href":"https:\/\/cedrat-technologies.com\/fr\/wp-json\/wp\/v2\/media\/15045"}],"wp:attachment":[{"href":"https:\/\/cedrat-technologies.com\/fr\/wp-json\/wp\/v2\/media?parent=18461"}],"wp:term":[{"taxonomy":"product_brand","embeddable":true,"href":"https:\/\/cedrat-technologies.com\/fr\/wp-json\/wp\/v2\/product_brand?post=18461"},{"taxonomy":"product_cat","embeddable":true,"href":"https:\/\/cedrat-technologies.com\/fr\/wp-json\/wp\/v2\/product_cat?post=18461"},{"taxonomy":"product_tag","embeddable":true,"href":"https:\/\/cedrat-technologies.com\/fr\/wp-json\/wp\/v2\/product_tag?post=18461"}],"curies":[{"name":"wp","href":"https:\/\/api.w.org\/{rel}","templated":true}]}}