{"id":18460,"date":"2023-06-19T10:31:32","date_gmt":"2023-06-19T08:31:32","guid":{"rendered":"http:\/\/cedrat-technologies.com\/produit\/micromoteurs-compatibles-avec-lirm-pour-applications-medicales-et-biomedicales\/"},"modified":"2023-07-20T11:20:22","modified_gmt":"2023-07-20T09:20:22","slug":"micromoteurs-compatibles-avec-lirm-pour-applications-medicales-et-biomedicales","status":"publish","type":"product","link":"https:\/\/cedrat-technologies.com\/fr\/produit\/micromoteurs-compatibles-avec-lirm-pour-applications-medicales-et-biomedicales\/","title":{"rendered":"Micromoteurs compatibles avec l&rsquo;IRM pour applications m\u00e9dicales et biom\u00e9dicales"},"content":{"rendered":"","protected":false},"excerpt":{"rendered":"<p>Les performances offertes par l&rsquo;imagerie par r\u00e9sonance magn\u00e9tique (IRM) sont largement reconnues et utilis\u00e9es par les praticiens. Principalement utilis\u00e9e pour le diagnostic, l&rsquo;IRM devient de plus en plus un outil interventionnel dans la chirurgie classique ou robotique assist\u00e9e par l&rsquo;image. Cependant, les contraintes impos\u00e9es par le champ magn\u00e9tique intense de l&rsquo;IRM et les forts gradients magn\u00e9tiques en termes de mat\u00e9riaux et d&rsquo;architecture constituent souvent des obstacles \u00e0 la robotique guid\u00e9e par IRM. Les concepteurs doivent composer avec les quelques choix qui leur sont offerts pour construire un robot capable de r\u00e9pondre \u00e0 un cahier des charges s\u00e9v\u00e8re, en termes de limitation d&rsquo;espace, de sensibilit\u00e9 au champ magn\u00e9tique et d&rsquo;impact sur l&rsquo;image. Les micromoteurs pi\u00e9zo\u00e9lectriques sont de bons candidats pour r\u00e9pondre \u00e0 ces exigences dans plusieurs domaines d&rsquo;application.<\/p>\n","protected":false},"featured_media":15042,"comment_status":"closed","ping_status":"open","template":"","meta":{"_acf_changed":false,"_seopress_robots_primary_cat":"none","_seopress_titles_title":"","_seopress_titles_desc":"","_seopress_robots_index":"yes"},"product_brand":[],"product_cat":[1383,1492,1491,1386,1464],"product_tag":[],"class_list":{"0":"post-18460","1":"product","2":"type-product","3":"status-publish","4":"has-post-thumbnail","6":"product_cat-actionneurs-lineaires","7":"product_cat-biomedical-assistance-personnelle-fr","8":"product_cat-domaine-fr","9":"product_cat-moteurs-piezo-fr","10":"product_cat-publications-fr","12":"first","13":"instock","14":"downloadable","15":"virtual","16":"purchasable","17":"product-type-simple"},"acf":[],"_links":{"self":[{"href":"https:\/\/cedrat-technologies.com\/fr\/wp-json\/wp\/v2\/product\/18460","targetHints":{"allow":["GET"]}}],"collection":[{"href":"https:\/\/cedrat-technologies.com\/fr\/wp-json\/wp\/v2\/product"}],"about":[{"href":"https:\/\/cedrat-technologies.com\/fr\/wp-json\/wp\/v2\/types\/product"}],"replies":[{"embeddable":true,"href":"https:\/\/cedrat-technologies.com\/fr\/wp-json\/wp\/v2\/comments?post=18460"}],"version-history":[{"count":0,"href":"https:\/\/cedrat-technologies.com\/fr\/wp-json\/wp\/v2\/product\/18460\/revisions"}],"wp:featuredmedia":[{"embeddable":true,"href":"https:\/\/cedrat-technologies.com\/fr\/wp-json\/wp\/v2\/media\/15042"}],"wp:attachment":[{"href":"https:\/\/cedrat-technologies.com\/fr\/wp-json\/wp\/v2\/media?parent=18460"}],"wp:term":[{"taxonomy":"product_brand","embeddable":true,"href":"https:\/\/cedrat-technologies.com\/fr\/wp-json\/wp\/v2\/product_brand?post=18460"},{"taxonomy":"product_cat","embeddable":true,"href":"https:\/\/cedrat-technologies.com\/fr\/wp-json\/wp\/v2\/product_cat?post=18460"},{"taxonomy":"product_tag","embeddable":true,"href":"https:\/\/cedrat-technologies.com\/fr\/wp-json\/wp\/v2\/product_tag?post=18460"}],"curies":[{"name":"wp","href":"https:\/\/api.w.org\/{rel}","templated":true}]}}