{"id":18459,"date":"2008-01-07T00:00:00","date_gmt":"2008-01-06T23:00:00","guid":{"rendered":"http:\/\/cedrat-technologies.com\/produit\/actionneurs-mrf\/"},"modified":"2023-07-20T11:22:24","modified_gmt":"2023-07-20T09:22:24","slug":"actionneurs-mrf","status":"publish","type":"product","link":"https:\/\/cedrat-technologies.com\/fr\/produit\/actionneurs-mrf\/","title":{"rendered":"Actionneurs MRF"},"content":{"rendered":"","protected":false},"excerpt":{"rendered":"<p>Les actionneurs MRF sont de nouveaux composants \u00e9lectrom\u00e9caniques utilisant des fluides magn\u00e9torh\u00e9ologiques (MRF). Ces fluides intelligents se caract\u00e9risent par leur capacit\u00e9 \u00e0 modifier leurs propri\u00e9t\u00e9s rh\u00e9ologiques en fonction du champ magn\u00e9tique appliqu\u00e9. Ils peuvent passer d&rsquo;un \u00e9tat liquide \u00e0 un \u00e9tat presque solide. Cet effet est r\u00e9versible et se produit en quelques millisecondes. Les MRF sont utilis\u00e9es pour cr\u00e9er des amortisseurs contr\u00f4lables, des amortisseurs intelligents ou des freins. Apr\u00e8s avoir d\u00e9velopp\u00e9 plusieurs actionneurs MRF avec une caract\u00e9ristique originale (pr\u00e9sentant une force de blocage au repos), Cedrat Technologies a \u00e9t\u00e9 invit\u00e9 \u00e0 d\u00e9velopper un nouvel amortisseur MRF tr\u00e8s exigeant dont l&rsquo;objectif peut se r\u00e9sumer en quelques mots : \u00ab\u00a0petite taille et force \u00e9lev\u00e9e\u00a0\u00bb.<\/p>\n","protected":false},"featured_media":15039,"comment_status":"closed","ping_status":"open","template":"","meta":{"_acf_changed":false,"_seopress_robots_primary_cat":"none","_seopress_titles_title":"","_seopress_titles_desc":"","_seopress_robots_index":"yes"},"product_brand":[],"product_cat":[1383,1388,1464],"product_tag":[],"class_list":{"0":"post-18459","1":"product","2":"type-product","3":"status-publish","4":"has-post-thumbnail","6":"product_cat-actionneurs-lineaires","7":"product_cat-actionneurs-mrf","8":"product_cat-publications-fr","10":"first","11":"instock","12":"downloadable","13":"virtual","14":"purchasable","15":"product-type-simple"},"acf":[],"_links":{"self":[{"href":"https:\/\/cedrat-technologies.com\/fr\/wp-json\/wp\/v2\/product\/18459","targetHints":{"allow":["GET"]}}],"collection":[{"href":"https:\/\/cedrat-technologies.com\/fr\/wp-json\/wp\/v2\/product"}],"about":[{"href":"https:\/\/cedrat-technologies.com\/fr\/wp-json\/wp\/v2\/types\/product"}],"replies":[{"embeddable":true,"href":"https:\/\/cedrat-technologies.com\/fr\/wp-json\/wp\/v2\/comments?post=18459"}],"version-history":[{"count":0,"href":"https:\/\/cedrat-technologies.com\/fr\/wp-json\/wp\/v2\/product\/18459\/revisions"}],"wp:featuredmedia":[{"embeddable":true,"href":"https:\/\/cedrat-technologies.com\/fr\/wp-json\/wp\/v2\/media\/15039"}],"wp:attachment":[{"href":"https:\/\/cedrat-technologies.com\/fr\/wp-json\/wp\/v2\/media?parent=18459"}],"wp:term":[{"taxonomy":"product_brand","embeddable":true,"href":"https:\/\/cedrat-technologies.com\/fr\/wp-json\/wp\/v2\/product_brand?post=18459"},{"taxonomy":"product_cat","embeddable":true,"href":"https:\/\/cedrat-technologies.com\/fr\/wp-json\/wp\/v2\/product_cat?post=18459"},{"taxonomy":"product_tag","embeddable":true,"href":"https:\/\/cedrat-technologies.com\/fr\/wp-json\/wp\/v2\/product_tag?post=18459"}],"curies":[{"name":"wp","href":"https:\/\/api.w.org\/{rel}","templated":true}]}}