{"id":18457,"date":"2023-06-19T10:31:15","date_gmt":"2023-06-19T08:31:15","guid":{"rendered":"http:\/\/cedrat-technologies.com\/produit\/actionneur-controlable-a-fer-mobile-performances-en-boucle-fermee\/"},"modified":"2023-07-20T11:20:27","modified_gmt":"2023-07-20T09:20:27","slug":"actionneur-controlable-a-fer-mobile-performances-en-boucle-fermee","status":"publish","type":"product","link":"https:\/\/cedrat-technologies.com\/fr\/produit\/actionneur-controlable-a-fer-mobile-performances-en-boucle-fermee\/","title":{"rendered":"Actionneur contr\u00f4lable \u00e0 fer mobile : performances en boucle ferm\u00e9e"},"content":{"rendered":"","protected":false},"excerpt":{"rendered":"<p>L&rsquo;actionneur \u00e0 fer mobile contr\u00f4lable (MICA) est un actionneur hautement contr\u00f4lable. Il poss\u00e8de une partie mobile robuste avec un guidage \u00e9lastique pour une longue dur\u00e9e de vie. L&rsquo;article pr\u00e9sente les performances du MICA lorsqu&rsquo;il est pilot\u00e9 en boucle ferm\u00e9e et montre les r\u00e9sultats impressionnants obtenus par IDEKO sur une fraiseuse SOLARUCE.<\/p>\n","protected":false},"featured_media":14825,"comment_status":"closed","ping_status":"open","template":"","meta":{"_acf_changed":false,"_seopress_robots_primary_cat":"none","_seopress_titles_title":"","_seopress_titles_desc":"","_seopress_robots_index":"yes"},"product_brand":[],"product_cat":[1383,1384,1385,1413,1491,1497,1464],"product_tag":[],"class_list":{"0":"post-18457","1":"product","2":"type-product","3":"status-publish","4":"has-post-thumbnail","6":"product_cat-actionneurs-lineaires","7":"product_cat-actionneurs-lineaires-magnetiques","8":"product_cat-actionneurs-piezo-fr","9":"product_cat-controle-actif-de-vibration","10":"product_cat-domaine-fr","11":"product_cat-productique-machine-outil-fr","12":"product_cat-publications-fr","14":"first","15":"instock","16":"downloadable","17":"virtual","18":"purchasable","19":"product-type-simple"},"acf":[],"_links":{"self":[{"href":"https:\/\/cedrat-technologies.com\/fr\/wp-json\/wp\/v2\/product\/18457","targetHints":{"allow":["GET"]}}],"collection":[{"href":"https:\/\/cedrat-technologies.com\/fr\/wp-json\/wp\/v2\/product"}],"about":[{"href":"https:\/\/cedrat-technologies.com\/fr\/wp-json\/wp\/v2\/types\/product"}],"replies":[{"embeddable":true,"href":"https:\/\/cedrat-technologies.com\/fr\/wp-json\/wp\/v2\/comments?post=18457"}],"version-history":[{"count":0,"href":"https:\/\/cedrat-technologies.com\/fr\/wp-json\/wp\/v2\/product\/18457\/revisions"}],"wp:featuredmedia":[{"embeddable":true,"href":"https:\/\/cedrat-technologies.com\/fr\/wp-json\/wp\/v2\/media\/14825"}],"wp:attachment":[{"href":"https:\/\/cedrat-technologies.com\/fr\/wp-json\/wp\/v2\/media?parent=18457"}],"wp:term":[{"taxonomy":"product_brand","embeddable":true,"href":"https:\/\/cedrat-technologies.com\/fr\/wp-json\/wp\/v2\/product_brand?post=18457"},{"taxonomy":"product_cat","embeddable":true,"href":"https:\/\/cedrat-technologies.com\/fr\/wp-json\/wp\/v2\/product_cat?post=18457"},{"taxonomy":"product_tag","embeddable":true,"href":"https:\/\/cedrat-technologies.com\/fr\/wp-json\/wp\/v2\/product_tag?post=18457"}],"curies":[{"name":"wp","href":"https:\/\/api.w.org\/{rel}","templated":true}]}}