{"id":18456,"date":"2016-01-10T00:00:00","date_gmt":"2016-01-09T23:00:00","guid":{"rendered":"http:\/\/cedrat-technologies.com\/produit\/actionneur-piezoelectrique-pas-a-pas-modulaire-un-moyen-polyvalent-dactionnement-de-micro-positionnement\/"},"modified":"2023-07-20T11:22:20","modified_gmt":"2023-07-20T09:22:20","slug":"actionneur-piezoelectrique-pas-a-pas-modulaire-un-moyen-polyvalent-dactionnement-de-micro-positionnement","status":"publish","type":"product","link":"https:\/\/cedrat-technologies.com\/fr\/produit\/actionneur-piezoelectrique-pas-a-pas-modulaire-un-moyen-polyvalent-dactionnement-de-micro-positionnement\/","title":{"rendered":"Actionneur pi\u00e9zo\u00e9lectrique pas \u00e0 pas modulaire : Un moyen polyvalent d&rsquo;actionnement de micro-positionnement"},"content":{"rendered":"","protected":false},"excerpt":{"rendered":"<p>Les actionneurs pi\u00e9zo\u00e9lectriques pas \u00e0 pas (SPA) &#8211; bas\u00e9s sur le principe de l&rsquo;actionnement pi\u00e9zo\u00e9lectrique par friction et inertie (PFIA) &#8211; sont fabriqu\u00e9s \u00e0 partir d&rsquo;actionneurs pi\u00e9zo\u00e9lectriques amplifi\u00e9s (APA) de Cedrat Technologies. Ils utilisent le principe du stickslip pour coupler un positionnement \u00e0 haute r\u00e9solution (<\u00b5m), une longue course (>cm) et un faible volume (<15cm3). Ces moteurs sont utilis\u00e9s dans des applications optroniques, m\u00e9dicales et militaires. Cependant, le contact frottant actuel entre l'arbre et la pince limite l'\u00e9volution potentielle des SPA. Dans cet article, un nouveau concept appel\u00e9 Module SPA (MSPA) - offrant des capacit\u00e9s de longue course (>10cm), permettant des d\u00e9veloppements de m\u00e9canismes multi-DoF plus faciles et des possibilit\u00e9s de miniaturisation &#8211; est pr\u00e9sent\u00e9. Les r\u00e9sultats obtenus sur trois mod\u00e8les d&rsquo;ing\u00e9nierie innovants &#8211; actionneurs lin\u00e9aires \u00e0 longue course, rotatifs et \u00e0 trois DoF &#8211; sont pr\u00e9sent\u00e9s, donnant au lecteur les avantages r\u00e9els de ce concept et permettant d&rsquo;aborder de nouvelles applications telles que les biens de consommation et les dispositifs m\u00e9dicaux.<\/p>\n","protected":false},"featured_media":15032,"comment_status":"closed","ping_status":"open","template":"","meta":{"_acf_changed":false,"_seopress_robots_primary_cat":"none","_seopress_titles_title":"","_seopress_titles_desc":"","_seopress_robots_index":"yes"},"product_brand":[],"product_cat":[1383,1385,1398,1386,1464],"product_tag":[],"class_list":{"0":"post-18456","1":"product","2":"type-product","3":"status-publish","4":"has-post-thumbnail","6":"product_cat-actionneurs-lineaires","7":"product_cat-actionneurs-piezo-fr","8":"product_cat-machines-tournantes","9":"product_cat-moteurs-piezo-fr","10":"product_cat-publications-fr","12":"first","13":"instock","14":"downloadable","15":"virtual","16":"purchasable","17":"product-type-simple"},"acf":[],"_links":{"self":[{"href":"https:\/\/cedrat-technologies.com\/fr\/wp-json\/wp\/v2\/product\/18456","targetHints":{"allow":["GET"]}}],"collection":[{"href":"https:\/\/cedrat-technologies.com\/fr\/wp-json\/wp\/v2\/product"}],"about":[{"href":"https:\/\/cedrat-technologies.com\/fr\/wp-json\/wp\/v2\/types\/product"}],"replies":[{"embeddable":true,"href":"https:\/\/cedrat-technologies.com\/fr\/wp-json\/wp\/v2\/comments?post=18456"}],"version-history":[{"count":0,"href":"https:\/\/cedrat-technologies.com\/fr\/wp-json\/wp\/v2\/product\/18456\/revisions"}],"wp:featuredmedia":[{"embeddable":true,"href":"https:\/\/cedrat-technologies.com\/fr\/wp-json\/wp\/v2\/media\/15032"}],"wp:attachment":[{"href":"https:\/\/cedrat-technologies.com\/fr\/wp-json\/wp\/v2\/media?parent=18456"}],"wp:term":[{"taxonomy":"product_brand","embeddable":true,"href":"https:\/\/cedrat-technologies.com\/fr\/wp-json\/wp\/v2\/product_brand?post=18456"},{"taxonomy":"product_cat","embeddable":true,"href":"https:\/\/cedrat-technologies.com\/fr\/wp-json\/wp\/v2\/product_cat?post=18456"},{"taxonomy":"product_tag","embeddable":true,"href":"https:\/\/cedrat-technologies.com\/fr\/wp-json\/wp\/v2\/product_tag?post=18456"}],"curies":[{"name":"wp","href":"https:\/\/api.w.org\/{rel}","templated":true}]}}