{"id":18455,"date":"2023-06-19T10:31:15","date_gmt":"2023-06-19T08:31:15","guid":{"rendered":"http:\/\/cedrat-technologies.com\/produit\/banc-dessai-modulaire-pour-levaluation-des-performances-des-actionneurs-piezoelectriques-de-type-stick-slip\/"},"modified":"2023-07-20T11:20:27","modified_gmt":"2023-07-20T09:20:27","slug":"banc-dessai-modulaire-pour-levaluation-des-performances-des-actionneurs-piezoelectriques-de-type-stick-slip","status":"publish","type":"product","link":"https:\/\/cedrat-technologies.com\/fr\/produit\/banc-dessai-modulaire-pour-levaluation-des-performances-des-actionneurs-piezoelectriques-de-type-stick-slip\/","title":{"rendered":"Banc d&rsquo;essai modulaire pour l&rsquo;\u00e9valuation des performances des actionneurs pi\u00e9zo\u00e9lectriques de type stick-slip"},"content":{"rendered":"","protected":false},"excerpt":{"rendered":"<p>Les actionneurs pi\u00e9zo\u00e9lectriques pas \u00e0 pas bas\u00e9s sur l&rsquo;effet stick-slip utilisent intrins\u00e8quement un contact de friction entre le stator et le rotor. Ce contact d\u00e9finit non seulement les performances de l&rsquo;actionneur, mais il est \u00e9galement sujet \u00e0 l&rsquo;usure. Pour une utilisation g\u00e9n\u00e9rale, l&rsquo;actionneur doit pouvoir effectuer environ 1 million de courses. Pour \u00e9valuer les performances de l&rsquo;actionneur en termes de force, de vitesse, de puissance m\u00e9canique, d&rsquo;entr\u00e9e \u00e9lectrique et de stabilit\u00e9 \u00e0 long terme dans diff\u00e9rentes conditions de charge et d&rsquo;environnement, ainsi qu&rsquo;avec diff\u00e9rents partenaires de frottement, un banc d&rsquo;essai d\u00e9di\u00e9 a \u00e9t\u00e9 mis en place pour un moteur LSPA30\u00b5XS de Cedrat Technologies.<\/p>\n","protected":false},"featured_media":15029,"comment_status":"closed","ping_status":"open","template":"","meta":{"_acf_changed":false,"_seopress_robots_primary_cat":"none","_seopress_titles_title":"","_seopress_titles_desc":"","_seopress_robots_index":"yes"},"product_brand":[],"product_cat":[1383,1385,1492,1491,1386,1464],"product_tag":[],"class_list":{"0":"post-18455","1":"product","2":"type-product","3":"status-publish","4":"has-post-thumbnail","6":"product_cat-actionneurs-lineaires","7":"product_cat-actionneurs-piezo-fr","8":"product_cat-biomedical-assistance-personnelle-fr","9":"product_cat-domaine-fr","10":"product_cat-moteurs-piezo-fr","11":"product_cat-publications-fr","13":"first","14":"instock","15":"downloadable","16":"virtual","17":"purchasable","18":"product-type-simple"},"acf":[],"_links":{"self":[{"href":"https:\/\/cedrat-technologies.com\/fr\/wp-json\/wp\/v2\/product\/18455","targetHints":{"allow":["GET"]}}],"collection":[{"href":"https:\/\/cedrat-technologies.com\/fr\/wp-json\/wp\/v2\/product"}],"about":[{"href":"https:\/\/cedrat-technologies.com\/fr\/wp-json\/wp\/v2\/types\/product"}],"replies":[{"embeddable":true,"href":"https:\/\/cedrat-technologies.com\/fr\/wp-json\/wp\/v2\/comments?post=18455"}],"version-history":[{"count":0,"href":"https:\/\/cedrat-technologies.com\/fr\/wp-json\/wp\/v2\/product\/18455\/revisions"}],"wp:featuredmedia":[{"embeddable":true,"href":"https:\/\/cedrat-technologies.com\/fr\/wp-json\/wp\/v2\/media\/15029"}],"wp:attachment":[{"href":"https:\/\/cedrat-technologies.com\/fr\/wp-json\/wp\/v2\/media?parent=18455"}],"wp:term":[{"taxonomy":"product_brand","embeddable":true,"href":"https:\/\/cedrat-technologies.com\/fr\/wp-json\/wp\/v2\/product_brand?post=18455"},{"taxonomy":"product_cat","embeddable":true,"href":"https:\/\/cedrat-technologies.com\/fr\/wp-json\/wp\/v2\/product_cat?post=18455"},{"taxonomy":"product_tag","embeddable":true,"href":"https:\/\/cedrat-technologies.com\/fr\/wp-json\/wp\/v2\/product_tag?post=18455"}],"curies":[{"name":"wp","href":"https:\/\/api.w.org\/{rel}","templated":true}]}}