{"id":18454,"date":"2023-06-19T10:31:15","date_gmt":"2023-06-19T08:31:15","guid":{"rendered":"http:\/\/cedrat-technologies.com\/produit\/mecanismes-piezo-electriques-miniatures-pour-applications-optiques-et-spatiales\/"},"modified":"2023-07-20T11:20:28","modified_gmt":"2023-07-20T09:20:28","slug":"mecanismes-piezo-electriques-miniatures-pour-applications-optiques-et-spatiales","status":"publish","type":"product","link":"https:\/\/cedrat-technologies.com\/fr\/produit\/mecanismes-piezo-electriques-miniatures-pour-applications-optiques-et-spatiales\/","title":{"rendered":"M\u00e9canismes pi\u00e9zo-\u00e9lectriques miniatures pour applications optiques et spatiales"},"content":{"rendered":"","protected":false},"excerpt":{"rendered":"<p>Les actionneurs pi\u00e9zo\u00e9lectriques trouvent leurs premi\u00e8res applications dans l&rsquo;optique spatiale active. L&rsquo;objectif de cet article est de d\u00e9crire l&rsquo;\u00e9tat de l&rsquo;art et certaines applications. Les actionneurs piezo pr\u00e9sentent des caract\u00e9ristiques int\u00e9ressantes pour les applications spatiales, telles qu&rsquo;un positionnement pr\u00e9cis, des caract\u00e9ristiques non lubrifi\u00e9es, non magn\u00e9tiques et compactes, ainsi qu&rsquo;une faible consommation d&rsquo;\u00e9nergie. Cependant, les m\u00e9canismes pi\u00e9zo\u00e9lectriques ne peuvent \u00eatre consid\u00e9r\u00e9s s\u00e9par\u00e9ment de leur \u00e9lectronique de commande et de contr\u00f4le.<\/p>\n","protected":false},"featured_media":15026,"comment_status":"closed","ping_status":"open","template":"","meta":{"_acf_changed":false,"_seopress_robots_primary_cat":"none","_seopress_titles_title":"","_seopress_titles_desc":"","_seopress_robots_index":"yes"},"product_brand":[],"product_cat":[1383,1385,1491,1390,1496,1464],"product_tag":[],"class_list":{"0":"post-18454","1":"product","2":"type-product","3":"status-publish","4":"has-post-thumbnail","6":"product_cat-actionneurs-lineaires","7":"product_cat-actionneurs-piezo-fr","8":"product_cat-domaine-fr","9":"product_cat-mecanismes","10":"product_cat-optronique-fr","11":"product_cat-publications-fr","13":"first","14":"instock","15":"downloadable","16":"virtual","17":"purchasable","18":"product-type-simple"},"acf":[],"_links":{"self":[{"href":"https:\/\/cedrat-technologies.com\/fr\/wp-json\/wp\/v2\/product\/18454","targetHints":{"allow":["GET"]}}],"collection":[{"href":"https:\/\/cedrat-technologies.com\/fr\/wp-json\/wp\/v2\/product"}],"about":[{"href":"https:\/\/cedrat-technologies.com\/fr\/wp-json\/wp\/v2\/types\/product"}],"replies":[{"embeddable":true,"href":"https:\/\/cedrat-technologies.com\/fr\/wp-json\/wp\/v2\/comments?post=18454"}],"version-history":[{"count":0,"href":"https:\/\/cedrat-technologies.com\/fr\/wp-json\/wp\/v2\/product\/18454\/revisions"}],"wp:featuredmedia":[{"embeddable":true,"href":"https:\/\/cedrat-technologies.com\/fr\/wp-json\/wp\/v2\/media\/15026"}],"wp:attachment":[{"href":"https:\/\/cedrat-technologies.com\/fr\/wp-json\/wp\/v2\/media?parent=18454"}],"wp:term":[{"taxonomy":"product_brand","embeddable":true,"href":"https:\/\/cedrat-technologies.com\/fr\/wp-json\/wp\/v2\/product_brand?post=18454"},{"taxonomy":"product_cat","embeddable":true,"href":"https:\/\/cedrat-technologies.com\/fr\/wp-json\/wp\/v2\/product_cat?post=18454"},{"taxonomy":"product_tag","embeddable":true,"href":"https:\/\/cedrat-technologies.com\/fr\/wp-json\/wp\/v2\/product_tag?post=18454"}],"curies":[{"name":"wp","href":"https:\/\/api.w.org\/{rel}","templated":true}]}}