{"id":18453,"date":"2023-06-19T10:31:15","date_gmt":"2023-06-19T08:31:15","guid":{"rendered":"http:\/\/cedrat-technologies.com\/produit\/micromoteur-base-sur-des-aimants-permanents-en-film\/"},"modified":"2023-07-20T11:20:28","modified_gmt":"2023-07-20T09:20:28","slug":"micromoteur-base-sur-des-aimants-permanents-en-film","status":"publish","type":"product","link":"https:\/\/cedrat-technologies.com\/fr\/produit\/micromoteur-base-sur-des-aimants-permanents-en-film\/","title":{"rendered":"Micromoteur bas\u00e9 sur des aimants permanents en film"},"content":{"rendered":"","protected":false},"excerpt":{"rendered":"<p>La conception d&rsquo;un micro-moteur pas \u00e0 pas monophas\u00e9 est pr\u00e9sent\u00e9e. Le rotor a \u00e9t\u00e9 optimis\u00e9 pour induire la plus grande \u00e9nergie magn\u00e9tique en utilisant des aimants permanents en film. Une \u00e9tude sp\u00e9ciale a \u00e9t\u00e9 r\u00e9alis\u00e9e pour s\u00e9lectionner la direction de magn\u00e9tisation la plus avantageuse et la structure a \u00e9t\u00e9 choisie en tenant compte des caract\u00e9ristiques des microtechnologies et du savoir-faire actuel disponible pour la r\u00e9alisation de prototypes. Un prototype \u00e0 l&rsquo;\u00e9chelle 2 a d\u00e9j\u00e0 \u00e9t\u00e9 r\u00e9alis\u00e9. Son r\u00e9glage sp\u00e9cial de l&rsquo;entrefer pour l&rsquo;essai de l&rsquo;aimant \u00e0 film est pr\u00e9sent\u00e9, ainsi que les premi\u00e8res mesures de couple.<\/p>\n","protected":false},"featured_media":15023,"comment_status":"closed","ping_status":"open","template":"","meta":{"_acf_changed":false,"_seopress_robots_primary_cat":"none","_seopress_titles_title":"","_seopress_titles_desc":"","_seopress_robots_index":"yes"},"product_brand":[],"product_cat":[1383,1398,1400,1464],"product_tag":[],"class_list":{"0":"post-18453","1":"product","2":"type-product","3":"status-publish","4":"has-post-thumbnail","6":"product_cat-actionneurs-lineaires","7":"product_cat-machines-tournantes","8":"product_cat-moteur-a-reluctance-variable","9":"product_cat-publications-fr","11":"first","12":"instock","13":"downloadable","14":"virtual","15":"purchasable","16":"product-type-simple"},"acf":[],"_links":{"self":[{"href":"https:\/\/cedrat-technologies.com\/fr\/wp-json\/wp\/v2\/product\/18453","targetHints":{"allow":["GET"]}}],"collection":[{"href":"https:\/\/cedrat-technologies.com\/fr\/wp-json\/wp\/v2\/product"}],"about":[{"href":"https:\/\/cedrat-technologies.com\/fr\/wp-json\/wp\/v2\/types\/product"}],"replies":[{"embeddable":true,"href":"https:\/\/cedrat-technologies.com\/fr\/wp-json\/wp\/v2\/comments?post=18453"}],"version-history":[{"count":0,"href":"https:\/\/cedrat-technologies.com\/fr\/wp-json\/wp\/v2\/product\/18453\/revisions"}],"wp:featuredmedia":[{"embeddable":true,"href":"https:\/\/cedrat-technologies.com\/fr\/wp-json\/wp\/v2\/media\/15023"}],"wp:attachment":[{"href":"https:\/\/cedrat-technologies.com\/fr\/wp-json\/wp\/v2\/media?parent=18453"}],"wp:term":[{"taxonomy":"product_brand","embeddable":true,"href":"https:\/\/cedrat-technologies.com\/fr\/wp-json\/wp\/v2\/product_brand?post=18453"},{"taxonomy":"product_cat","embeddable":true,"href":"https:\/\/cedrat-technologies.com\/fr\/wp-json\/wp\/v2\/product_cat?post=18453"},{"taxonomy":"product_tag","embeddable":true,"href":"https:\/\/cedrat-technologies.com\/fr\/wp-json\/wp\/v2\/product_tag?post=18453"}],"curies":[{"name":"wp","href":"https:\/\/api.w.org\/{rel}","templated":true}]}}