{"id":18451,"date":"2008-01-07T00:00:00","date_gmt":"2008-01-06T23:00:00","guid":{"rendered":"http:\/\/cedrat-technologies.com\/produit\/microcontroleurs-pour-actionneurs-piezoelectriques\/"},"modified":"2023-07-20T11:22:24","modified_gmt":"2023-07-20T09:22:24","slug":"microcontroleurs-pour-actionneurs-piezoelectriques","status":"publish","type":"product","link":"https:\/\/cedrat-technologies.com\/fr\/produit\/microcontroleurs-pour-actionneurs-piezoelectriques\/","title":{"rendered":"Microcontr\u00f4leurs pour actionneurs pi\u00e9zo\u00e9l\u00e9ctriques"},"content":{"rendered":"","protected":false},"excerpt":{"rendered":"<p>CEDRAT TECHNOLOGIES promeut d\u00e9sormais des solutions bas\u00e9es sur les microcontr\u00f4leurs pour le contr\u00f4le des actionneurs piezo. Les microcontr\u00f4leurs offrent de puissantes capacit\u00e9s de traitement des signaux num\u00e9riques avec une taille et un co\u00fbt r\u00e9duits, ce qui permet de cibler des applications embarqu\u00e9es. La nouvelle carte UC45 utilise un microcontr\u00f4leur pour fournir un contr\u00f4le enti\u00e8rement num\u00e9rique des actionneurs piezo \u00e0 10KHz. Elle est \u00e9quip\u00e9e d&rsquo;un ADC et d&rsquo;un DAC avec une r\u00e9solution de 16 bits, pour les applications n\u00e9cessitant une haute r\u00e9solution, comme le positionnement ultra-pr\u00e9cis.<\/p>\n","protected":false},"featured_media":15017,"comment_status":"closed","ping_status":"open","template":"","meta":{"_acf_changed":false,"_seopress_robots_primary_cat":"none","_seopress_titles_title":"","_seopress_titles_desc":"","_seopress_robots_index":"yes"},"product_brand":[],"product_cat":[1383,1385,1404,1464,1403],"product_tag":[],"class_list":{"0":"post-18451","1":"product","2":"type-product","3":"status-publish","4":"has-post-thumbnail","6":"product_cat-actionneurs-lineaires","7":"product_cat-actionneurs-piezo-fr","8":"product_cat-pilotage-controle","9":"product_cat-publications-fr","10":"product_cat-systemes-mecatroniques","12":"first","13":"instock","14":"downloadable","15":"virtual","16":"purchasable","17":"product-type-simple"},"acf":[],"_links":{"self":[{"href":"https:\/\/cedrat-technologies.com\/fr\/wp-json\/wp\/v2\/product\/18451","targetHints":{"allow":["GET"]}}],"collection":[{"href":"https:\/\/cedrat-technologies.com\/fr\/wp-json\/wp\/v2\/product"}],"about":[{"href":"https:\/\/cedrat-technologies.com\/fr\/wp-json\/wp\/v2\/types\/product"}],"replies":[{"embeddable":true,"href":"https:\/\/cedrat-technologies.com\/fr\/wp-json\/wp\/v2\/comments?post=18451"}],"version-history":[{"count":0,"href":"https:\/\/cedrat-technologies.com\/fr\/wp-json\/wp\/v2\/product\/18451\/revisions"}],"wp:featuredmedia":[{"embeddable":true,"href":"https:\/\/cedrat-technologies.com\/fr\/wp-json\/wp\/v2\/media\/15017"}],"wp:attachment":[{"href":"https:\/\/cedrat-technologies.com\/fr\/wp-json\/wp\/v2\/media?parent=18451"}],"wp:term":[{"taxonomy":"product_brand","embeddable":true,"href":"https:\/\/cedrat-technologies.com\/fr\/wp-json\/wp\/v2\/product_brand?post=18451"},{"taxonomy":"product_cat","embeddable":true,"href":"https:\/\/cedrat-technologies.com\/fr\/wp-json\/wp\/v2\/product_cat?post=18451"},{"taxonomy":"product_tag","embeddable":true,"href":"https:\/\/cedrat-technologies.com\/fr\/wp-json\/wp\/v2\/product_tag?post=18451"}],"curies":[{"name":"wp","href":"https:\/\/api.w.org\/{rel}","templated":true}]}}