{"id":18450,"date":"2023-06-19T10:31:15","date_gmt":"2023-06-19T08:31:15","guid":{"rendered":"http:\/\/cedrat-technologies.com\/produit\/micro-platine-xy25xs\/"},"modified":"2023-07-20T11:20:28","modified_gmt":"2023-07-20T09:20:28","slug":"micro-platine-xy25xs","status":"publish","type":"product","link":"https:\/\/cedrat-technologies.com\/fr\/produit\/micro-platine-xy25xs\/","title":{"rendered":"Micro platine XY25XS"},"content":{"rendered":"","protected":false},"excerpt":{"rendered":"<p>La platine XY25XS est un m\u00e9canisme de micro positionnement original d\u00e9velopp\u00e9, construit et commercialis\u00e9 par CEDRAT TECHNOLOGIES. Ce m\u00e9canisme s&rsquo;appuie sur la technologie des actionneurs piezo amplifi\u00e9s (APA) brevet\u00e9e par CTEC.<\/p>\n","protected":false},"featured_media":15014,"comment_status":"closed","ping_status":"open","template":"","meta":{"_acf_changed":false,"_seopress_robots_primary_cat":"none","_seopress_titles_title":"","_seopress_titles_desc":"","_seopress_robots_index":"yes"},"product_brand":[],"product_cat":[1491,1390,1496,1393,1464],"product_tag":[],"class_list":{"0":"post-18450","1":"product","2":"type-product","3":"status-publish","4":"has-post-thumbnail","6":"product_cat-domaine-fr","7":"product_cat-mecanismes","8":"product_cat-optronique-fr","9":"product_cat-platines-xy","10":"product_cat-publications-fr","12":"first","13":"instock","14":"downloadable","15":"virtual","16":"purchasable","17":"product-type-simple"},"acf":[],"_links":{"self":[{"href":"https:\/\/cedrat-technologies.com\/fr\/wp-json\/wp\/v2\/product\/18450","targetHints":{"allow":["GET"]}}],"collection":[{"href":"https:\/\/cedrat-technologies.com\/fr\/wp-json\/wp\/v2\/product"}],"about":[{"href":"https:\/\/cedrat-technologies.com\/fr\/wp-json\/wp\/v2\/types\/product"}],"replies":[{"embeddable":true,"href":"https:\/\/cedrat-technologies.com\/fr\/wp-json\/wp\/v2\/comments?post=18450"}],"version-history":[{"count":0,"href":"https:\/\/cedrat-technologies.com\/fr\/wp-json\/wp\/v2\/product\/18450\/revisions"}],"wp:featuredmedia":[{"embeddable":true,"href":"https:\/\/cedrat-technologies.com\/fr\/wp-json\/wp\/v2\/media\/15014"}],"wp:attachment":[{"href":"https:\/\/cedrat-technologies.com\/fr\/wp-json\/wp\/v2\/media?parent=18450"}],"wp:term":[{"taxonomy":"product_brand","embeddable":true,"href":"https:\/\/cedrat-technologies.com\/fr\/wp-json\/wp\/v2\/product_brand?post=18450"},{"taxonomy":"product_cat","embeddable":true,"href":"https:\/\/cedrat-technologies.com\/fr\/wp-json\/wp\/v2\/product_cat?post=18450"},{"taxonomy":"product_tag","embeddable":true,"href":"https:\/\/cedrat-technologies.com\/fr\/wp-json\/wp\/v2\/product_tag?post=18450"}],"curies":[{"name":"wp","href":"https:\/\/api.w.org\/{rel}","templated":true}]}}