{"id":18449,"date":"2008-01-07T00:00:00","date_gmt":"2008-01-06T23:00:00","guid":{"rendered":"http:\/\/cedrat-technologies.com\/produit\/actionneurs-piezo-micro\/"},"modified":"2023-07-20T11:22:24","modified_gmt":"2023-07-20T09:22:24","slug":"actionneurs-piezo-micro","status":"publish","type":"product","link":"https:\/\/cedrat-technologies.com\/fr\/produit\/actionneurs-piezo-micro\/","title":{"rendered":"Actionneurs piezo micro"},"content":{"rendered":"","protected":false},"excerpt":{"rendered":"<p>L&rsquo;obtention d&rsquo;une source d&rsquo;\u00e9nergie m\u00e9canique int\u00e9grable, compatible, peu co\u00fbteuse et fournissant une quantit\u00e9 suffisante d&rsquo;\u00e9nergie facilement accessible dans un syst\u00e8me miniaturis\u00e9 a \u00e9t\u00e9 le d\u00e9fi de ces derni\u00e8res d\u00e9cennies. La demande urgente et l&rsquo;int\u00e9r\u00eat pour de tels syst\u00e8mes continueront \u00e0 augmenter avec le d\u00e9veloppement de microsyst\u00e8mes portables.<\/p>\n","protected":false},"featured_media":15011,"comment_status":"closed","ping_status":"open","template":"","meta":{"_acf_changed":false,"_seopress_robots_primary_cat":"none","_seopress_titles_title":"","_seopress_titles_desc":"","_seopress_robots_index":"yes"},"product_brand":[],"product_cat":[1383,1385,1491,1390,1406,1464,1403],"product_tag":[],"class_list":{"0":"post-18449","1":"product","2":"type-product","3":"status-publish","4":"has-post-thumbnail","6":"product_cat-actionneurs-lineaires","7":"product_cat-actionneurs-piezo-fr","8":"product_cat-domaine-fr","9":"product_cat-mecanismes","10":"product_cat-micropositionnement","11":"product_cat-publications-fr","12":"product_cat-systemes-mecatroniques","14":"first","15":"instock","16":"downloadable","17":"virtual","18":"purchasable","19":"product-type-simple"},"acf":[],"_links":{"self":[{"href":"https:\/\/cedrat-technologies.com\/fr\/wp-json\/wp\/v2\/product\/18449","targetHints":{"allow":["GET"]}}],"collection":[{"href":"https:\/\/cedrat-technologies.com\/fr\/wp-json\/wp\/v2\/product"}],"about":[{"href":"https:\/\/cedrat-technologies.com\/fr\/wp-json\/wp\/v2\/types\/product"}],"replies":[{"embeddable":true,"href":"https:\/\/cedrat-technologies.com\/fr\/wp-json\/wp\/v2\/comments?post=18449"}],"version-history":[{"count":0,"href":"https:\/\/cedrat-technologies.com\/fr\/wp-json\/wp\/v2\/product\/18449\/revisions"}],"wp:featuredmedia":[{"embeddable":true,"href":"https:\/\/cedrat-technologies.com\/fr\/wp-json\/wp\/v2\/media\/15011"}],"wp:attachment":[{"href":"https:\/\/cedrat-technologies.com\/fr\/wp-json\/wp\/v2\/media?parent=18449"}],"wp:term":[{"taxonomy":"product_brand","embeddable":true,"href":"https:\/\/cedrat-technologies.com\/fr\/wp-json\/wp\/v2\/product_brand?post=18449"},{"taxonomy":"product_cat","embeddable":true,"href":"https:\/\/cedrat-technologies.com\/fr\/wp-json\/wp\/v2\/product_cat?post=18449"},{"taxonomy":"product_tag","embeddable":true,"href":"https:\/\/cedrat-technologies.com\/fr\/wp-json\/wp\/v2\/product_tag?post=18449"}],"curies":[{"name":"wp","href":"https:\/\/api.w.org\/{rel}","templated":true}]}}