{"id":18448,"date":"2022-09-08T00:00:00","date_gmt":"2022-09-07T22:00:00","guid":{"rendered":"http:\/\/cedrat-technologies.com\/produit\/actionneur-de-masse-a-lepreuve-mica20cs\/"},"modified":"2023-07-20T11:22:12","modified_gmt":"2023-07-20T09:22:12","slug":"actionneur-de-masse-a-lepreuve-mica20cs","status":"publish","type":"product","link":"https:\/\/cedrat-technologies.com\/fr\/produit\/actionneur-de-masse-a-lepreuve-mica20cs\/","title":{"rendered":"Actionneur de masse \u00e0 l&rsquo;\u00e9preuve MICA20CS"},"content":{"rendered":"","protected":false},"excerpt":{"rendered":"<p>La technologie des actionneurs lin\u00e9aires MICA (Moving Iron Controllable Actuator) est continuellement am\u00e9lior\u00e9e chez CEDRAT TECHNOLOGIES (CTEC) pour les applications n\u00e9cessitant une course, une force et une puissance contr\u00f4lables \u00e9lev\u00e9es. Le MICA20CS Proof Mas Actuator est un nouveau mod\u00e8le d&rsquo;actionneur qui vient compl\u00e9ter la famille des actionneurs Proof Mass de CTEC avec le MICA300CM.<\/p>\n","protected":false},"featured_media":15008,"comment_status":"closed","ping_status":"open","template":"","meta":{"_acf_changed":false,"_seopress_robots_primary_cat":"none","_seopress_titles_title":"","_seopress_titles_desc":"","_seopress_robots_index":"yes"},"product_brand":[],"product_cat":[1383,1384,1464],"product_tag":[],"class_list":{"0":"post-18448","1":"product","2":"type-product","3":"status-publish","4":"has-post-thumbnail","6":"product_cat-actionneurs-lineaires","7":"product_cat-actionneurs-lineaires-magnetiques","8":"product_cat-publications-fr","10":"first","11":"instock","12":"downloadable","13":"virtual","14":"purchasable","15":"product-type-simple"},"acf":[],"_links":{"self":[{"href":"https:\/\/cedrat-technologies.com\/fr\/wp-json\/wp\/v2\/product\/18448","targetHints":{"allow":["GET"]}}],"collection":[{"href":"https:\/\/cedrat-technologies.com\/fr\/wp-json\/wp\/v2\/product"}],"about":[{"href":"https:\/\/cedrat-technologies.com\/fr\/wp-json\/wp\/v2\/types\/product"}],"replies":[{"embeddable":true,"href":"https:\/\/cedrat-technologies.com\/fr\/wp-json\/wp\/v2\/comments?post=18448"}],"version-history":[{"count":0,"href":"https:\/\/cedrat-technologies.com\/fr\/wp-json\/wp\/v2\/product\/18448\/revisions"}],"wp:featuredmedia":[{"embeddable":true,"href":"https:\/\/cedrat-technologies.com\/fr\/wp-json\/wp\/v2\/media\/15008"}],"wp:attachment":[{"href":"https:\/\/cedrat-technologies.com\/fr\/wp-json\/wp\/v2\/media?parent=18448"}],"wp:term":[{"taxonomy":"product_brand","embeddable":true,"href":"https:\/\/cedrat-technologies.com\/fr\/wp-json\/wp\/v2\/product_brand?post=18448"},{"taxonomy":"product_cat","embeddable":true,"href":"https:\/\/cedrat-technologies.com\/fr\/wp-json\/wp\/v2\/product_cat?post=18448"},{"taxonomy":"product_tag","embeddable":true,"href":"https:\/\/cedrat-technologies.com\/fr\/wp-json\/wp\/v2\/product_tag?post=18448"}],"curies":[{"name":"wp","href":"https:\/\/api.w.org\/{rel}","templated":true}]}}