{"id":18446,"date":"2022-09-08T00:00:00","date_gmt":"2022-09-07T22:00:00","guid":{"rendered":"http:\/\/cedrat-technologies.com\/produit\/mecanismes-piezo-electriques-mecatroniques-pour-le-controle-actif-des-vibrations\/"},"modified":"2023-07-20T11:22:12","modified_gmt":"2023-07-20T09:22:12","slug":"mecanismes-piezo-electriques-mecatroniques-pour-le-controle-actif-des-vibrations","status":"publish","type":"product","link":"https:\/\/cedrat-technologies.com\/fr\/produit\/mecanismes-piezo-electriques-mecatroniques-pour-le-controle-actif-des-vibrations\/","title":{"rendered":"M\u00e9canismes pi\u00e9zo-\u00e9lectriques m\u00e9catroniques pour le contr\u00f4le actif des vibrations"},"content":{"rendered":"","protected":false},"excerpt":{"rendered":"<p>La tendance actuelle sur le march\u00e9 pour r\u00e9soudre les probl\u00e8mes de vibrations li\u00e9es aux longues barres d&rsquo;al\u00e9sage est d&rsquo;utiliser des amortisseurs passifs int\u00e9gr\u00e9s dans la barre d&rsquo;al\u00e9sage, ce qui a donn\u00e9 lieu \u00e0 des brevets et \u00e0 des produits commerciaux ; cette solution n&rsquo;est toutefois pas r\u00e9alisable pour les barres tr\u00e8s fines ou les op\u00e9rations de tr\u00e9panation, en raison de l&rsquo;espace r\u00e9duit disponible dans l&rsquo;outil. L&rsquo;amortissement actif a \u00e9t\u00e9 test\u00e9 et mis \u00e0 l&rsquo;essai dans diff\u00e9rentes applications, y compris dans des structures de machines-outils, mais jamais dans des outils de tournage int\u00e9rieur. L&rsquo;application de l&rsquo;amortissement actif aux barres d&rsquo;al\u00e9sage a \u00e9t\u00e9 propos\u00e9e dans plusieurs recherches&#8230;<\/p>\n","protected":false},"featured_media":15002,"comment_status":"closed","ping_status":"open","template":"","meta":{"_acf_changed":false,"_seopress_robots_primary_cat":"none","_seopress_titles_title":"","_seopress_titles_desc":"","_seopress_robots_index":"yes"},"product_brand":[],"product_cat":[1383,1385,1413,1390,1464],"product_tag":[],"class_list":{"0":"post-18446","1":"product","2":"type-product","3":"status-publish","4":"has-post-thumbnail","6":"product_cat-actionneurs-lineaires","7":"product_cat-actionneurs-piezo-fr","8":"product_cat-controle-actif-de-vibration","9":"product_cat-mecanismes","10":"product_cat-publications-fr","12":"first","13":"instock","14":"downloadable","15":"virtual","16":"purchasable","17":"product-type-simple"},"acf":[],"_links":{"self":[{"href":"https:\/\/cedrat-technologies.com\/fr\/wp-json\/wp\/v2\/product\/18446","targetHints":{"allow":["GET"]}}],"collection":[{"href":"https:\/\/cedrat-technologies.com\/fr\/wp-json\/wp\/v2\/product"}],"about":[{"href":"https:\/\/cedrat-technologies.com\/fr\/wp-json\/wp\/v2\/types\/product"}],"replies":[{"embeddable":true,"href":"https:\/\/cedrat-technologies.com\/fr\/wp-json\/wp\/v2\/comments?post=18446"}],"version-history":[{"count":0,"href":"https:\/\/cedrat-technologies.com\/fr\/wp-json\/wp\/v2\/product\/18446\/revisions"}],"wp:featuredmedia":[{"embeddable":true,"href":"https:\/\/cedrat-technologies.com\/fr\/wp-json\/wp\/v2\/media\/15002"}],"wp:attachment":[{"href":"https:\/\/cedrat-technologies.com\/fr\/wp-json\/wp\/v2\/media?parent=18446"}],"wp:term":[{"taxonomy":"product_brand","embeddable":true,"href":"https:\/\/cedrat-technologies.com\/fr\/wp-json\/wp\/v2\/product_brand?post=18446"},{"taxonomy":"product_cat","embeddable":true,"href":"https:\/\/cedrat-technologies.com\/fr\/wp-json\/wp\/v2\/product_cat?post=18446"},{"taxonomy":"product_tag","embeddable":true,"href":"https:\/\/cedrat-technologies.com\/fr\/wp-json\/wp\/v2\/product_tag?post=18446"}],"curies":[{"name":"wp","href":"https:\/\/api.w.org\/{rel}","templated":true}]}}