{"id":18444,"date":"2023-06-19T10:31:15","date_gmt":"2023-06-19T08:31:15","guid":{"rendered":"http:\/\/cedrat-technologies.com\/produit\/structure-mecanique-avec-un-rapport-damplification-de-force-eleve-pour-lapplication-dun-capteur-piezoelectrique-a-basse-frequence\/"},"modified":"2023-07-20T11:20:29","modified_gmt":"2023-07-20T09:20:29","slug":"structure-mecanique-avec-un-rapport-damplification-de-force-eleve-pour-lapplication-dun-capteur-piezoelectrique-a-basse-frequence","status":"publish","type":"product","link":"https:\/\/cedrat-technologies.com\/fr\/produit\/structure-mecanique-avec-un-rapport-damplification-de-force-eleve-pour-lapplication-dun-capteur-piezoelectrique-a-basse-frequence\/","title":{"rendered":"Structure m\u00e9canique avec un rapport d&rsquo;amplification de force \u00e9lev\u00e9 pour l&rsquo;application d&rsquo;un capteur pi\u00e9zo\u00e9lectrique \u00e0 basse fr\u00e9quence"},"content":{"rendered":"","protected":false},"excerpt":{"rendered":"<p>Une structure m\u00e9canique bas\u00e9e sur l&#8217;empilement en s\u00e9rie de bras de niveau a \u00e9t\u00e9 con\u00e7ue afin d&rsquo;amplifier la force entrante du syst\u00e8me de r\u00e9colte. La force sortante est appliqu\u00e9e sur le mat\u00e9riau intelligent. La d\u00e9formation de la structure m\u00e9canique est bas\u00e9e sur des pivots flexibles utilisant quatre colliers circulaires tronqu\u00e9s. La derni\u00e8re amplification est bas\u00e9e sur la coque APA\u00ae (Amplified Piezoelectric Actuator), une solution d\u00e9j\u00e0 brevet\u00e9e par Cedrat Technologies. La structure d&rsquo;amplification de la force a \u00e9t\u00e9 con\u00e7ue \u00e0 la demande d&rsquo;un moissonneur \u00e0 faible volume allou\u00e9 (0,3 cm3) et \u00e0 basse fr\u00e9quence de r\u00e9sonance (20 Hz).<\/p>\n","protected":false},"featured_media":14996,"comment_status":"closed","ping_status":"open","template":"","meta":{"_acf_changed":false,"_seopress_robots_primary_cat":"none","_seopress_titles_title":"","_seopress_titles_desc":"","_seopress_robots_index":"yes"},"product_brand":[],"product_cat":[1383,1385,1492,1491,1464,1415],"product_tag":[],"class_list":{"0":"post-18444","1":"product","2":"type-product","3":"status-publish","4":"has-post-thumbnail","6":"product_cat-actionneurs-lineaires","7":"product_cat-actionneurs-piezo-fr","8":"product_cat-biomedical-assistance-personnelle-fr","9":"product_cat-domaine-fr","10":"product_cat-publications-fr","11":"product_cat-recuperateur-denergie","13":"first","14":"instock","15":"downloadable","16":"virtual","17":"purchasable","18":"product-type-simple"},"acf":[],"_links":{"self":[{"href":"https:\/\/cedrat-technologies.com\/fr\/wp-json\/wp\/v2\/product\/18444","targetHints":{"allow":["GET"]}}],"collection":[{"href":"https:\/\/cedrat-technologies.com\/fr\/wp-json\/wp\/v2\/product"}],"about":[{"href":"https:\/\/cedrat-technologies.com\/fr\/wp-json\/wp\/v2\/types\/product"}],"replies":[{"embeddable":true,"href":"https:\/\/cedrat-technologies.com\/fr\/wp-json\/wp\/v2\/comments?post=18444"}],"version-history":[{"count":0,"href":"https:\/\/cedrat-technologies.com\/fr\/wp-json\/wp\/v2\/product\/18444\/revisions"}],"wp:featuredmedia":[{"embeddable":true,"href":"https:\/\/cedrat-technologies.com\/fr\/wp-json\/wp\/v2\/media\/14996"}],"wp:attachment":[{"href":"https:\/\/cedrat-technologies.com\/fr\/wp-json\/wp\/v2\/media?parent=18444"}],"wp:term":[{"taxonomy":"product_brand","embeddable":true,"href":"https:\/\/cedrat-technologies.com\/fr\/wp-json\/wp\/v2\/product_brand?post=18444"},{"taxonomy":"product_cat","embeddable":true,"href":"https:\/\/cedrat-technologies.com\/fr\/wp-json\/wp\/v2\/product_cat?post=18444"},{"taxonomy":"product_tag","embeddable":true,"href":"https:\/\/cedrat-technologies.com\/fr\/wp-json\/wp\/v2\/product_tag?post=18444"}],"curies":[{"name":"wp","href":"https:\/\/api.w.org\/{rel}","templated":true}]}}