{"id":18443,"date":"2012-02-12T00:00:00","date_gmt":"2012-02-11T23:00:00","guid":{"rendered":"http:\/\/cedrat-technologies.com\/produit\/fabrication-et-proprietes-des-premiers-actionneurs-industriels-apa-a-base-depoxy-carbone-shells\/"},"modified":"2023-07-20T11:22:22","modified_gmt":"2023-07-20T09:22:22","slug":"fabrication-et-proprietes-des-premiers-actionneurs-industriels-apa-a-base-depoxy-carbone-shells","status":"publish","type":"product","link":"https:\/\/cedrat-technologies.com\/fr\/produit\/fabrication-et-proprietes-des-premiers-actionneurs-industriels-apa-a-base-depoxy-carbone-shells\/","title":{"rendered":"Fabrication et propri\u00e9t\u00e9s des premiers actionneurs industriels APA\u00ae \u00e0 base d&rsquo;\u00e9poxy carbone SHELLS"},"content":{"rendered":"","protected":false},"excerpt":{"rendered":"<p>L&rsquo;a\u00e9ronautique du futur utilisera plus souvent des actionneurs \u00e9lectriques pour remplacer les actionneurs hydrauliques. Les actionneurs pi\u00e9zo\u00e9lectriques amplifi\u00e9s APA\u00ae existants, dot\u00e9s d&rsquo;une coque en acier et offrant l&rsquo;une des densit\u00e9s d&rsquo;\u00e9nergie massique les plus \u00e9lev\u00e9es, sont de bons candidats. Des coques en carbone plus l\u00e9g\u00e8res sont d\u00e9velopp\u00e9es pour augmenter encore leur efficacit\u00e9. Pour les pales de rotor d&rsquo;h\u00e9licopt\u00e8re, cette \u00e9volution est presque in\u00e9vitable, mais elle est \u00e9galement tr\u00e8s int\u00e9ressante pour d&rsquo;autres domaines. Des coques en fibres de carbone \u00e0 haut module et \u00e0 haute r\u00e9sistance \u00e0 la traction ont \u00e9t\u00e9 produites par enroulement filamentaire conventionnel, test\u00e9es et compar\u00e9es.<\/p>\n","protected":false},"featured_media":14993,"comment_status":"closed","ping_status":"open","template":"","meta":{"_acf_changed":false,"_seopress_robots_primary_cat":"none","_seopress_titles_title":"","_seopress_titles_desc":"","_seopress_robots_index":"yes"},"product_brand":[],"product_cat":[1383,1385,1413,1491,1404,1464,1403],"product_tag":[],"class_list":{"0":"post-18443","1":"product","2":"type-product","3":"status-publish","4":"has-post-thumbnail","6":"product_cat-actionneurs-lineaires","7":"product_cat-actionneurs-piezo-fr","8":"product_cat-controle-actif-de-vibration","9":"product_cat-domaine-fr","10":"product_cat-pilotage-controle","11":"product_cat-publications-fr","12":"product_cat-systemes-mecatroniques","14":"first","15":"instock","16":"downloadable","17":"virtual","18":"purchasable","19":"product-type-simple"},"acf":[],"_links":{"self":[{"href":"https:\/\/cedrat-technologies.com\/fr\/wp-json\/wp\/v2\/product\/18443","targetHints":{"allow":["GET"]}}],"collection":[{"href":"https:\/\/cedrat-technologies.com\/fr\/wp-json\/wp\/v2\/product"}],"about":[{"href":"https:\/\/cedrat-technologies.com\/fr\/wp-json\/wp\/v2\/types\/product"}],"replies":[{"embeddable":true,"href":"https:\/\/cedrat-technologies.com\/fr\/wp-json\/wp\/v2\/comments?post=18443"}],"version-history":[{"count":0,"href":"https:\/\/cedrat-technologies.com\/fr\/wp-json\/wp\/v2\/product\/18443\/revisions"}],"wp:featuredmedia":[{"embeddable":true,"href":"https:\/\/cedrat-technologies.com\/fr\/wp-json\/wp\/v2\/media\/14993"}],"wp:attachment":[{"href":"https:\/\/cedrat-technologies.com\/fr\/wp-json\/wp\/v2\/media?parent=18443"}],"wp:term":[{"taxonomy":"product_brand","embeddable":true,"href":"https:\/\/cedrat-technologies.com\/fr\/wp-json\/wp\/v2\/product_brand?post=18443"},{"taxonomy":"product_cat","embeddable":true,"href":"https:\/\/cedrat-technologies.com\/fr\/wp-json\/wp\/v2\/product_cat?post=18443"},{"taxonomy":"product_tag","embeddable":true,"href":"https:\/\/cedrat-technologies.com\/fr\/wp-json\/wp\/v2\/product_tag?post=18443"}],"curies":[{"name":"wp","href":"https:\/\/api.w.org\/{rel}","templated":true}]}}