{"id":18441,"date":"2023-06-19T10:31:15","date_gmt":"2023-06-19T08:31:15","guid":{"rendered":"http:\/\/cedrat-technologies.com\/produit\/capteurs-a-resonance-magnetique-pour-lidentification-a-distance-dobjets\/"},"modified":"2023-07-20T11:20:30","modified_gmt":"2023-07-20T09:20:30","slug":"capteurs-a-resonance-magnetique-pour-lidentification-a-distance-dobjets","status":"publish","type":"product","link":"https:\/\/cedrat-technologies.com\/fr\/produit\/capteurs-a-resonance-magnetique-pour-lidentification-a-distance-dobjets\/","title":{"rendered":"Capteurs \u00e0 r\u00e9sonance magn\u00e9tique pour l&rsquo;identification \u00e0 distance d&rsquo;objets."},"content":{"rendered":"","protected":false},"excerpt":{"rendered":"<p>Cet article traite de l&rsquo;utilisation de capteurs magn\u00e9tiques r\u00e9sonnants (M.R.S.) pour la r\u00e9alisation d&rsquo;un syst\u00e8me d&rsquo;identification. De nos jours, le march\u00e9 des syst\u00e8mes d&rsquo;identification \u00e9volue par rapport aux \u00e9tiquettes magn\u00e9tiques car elles pr\u00e9sentent certains avantages comme l&rsquo;identification \u00e0 distance et la suppression du besoin de manipulation.<\/p>\n","protected":false},"featured_media":14989,"comment_status":"closed","ping_status":"open","template":"","meta":{"_acf_changed":false,"_seopress_robots_primary_cat":"none","_seopress_titles_title":"","_seopress_titles_desc":"","_seopress_robots_index":"yes"},"product_brand":[],"product_cat":[1416,1464,1417],"product_tag":[],"class_list":{"0":"post-18441","1":"product","2":"type-product","3":"status-publish","4":"has-post-thumbnail","6":"product_cat-capteurs-fr","7":"product_cat-publications-fr","8":"product_cat-systemes-de-detection","10":"first","11":"instock","12":"downloadable","13":"virtual","14":"purchasable","15":"product-type-simple"},"acf":[],"_links":{"self":[{"href":"https:\/\/cedrat-technologies.com\/fr\/wp-json\/wp\/v2\/product\/18441","targetHints":{"allow":["GET"]}}],"collection":[{"href":"https:\/\/cedrat-technologies.com\/fr\/wp-json\/wp\/v2\/product"}],"about":[{"href":"https:\/\/cedrat-technologies.com\/fr\/wp-json\/wp\/v2\/types\/product"}],"replies":[{"embeddable":true,"href":"https:\/\/cedrat-technologies.com\/fr\/wp-json\/wp\/v2\/comments?post=18441"}],"version-history":[{"count":0,"href":"https:\/\/cedrat-technologies.com\/fr\/wp-json\/wp\/v2\/product\/18441\/revisions"}],"wp:featuredmedia":[{"embeddable":true,"href":"https:\/\/cedrat-technologies.com\/fr\/wp-json\/wp\/v2\/media\/14989"}],"wp:attachment":[{"href":"https:\/\/cedrat-technologies.com\/fr\/wp-json\/wp\/v2\/media?parent=18441"}],"wp:term":[{"taxonomy":"product_brand","embeddable":true,"href":"https:\/\/cedrat-technologies.com\/fr\/wp-json\/wp\/v2\/product_brand?post=18441"},{"taxonomy":"product_cat","embeddable":true,"href":"https:\/\/cedrat-technologies.com\/fr\/wp-json\/wp\/v2\/product_cat?post=18441"},{"taxonomy":"product_tag","embeddable":true,"href":"https:\/\/cedrat-technologies.com\/fr\/wp-json\/wp\/v2\/product_tag?post=18441"}],"curies":[{"name":"wp","href":"https:\/\/api.w.org\/{rel}","templated":true}]}}