{"id":18440,"date":"2023-06-19T10:31:15","date_gmt":"2023-06-19T08:31:15","guid":{"rendered":"http:\/\/cedrat-technologies.com\/produit\/m2ems-moteur-rotatif-magnetique-miniature\/"},"modified":"2023-07-20T11:20:30","modified_gmt":"2023-07-20T09:20:30","slug":"m2ems-moteur-rotatif-magnetique-miniature","status":"publish","type":"product","link":"https:\/\/cedrat-technologies.com\/fr\/produit\/m2ems-moteur-rotatif-magnetique-miniature\/","title":{"rendered":"M2EMS Moteur rotatif magn\u00e9tique miniature"},"content":{"rendered":"","protected":false},"excerpt":{"rendered":"<p>Gr\u00e2ce \u00e0 une mod\u00e9lisation intensive, les deux premiers prototypes r\u00e9alis\u00e9s dans le cadre du projet M2 EMS sont fonctionnels. Il s&rsquo;agit de prototypes de moteur pas \u00e0 pas monophas\u00e9 dont la structure a \u00e9t\u00e9 transform\u00e9e \u00e0 partir du moteur Lavet afin de prendre en compte la production collective des couches de film magn\u00e9tique qui sont d\u00e9velopp\u00e9es dans le cadre du projet M2 EMS.<\/p>\n","protected":false},"featured_media":14986,"comment_status":"closed","ping_status":"open","template":"","meta":{"_acf_changed":false,"_seopress_robots_primary_cat":"none","_seopress_titles_title":"","_seopress_titles_desc":"","_seopress_robots_index":"yes"},"product_brand":[],"product_cat":[1383,1402,1398,1411,1464],"product_tag":[],"class_list":{"0":"post-18440","1":"product","2":"type-product","3":"status-publish","4":"has-post-thumbnail","6":"product_cat-actionneurs-lineaires","7":"product_cat-autre-types-de-machines","8":"product_cat-machines-tournantes","9":"product_cat-materiaux-essais","10":"product_cat-publications-fr","12":"first","13":"instock","14":"downloadable","15":"virtual","16":"purchasable","17":"product-type-simple"},"acf":[],"_links":{"self":[{"href":"https:\/\/cedrat-technologies.com\/fr\/wp-json\/wp\/v2\/product\/18440","targetHints":{"allow":["GET"]}}],"collection":[{"href":"https:\/\/cedrat-technologies.com\/fr\/wp-json\/wp\/v2\/product"}],"about":[{"href":"https:\/\/cedrat-technologies.com\/fr\/wp-json\/wp\/v2\/types\/product"}],"replies":[{"embeddable":true,"href":"https:\/\/cedrat-technologies.com\/fr\/wp-json\/wp\/v2\/comments?post=18440"}],"version-history":[{"count":0,"href":"https:\/\/cedrat-technologies.com\/fr\/wp-json\/wp\/v2\/product\/18440\/revisions"}],"wp:featuredmedia":[{"embeddable":true,"href":"https:\/\/cedrat-technologies.com\/fr\/wp-json\/wp\/v2\/media\/14986"}],"wp:attachment":[{"href":"https:\/\/cedrat-technologies.com\/fr\/wp-json\/wp\/v2\/media?parent=18440"}],"wp:term":[{"taxonomy":"product_brand","embeddable":true,"href":"https:\/\/cedrat-technologies.com\/fr\/wp-json\/wp\/v2\/product_brand?post=18440"},{"taxonomy":"product_cat","embeddable":true,"href":"https:\/\/cedrat-technologies.com\/fr\/wp-json\/wp\/v2\/product_cat?post=18440"},{"taxonomy":"product_tag","embeddable":true,"href":"https:\/\/cedrat-technologies.com\/fr\/wp-json\/wp\/v2\/product_tag?post=18440"}],"curies":[{"name":"wp","href":"https:\/\/api.w.org\/{rel}","templated":true}]}}