{"id":18439,"date":"2023-06-19T10:31:15","date_gmt":"2023-06-19T08:31:15","guid":{"rendered":"http:\/\/cedrat-technologies.com\/produit\/test-moteur-lpm\/"},"modified":"2023-07-20T11:20:27","modified_gmt":"2023-07-20T09:20:27","slug":"test-moteur-lpm","status":"publish","type":"product","link":"https:\/\/cedrat-technologies.com\/fr\/produit\/test-moteur-lpm\/","title":{"rendered":"Test moteur Lpm"},"content":{"rendered":"","protected":false},"excerpt":{"rendered":"<p>Nous sommes ravis d&rsquo;annoncer le succ\u00e8s du test de notre moteur pi\u00e9zo\u00e9lectrique lin\u00e9aire LPM20, r\u00e9alis\u00e9 en juin dernier au CNES (Agence Spatiale Fran\u00e7aise), \u00e0 Toulouse, dans des conditions de vide. D\u00e9velopp\u00e9 pour des applications de positionnement, le moteur pi\u00e9zo\u00e9lectrique s&rsquo;est r\u00e9v\u00e9l\u00e9 \u00eatre une solution tr\u00e8s int\u00e9ressante gr\u00e2ce \u00e0 sa force massive \u00e9lev\u00e9e, sa consommation nulle au repos et sa grande pr\u00e9cision. Pour les applications spatiales, il s&rsquo;agit d&rsquo;obtenir un comportement identique dans les conditions ambiantes et dans le vide. Cependant, l&rsquo;entra\u00eenement par friction, qui est la cl\u00e9 du fonctionnement du moteur pi\u00e9zo\u00e9lectrique, limite sa dur\u00e9e de vie et pose des probl\u00e8mes de tribologie.<\/p>\n","protected":false},"featured_media":14983,"comment_status":"closed","ping_status":"open","template":"","meta":{"_acf_changed":false,"_seopress_robots_primary_cat":"none","_seopress_titles_title":"","_seopress_titles_desc":"","_seopress_robots_index":"yes"},"product_brand":[],"product_cat":[1383,1386,1464],"product_tag":[],"class_list":{"0":"post-18439","1":"product","2":"type-product","3":"status-publish","4":"has-post-thumbnail","6":"product_cat-actionneurs-lineaires","7":"product_cat-moteurs-piezo-fr","8":"product_cat-publications-fr","10":"first","11":"instock","12":"downloadable","13":"virtual","14":"purchasable","15":"product-type-simple"},"acf":[],"_links":{"self":[{"href":"https:\/\/cedrat-technologies.com\/fr\/wp-json\/wp\/v2\/product\/18439","targetHints":{"allow":["GET"]}}],"collection":[{"href":"https:\/\/cedrat-technologies.com\/fr\/wp-json\/wp\/v2\/product"}],"about":[{"href":"https:\/\/cedrat-technologies.com\/fr\/wp-json\/wp\/v2\/types\/product"}],"replies":[{"embeddable":true,"href":"https:\/\/cedrat-technologies.com\/fr\/wp-json\/wp\/v2\/comments?post=18439"}],"version-history":[{"count":0,"href":"https:\/\/cedrat-technologies.com\/fr\/wp-json\/wp\/v2\/product\/18439\/revisions"}],"wp:featuredmedia":[{"embeddable":true,"href":"https:\/\/cedrat-technologies.com\/fr\/wp-json\/wp\/v2\/media\/14983"}],"wp:attachment":[{"href":"https:\/\/cedrat-technologies.com\/fr\/wp-json\/wp\/v2\/media?parent=18439"}],"wp:term":[{"taxonomy":"product_brand","embeddable":true,"href":"https:\/\/cedrat-technologies.com\/fr\/wp-json\/wp\/v2\/product_brand?post=18439"},{"taxonomy":"product_cat","embeddable":true,"href":"https:\/\/cedrat-technologies.com\/fr\/wp-json\/wp\/v2\/product_cat?post=18439"},{"taxonomy":"product_tag","embeddable":true,"href":"https:\/\/cedrat-technologies.com\/fr\/wp-json\/wp\/v2\/product_tag?post=18439"}],"curies":[{"name":"wp","href":"https:\/\/api.w.org\/{rel}","templated":true}]}}