{"id":18438,"date":"2023-06-19T10:30:56","date_gmt":"2023-06-19T08:30:56","guid":{"rendered":"http:\/\/cedrat-technologies.com\/produit\/mecanisme-de-tip-tilt-a-longue-course-et-haute-resolution\/"},"modified":"2023-07-20T11:20:31","modified_gmt":"2023-07-20T09:20:31","slug":"mecanisme-de-tip-tilt-a-longue-course-et-haute-resolution","status":"publish","type":"product","link":"https:\/\/cedrat-technologies.com\/fr\/produit\/mecanisme-de-tip-tilt-a-longue-course-et-haute-resolution\/","title":{"rendered":"M\u00e9canisme de tip tilt \u00e0 longue course et haute r\u00e9solution."},"content":{"rendered":"","protected":false},"excerpt":{"rendered":"<p>Les m\u00e9canismes \u00e0 plusieurs degr\u00e9s de libert\u00e9 sont largement utilis\u00e9s dans les domaines de la micro ou macro-manipulation ainsi que dans les fonctions optroniques. Les m\u00e9canismes couramment disponibles peuvent \u00eatre divis\u00e9s en deux cat\u00e9gories principales. La premi\u00e8re est celle des robots industriels (en s\u00e9rie ou en parall\u00e8le). Ils offrent une large gamme de mouvements, en rotation et en translation. Leur r\u00e9solution est g\u00e9n\u00e9ralement limit\u00e9e \u00e0 l&rsquo;\u00e9chelle du sous-millim\u00e8tre. La seconde cat\u00e9gorie permet d&rsquo;obtenir des mouvements \u00e0 tr\u00e8s haute r\u00e9solution (inf\u00e9rieure au nanom\u00e8tre), mais leur r\u00e9solution est limit\u00e9e \u00e0 quelques dizaines de microns. L&rsquo;utilisation de moteurs pi\u00e9zo\u00e9lectriques dans des m\u00e9canismes \u00e0 plusieurs degr\u00e9s de libert\u00e9 est un moyen de combiner \u00e0 la fois la longue course et la r\u00e9solution. L&rsquo;objectif de cet article est de pr\u00e9senter une combinaison de ces deux avantages dans un actionneur tripode \u00e0 faible volume. L&rsquo;actionneur tripode de Cedrat Technologies (TrAC) est un m\u00e9canisme \u00e0 trois positions offrant une rotation de +\/-35\u00b0 autour des axes X et Y et une course de translation de 10 mm en Z dans un faible volume de \u00d850&#215;50 mm.<\/p>\n","protected":false},"featured_media":14980,"comment_status":"closed","ping_status":"open","template":"","meta":{"_acf_changed":false,"_seopress_robots_primary_cat":"none","_seopress_titles_title":"","_seopress_titles_desc":"","_seopress_robots_index":"yes"},"product_brand":[],"product_cat":[1383,1385,1492,1491,1392,1390,1386,1464,1403],"product_tag":[],"class_list":{"0":"post-18438","1":"product","2":"type-product","3":"status-publish","4":"has-post-thumbnail","6":"product_cat-actionneurs-lineaires","7":"product_cat-actionneurs-piezo-fr","8":"product_cat-biomedical-assistance-personnelle-fr","9":"product_cat-domaine-fr","10":"product_cat-fsm-plateformes-tip-tilt","11":"product_cat-mecanismes","12":"product_cat-moteurs-piezo-fr","13":"product_cat-publications-fr","14":"product_cat-systemes-mecatroniques","16":"first","17":"instock","18":"downloadable","19":"virtual","20":"purchasable","21":"product-type-simple"},"acf":[],"_links":{"self":[{"href":"https:\/\/cedrat-technologies.com\/fr\/wp-json\/wp\/v2\/product\/18438","targetHints":{"allow":["GET"]}}],"collection":[{"href":"https:\/\/cedrat-technologies.com\/fr\/wp-json\/wp\/v2\/product"}],"about":[{"href":"https:\/\/cedrat-technologies.com\/fr\/wp-json\/wp\/v2\/types\/product"}],"replies":[{"embeddable":true,"href":"https:\/\/cedrat-technologies.com\/fr\/wp-json\/wp\/v2\/comments?post=18438"}],"version-history":[{"count":0,"href":"https:\/\/cedrat-technologies.com\/fr\/wp-json\/wp\/v2\/product\/18438\/revisions"}],"wp:featuredmedia":[{"embeddable":true,"href":"https:\/\/cedrat-technologies.com\/fr\/wp-json\/wp\/v2\/media\/14980"}],"wp:attachment":[{"href":"https:\/\/cedrat-technologies.com\/fr\/wp-json\/wp\/v2\/media?parent=18438"}],"wp:term":[{"taxonomy":"product_brand","embeddable":true,"href":"https:\/\/cedrat-technologies.com\/fr\/wp-json\/wp\/v2\/product_brand?post=18438"},{"taxonomy":"product_cat","embeddable":true,"href":"https:\/\/cedrat-technologies.com\/fr\/wp-json\/wp\/v2\/product_cat?post=18438"},{"taxonomy":"product_tag","embeddable":true,"href":"https:\/\/cedrat-technologies.com\/fr\/wp-json\/wp\/v2\/product_tag?post=18438"}],"curies":[{"name":"wp","href":"https:\/\/api.w.org\/{rel}","templated":true}]}}