{"id":18437,"date":"2000-01-01T00:00:00","date_gmt":"1999-12-31T23:00:00","guid":{"rendered":"http:\/\/cedrat-technologies.com\/produit\/amplificateurs-lineaires-pour-actionneurs-piezoelectriques\/"},"modified":"2023-07-20T11:22:32","modified_gmt":"2023-07-20T09:22:32","slug":"amplificateurs-lineaires-pour-actionneurs-piezoelectriques","status":"publish","type":"product","link":"https:\/\/cedrat-technologies.com\/fr\/produit\/amplificateurs-lineaires-pour-actionneurs-piezoelectriques\/","title":{"rendered":"Amplificateurs lin\u00e9aires pour actionneurs pi\u00e9zo\u00e9lectriques"},"content":{"rendered":"","protected":false},"excerpt":{"rendered":"<p>Apr\u00e8s le d\u00e9veloppement de l&rsquo;amplificateur de commutation SA75 pour le pilotage d&rsquo;actionneurs pi\u00e9zo\u00e9lectriques, CEDRAT RECHERCHE a d\u00e9velopp\u00e9 des amplificateurs lin\u00e9aires. L&rsquo;\u00e9lectronique LA75 se pr\u00e9sente sous la forme d&rsquo;un rack 19&Prime;, et est propos\u00e9e en plusieurs versions.<\/p>\n","protected":false},"featured_media":14977,"comment_status":"closed","ping_status":"open","template":"","meta":{"_acf_changed":false,"_seopress_robots_primary_cat":"none","_seopress_titles_title":"","_seopress_titles_desc":"","_seopress_robots_index":"yes"},"product_brand":[],"product_cat":[1404,1464,1403],"product_tag":[],"class_list":{"0":"post-18437","1":"product","2":"type-product","3":"status-publish","4":"has-post-thumbnail","6":"product_cat-pilotage-controle","7":"product_cat-publications-fr","8":"product_cat-systemes-mecatroniques","10":"first","11":"instock","12":"downloadable","13":"virtual","14":"purchasable","15":"product-type-simple"},"acf":[],"_links":{"self":[{"href":"https:\/\/cedrat-technologies.com\/fr\/wp-json\/wp\/v2\/product\/18437","targetHints":{"allow":["GET"]}}],"collection":[{"href":"https:\/\/cedrat-technologies.com\/fr\/wp-json\/wp\/v2\/product"}],"about":[{"href":"https:\/\/cedrat-technologies.com\/fr\/wp-json\/wp\/v2\/types\/product"}],"replies":[{"embeddable":true,"href":"https:\/\/cedrat-technologies.com\/fr\/wp-json\/wp\/v2\/comments?post=18437"}],"version-history":[{"count":0,"href":"https:\/\/cedrat-technologies.com\/fr\/wp-json\/wp\/v2\/product\/18437\/revisions"}],"wp:featuredmedia":[{"embeddable":true,"href":"https:\/\/cedrat-technologies.com\/fr\/wp-json\/wp\/v2\/media\/14977"}],"wp:attachment":[{"href":"https:\/\/cedrat-technologies.com\/fr\/wp-json\/wp\/v2\/media?parent=18437"}],"wp:term":[{"taxonomy":"product_brand","embeddable":true,"href":"https:\/\/cedrat-technologies.com\/fr\/wp-json\/wp\/v2\/product_brand?post=18437"},{"taxonomy":"product_cat","embeddable":true,"href":"https:\/\/cedrat-technologies.com\/fr\/wp-json\/wp\/v2\/product_cat?post=18437"},{"taxonomy":"product_tag","embeddable":true,"href":"https:\/\/cedrat-technologies.com\/fr\/wp-json\/wp\/v2\/product_tag?post=18437"}],"curies":[{"name":"wp","href":"https:\/\/api.w.org\/{rel}","templated":true}]}}