{"id":18436,"date":"2023-06-19T10:30:56","date_gmt":"2023-06-19T08:30:56","guid":{"rendered":"http:\/\/cedrat-technologies.com\/produit\/couple-angulaire-limite-pour-un-positionnement-angulaire-precis\/"},"modified":"2023-07-20T11:20:31","modified_gmt":"2023-07-20T09:20:31","slug":"couple-angulaire-limite-pour-un-positionnement-angulaire-precis","status":"publish","type":"product","link":"https:\/\/cedrat-technologies.com\/fr\/produit\/couple-angulaire-limite-pour-un-positionnement-angulaire-precis\/","title":{"rendered":"Couple angulaire limit\u00e9 pour un positionnement angulaire pr\u00e9cis"},"content":{"rendered":"","protected":false},"excerpt":{"rendered":"<p>Cedrat a con\u00e7u un actionneur \u00e0 couple angulaire limit\u00e9 (LAT) \u00e0 la demande de l&rsquo;Agence spatiale europ\u00e9enne (ESA) pour des applications de pointage pr\u00e9cis bas\u00e9es sur l&rsquo;assemblage de cardans. La course angulaire requise pour cette application est de 13\u00b0. Les autres caract\u00e9ristiques requises sont la contr\u00f4labilit\u00e9, la haute r\u00e9solution et l&rsquo;absence de micro-vibrations. Le concept retenu est donc celui d&rsquo;un actionneur \u00e9lectromagn\u00e9tique \u00e0 bobine rebondie utilisant la force de Lorentz. L&rsquo;essai fonctionnel montre que le couple g\u00e9n\u00e9r\u00e9 est lin\u00e9aire jusqu&rsquo;\u00e0 200 mN.m, mais que des couples allant jusqu&rsquo;\u00e0 300 mN.m sont r\u00e9alisables.<\/p>\n","protected":false},"featured_media":14974,"comment_status":"closed","ping_status":"open","template":"","meta":{"_acf_changed":false,"_seopress_robots_primary_cat":"none","_seopress_titles_title":"","_seopress_titles_desc":"","_seopress_robots_index":"yes"},"product_brand":[],"product_cat":[1383,1384,1402,1491,1398,1406,1464,1403],"product_tag":[],"class_list":{"0":"post-18436","1":"product","2":"type-product","3":"status-publish","4":"has-post-thumbnail","6":"product_cat-actionneurs-lineaires","7":"product_cat-actionneurs-lineaires-magnetiques","8":"product_cat-autre-types-de-machines","9":"product_cat-domaine-fr","10":"product_cat-machines-tournantes","11":"product_cat-micropositionnement","12":"product_cat-publications-fr","13":"product_cat-systemes-mecatroniques","15":"first","16":"instock","17":"downloadable","18":"virtual","19":"purchasable","20":"product-type-simple"},"acf":[],"_links":{"self":[{"href":"https:\/\/cedrat-technologies.com\/fr\/wp-json\/wp\/v2\/product\/18436","targetHints":{"allow":["GET"]}}],"collection":[{"href":"https:\/\/cedrat-technologies.com\/fr\/wp-json\/wp\/v2\/product"}],"about":[{"href":"https:\/\/cedrat-technologies.com\/fr\/wp-json\/wp\/v2\/types\/product"}],"replies":[{"embeddable":true,"href":"https:\/\/cedrat-technologies.com\/fr\/wp-json\/wp\/v2\/comments?post=18436"}],"version-history":[{"count":0,"href":"https:\/\/cedrat-technologies.com\/fr\/wp-json\/wp\/v2\/product\/18436\/revisions"}],"wp:featuredmedia":[{"embeddable":true,"href":"https:\/\/cedrat-technologies.com\/fr\/wp-json\/wp\/v2\/media\/14974"}],"wp:attachment":[{"href":"https:\/\/cedrat-technologies.com\/fr\/wp-json\/wp\/v2\/media?parent=18436"}],"wp:term":[{"taxonomy":"product_brand","embeddable":true,"href":"https:\/\/cedrat-technologies.com\/fr\/wp-json\/wp\/v2\/product_brand?post=18436"},{"taxonomy":"product_cat","embeddable":true,"href":"https:\/\/cedrat-technologies.com\/fr\/wp-json\/wp\/v2\/product_cat?post=18436"},{"taxonomy":"product_tag","embeddable":true,"href":"https:\/\/cedrat-technologies.com\/fr\/wp-json\/wp\/v2\/product_tag?post=18436"}],"curies":[{"name":"wp","href":"https:\/\/api.w.org\/{rel}","templated":true}]}}