{"id":18435,"date":"2023-06-19T10:30:56","date_gmt":"2023-06-19T08:30:56","guid":{"rendered":"http:\/\/cedrat-technologies.com\/produit\/ldia2007-actionneurs-controlables-a-bobine-mobile-ou-a-fer-mobile\/"},"modified":"2023-07-20T11:20:32","modified_gmt":"2023-07-20T09:20:32","slug":"ldia2007-actionneurs-controlables-a-bobine-mobile-ou-a-fer-mobile","status":"publish","type":"product","link":"https:\/\/cedrat-technologies.com\/fr\/produit\/ldia2007-actionneurs-controlables-a-bobine-mobile-ou-a-fer-mobile\/","title":{"rendered":"LDIA2007 Actionneurs contr\u00f4lables \u00e0 bobine mobile ou \u00e0 fer mobile"},"content":{"rendered":"","protected":false},"excerpt":{"rendered":"<p>Il existe une forte demande d&rsquo;actionneurs contr\u00f4lables pour les applications traditionnelles et nouvelles. Un actionneur contr\u00f4lable doit \u00eatre capable d&rsquo;acc\u00e9l\u00e9rer, d&rsquo;interrompre ou d&rsquo;inverser le mouvement de la charge, tout au long de la course. Cela signifie que la force produite par l&rsquo;actionneur doit \u00eatre proportionnelle (au moins grossi\u00e8rement) \u00e0 l&rsquo;excitation \u00e9lectrique appliqu\u00e9e et, en particulier, que le signe de la force d&rsquo;actionnement peut \u00eatre modifi\u00e9 tout au long de la course.<\/p>\n","protected":false},"featured_media":14971,"comment_status":"closed","ping_status":"open","template":"","meta":{"_acf_changed":false,"_seopress_robots_primary_cat":"none","_seopress_titles_title":"","_seopress_titles_desc":"","_seopress_robots_index":"yes"},"product_brand":[],"product_cat":[1383,1384,1414,1413,1464],"product_tag":[],"class_list":{"0":"post-18435","1":"product","2":"type-product","3":"status-publish","4":"has-post-thumbnail","6":"product_cat-actionneurs-lineaires","7":"product_cat-actionneurs-lineaires-magnetiques","8":"product_cat-amortisseur-a-masse-depreuve","9":"product_cat-controle-actif-de-vibration","10":"product_cat-publications-fr","12":"first","13":"instock","14":"downloadable","15":"virtual","16":"purchasable","17":"product-type-simple"},"acf":[],"_links":{"self":[{"href":"https:\/\/cedrat-technologies.com\/fr\/wp-json\/wp\/v2\/product\/18435","targetHints":{"allow":["GET"]}}],"collection":[{"href":"https:\/\/cedrat-technologies.com\/fr\/wp-json\/wp\/v2\/product"}],"about":[{"href":"https:\/\/cedrat-technologies.com\/fr\/wp-json\/wp\/v2\/types\/product"}],"replies":[{"embeddable":true,"href":"https:\/\/cedrat-technologies.com\/fr\/wp-json\/wp\/v2\/comments?post=18435"}],"version-history":[{"count":0,"href":"https:\/\/cedrat-technologies.com\/fr\/wp-json\/wp\/v2\/product\/18435\/revisions"}],"wp:featuredmedia":[{"embeddable":true,"href":"https:\/\/cedrat-technologies.com\/fr\/wp-json\/wp\/v2\/media\/14971"}],"wp:attachment":[{"href":"https:\/\/cedrat-technologies.com\/fr\/wp-json\/wp\/v2\/media?parent=18435"}],"wp:term":[{"taxonomy":"product_brand","embeddable":true,"href":"https:\/\/cedrat-technologies.com\/fr\/wp-json\/wp\/v2\/product_brand?post=18435"},{"taxonomy":"product_cat","embeddable":true,"href":"https:\/\/cedrat-technologies.com\/fr\/wp-json\/wp\/v2\/product_cat?post=18435"},{"taxonomy":"product_tag","embeddable":true,"href":"https:\/\/cedrat-technologies.com\/fr\/wp-json\/wp\/v2\/product_tag?post=18435"}],"curies":[{"name":"wp","href":"https:\/\/api.w.org\/{rel}","templated":true}]}}