{"id":18434,"date":"2023-06-19T10:30:56","date_gmt":"2023-06-19T08:30:56","guid":{"rendered":"http:\/\/cedrat-technologies.com\/produit\/moteur-rotatif-a-bobine-mobile-a-grande-course-pour-applications-cryogeniques\/"},"modified":"2023-07-20T11:20:32","modified_gmt":"2023-07-20T09:20:32","slug":"moteur-rotatif-a-bobine-mobile-a-grande-course-pour-applications-cryogeniques","status":"publish","type":"product","link":"https:\/\/cedrat-technologies.com\/fr\/produit\/moteur-rotatif-a-bobine-mobile-a-grande-course-pour-applications-cryogeniques\/","title":{"rendered":"Moteur rotatif \u00e0 bobine mobile \u00e0 grande course pour applications cryog\u00e9niques"},"content":{"rendered":"","protected":false},"excerpt":{"rendered":"<p>CTEC d\u00e9veloppe et teste des moteurs rotatifs \u00e0 bobine mobile (RVCM) pour de nouvelles applications de m\u00e9canismes de balayage cryog\u00e9niques dans l&rsquo;espace, bas\u00e9 sur l&rsquo;h\u00e9ritage de l&rsquo;ancien programme spatial MTG. Le RVCM est un moteur \u00e9lectromagn\u00e9tique bas\u00e9 sur la force de Laplace. Le moteur est compos\u00e9 de bobines dans la partie rotor (mobile) et d&rsquo;aimants dans la partie stator (fixe). Le moteur de Laplace g\u00e9n\u00e8re un couple pur, sans cogging ni inconv\u00e9nient de force parasite, ce qui le rend particuli\u00e8rement pertinent pour les m\u00e9canismes de balayage<\/p>\n","protected":false},"featured_media":14968,"comment_status":"closed","ping_status":"open","template":"","meta":{"_acf_changed":false,"_seopress_robots_primary_cat":"none","_seopress_titles_title":"","_seopress_titles_desc":"","_seopress_robots_index":"yes"},"product_brand":[],"product_cat":[1491,1464],"product_tag":[],"class_list":{"0":"post-18434","1":"product","2":"type-product","3":"status-publish","4":"has-post-thumbnail","6":"product_cat-domaine-fr","7":"product_cat-publications-fr","9":"first","10":"instock","11":"downloadable","12":"virtual","13":"purchasable","14":"product-type-simple"},"acf":[],"_links":{"self":[{"href":"https:\/\/cedrat-technologies.com\/fr\/wp-json\/wp\/v2\/product\/18434","targetHints":{"allow":["GET"]}}],"collection":[{"href":"https:\/\/cedrat-technologies.com\/fr\/wp-json\/wp\/v2\/product"}],"about":[{"href":"https:\/\/cedrat-technologies.com\/fr\/wp-json\/wp\/v2\/types\/product"}],"replies":[{"embeddable":true,"href":"https:\/\/cedrat-technologies.com\/fr\/wp-json\/wp\/v2\/comments?post=18434"}],"version-history":[{"count":0,"href":"https:\/\/cedrat-technologies.com\/fr\/wp-json\/wp\/v2\/product\/18434\/revisions"}],"wp:featuredmedia":[{"embeddable":true,"href":"https:\/\/cedrat-technologies.com\/fr\/wp-json\/wp\/v2\/media\/14968"}],"wp:attachment":[{"href":"https:\/\/cedrat-technologies.com\/fr\/wp-json\/wp\/v2\/media?parent=18434"}],"wp:term":[{"taxonomy":"product_brand","embeddable":true,"href":"https:\/\/cedrat-technologies.com\/fr\/wp-json\/wp\/v2\/product_brand?post=18434"},{"taxonomy":"product_cat","embeddable":true,"href":"https:\/\/cedrat-technologies.com\/fr\/wp-json\/wp\/v2\/product_cat?post=18434"},{"taxonomy":"product_tag","embeddable":true,"href":"https:\/\/cedrat-technologies.com\/fr\/wp-json\/wp\/v2\/product_tag?post=18434"}],"curies":[{"name":"wp","href":"https:\/\/api.w.org\/{rel}","templated":true}]}}