{"id":18433,"date":"2020-03-02T00:00:00","date_gmt":"2020-03-01T23:00:00","guid":{"rendered":"http:\/\/cedrat-technologies.com\/produit\/fast-steering-mirror-a-grande-course-pour-les-communications-optiques-en-espace-libre\/"},"modified":"2023-07-20T11:22:15","modified_gmt":"2023-07-20T09:22:15","slug":"fast-steering-mirror-a-grande-course-pour-les-communications-optiques-en-espace-libre","status":"publish","type":"product","link":"https:\/\/cedrat-technologies.com\/fr\/produit\/fast-steering-mirror-a-grande-course-pour-les-communications-optiques-en-espace-libre\/","title":{"rendered":"Fast Steering Mirror \u00e0 grande course pour les communications optiques en espace libre"},"content":{"rendered":"","protected":false},"excerpt":{"rendered":"<p>L&rsquo;optique dans l&rsquo;espace libre et la communication optique dans l&rsquo;espace lointain n\u00e9cessitent de nouveaux fast steering mirrors compacts \u00e0 faible consommation, \u00e0 course \u00e9lev\u00e9e et \u00e0 large bande passante. Pour r\u00e9pondre \u00e0 ce besoin, CEDRAT TECHNOLOGIES a d\u00e9velopp\u00e9 un fast steering mirror \u00e0 actionnement magn\u00e9tique appel\u00e9 M-FSM, issu de sa technologie MICA\u2122. Ce m\u00e9canisme offre des courses Ryx sup\u00e9rieures \u00e0 +\/-2\u00b0 avec une bande passante de 250Hz lors de l&rsquo;inclinaison d&rsquo;un miroir de 10mm de diam\u00e8tre. Le contr\u00f4le en boucle ferm\u00e9e est r\u00e9alis\u00e9 \u00e0 l&rsquo;aide de capteurs de courants de Foucault int\u00e9gr\u00e9s. La puissance demand\u00e9e est r\u00e9duite, ce qui entra\u00eene un faible \u00e9chauffement et permet un cycle de travail \u00e9lev\u00e9. Les tests de vibration permettent de d\u00e9finir les premi\u00e8res limites et conditions pour que le M-FSM supporte les vibrations externes.<\/p>\n","protected":false},"featured_media":14965,"comment_status":"closed","ping_status":"open","template":"","meta":{"_acf_changed":false,"_seopress_robots_primary_cat":"none","_seopress_titles_title":"","_seopress_titles_desc":"","_seopress_robots_index":"yes"},"product_brand":[],"product_cat":[1416,1491,1392,1390,1464,1403],"product_tag":[],"class_list":{"0":"post-18433","1":"product","2":"type-product","3":"status-publish","4":"has-post-thumbnail","6":"product_cat-capteurs-fr","7":"product_cat-domaine-fr","8":"product_cat-fsm-plateformes-tip-tilt","9":"product_cat-mecanismes","10":"product_cat-publications-fr","11":"product_cat-systemes-mecatroniques","13":"first","14":"instock","15":"downloadable","16":"virtual","17":"purchasable","18":"product-type-simple"},"acf":[],"_links":{"self":[{"href":"https:\/\/cedrat-technologies.com\/fr\/wp-json\/wp\/v2\/product\/18433","targetHints":{"allow":["GET"]}}],"collection":[{"href":"https:\/\/cedrat-technologies.com\/fr\/wp-json\/wp\/v2\/product"}],"about":[{"href":"https:\/\/cedrat-technologies.com\/fr\/wp-json\/wp\/v2\/types\/product"}],"replies":[{"embeddable":true,"href":"https:\/\/cedrat-technologies.com\/fr\/wp-json\/wp\/v2\/comments?post=18433"}],"version-history":[{"count":0,"href":"https:\/\/cedrat-technologies.com\/fr\/wp-json\/wp\/v2\/product\/18433\/revisions"}],"wp:featuredmedia":[{"embeddable":true,"href":"https:\/\/cedrat-technologies.com\/fr\/wp-json\/wp\/v2\/media\/14965"}],"wp:attachment":[{"href":"https:\/\/cedrat-technologies.com\/fr\/wp-json\/wp\/v2\/media?parent=18433"}],"wp:term":[{"taxonomy":"product_brand","embeddable":true,"href":"https:\/\/cedrat-technologies.com\/fr\/wp-json\/wp\/v2\/product_brand?post=18433"},{"taxonomy":"product_cat","embeddable":true,"href":"https:\/\/cedrat-technologies.com\/fr\/wp-json\/wp\/v2\/product_cat?post=18433"},{"taxonomy":"product_tag","embeddable":true,"href":"https:\/\/cedrat-technologies.com\/fr\/wp-json\/wp\/v2\/product_tag?post=18433"}],"curies":[{"name":"wp","href":"https:\/\/api.w.org\/{rel}","templated":true}]}}