{"id":18431,"date":"2007-01-02T00:00:00","date_gmt":"2007-01-01T23:00:00","guid":{"rendered":"http:\/\/cedrat-technologies.com\/produit\/la-piezoelectricite-entre-dans-une-ere-nouvelle\/"},"modified":"2023-07-20T11:22:27","modified_gmt":"2023-07-20T09:22:27","slug":"la-piezoelectricite-entre-dans-une-ere-nouvelle","status":"publish","type":"product","link":"https:\/\/cedrat-technologies.com\/fr\/produit\/la-piezoelectricite-entre-dans-une-ere-nouvelle\/","title":{"rendered":"La pi\u00e9zo\u00e9lectricit\u00e9 entre dans une \u00e8re nouvelle"},"content":{"rendered":"","protected":false},"excerpt":{"rendered":"<p>Ses quinze ann\u00e9es de recherche en \u00e9lectronique ont permis \u00e0 Frank Claeyssen d&rsquo;amener ses actionneurs pi\u00e9zo\u00e9lectriques \u00e0 un stade industriel prometteur.<\/p>\n","protected":false},"featured_media":20991,"comment_status":"closed","ping_status":"closed","template":"","meta":{"_acf_changed":false,"_seopress_robots_primary_cat":"none","_seopress_titles_title":"","_seopress_titles_desc":"","_seopress_robots_index":"yes"},"product_brand":[],"product_cat":[1383,1385,1491,1464],"product_tag":[],"class_list":{"0":"post-18431","1":"product","2":"type-product","3":"status-publish","4":"has-post-thumbnail","6":"product_cat-actionneurs-lineaires","7":"product_cat-actionneurs-piezo-fr","8":"product_cat-domaine-fr","9":"product_cat-publications-fr","11":"first","12":"instock","13":"downloadable","14":"virtual","15":"purchasable","16":"product-type-simple"},"acf":[],"_links":{"self":[{"href":"https:\/\/cedrat-technologies.com\/fr\/wp-json\/wp\/v2\/product\/18431","targetHints":{"allow":["GET"]}}],"collection":[{"href":"https:\/\/cedrat-technologies.com\/fr\/wp-json\/wp\/v2\/product"}],"about":[{"href":"https:\/\/cedrat-technologies.com\/fr\/wp-json\/wp\/v2\/types\/product"}],"replies":[{"embeddable":true,"href":"https:\/\/cedrat-technologies.com\/fr\/wp-json\/wp\/v2\/comments?post=18431"}],"version-history":[{"count":0,"href":"https:\/\/cedrat-technologies.com\/fr\/wp-json\/wp\/v2\/product\/18431\/revisions"}],"wp:featuredmedia":[{"embeddable":true,"href":"https:\/\/cedrat-technologies.com\/fr\/wp-json\/wp\/v2\/media\/20991"}],"wp:attachment":[{"href":"https:\/\/cedrat-technologies.com\/fr\/wp-json\/wp\/v2\/media?parent=18431"}],"wp:term":[{"taxonomy":"product_brand","embeddable":true,"href":"https:\/\/cedrat-technologies.com\/fr\/wp-json\/wp\/v2\/product_brand?post=18431"},{"taxonomy":"product_cat","embeddable":true,"href":"https:\/\/cedrat-technologies.com\/fr\/wp-json\/wp\/v2\/product_cat?post=18431"},{"taxonomy":"product_tag","embeddable":true,"href":"https:\/\/cedrat-technologies.com\/fr\/wp-json\/wp\/v2\/product_tag?post=18431"}],"curies":[{"name":"wp","href":"https:\/\/api.w.org\/{rel}","templated":true}]}}