{"id":18428,"date":"2022-08-08T00:00:00","date_gmt":"2022-08-07T22:00:00","guid":{"rendered":"http:\/\/cedrat-technologies.com\/produit\/improvement-of-synthetic-jet-actuator-technology-for-high-efficiency\/"},"modified":"2023-07-20T11:22:13","modified_gmt":"2023-07-20T09:22:13","slug":"improvement-of-synthetic-jet-actuator-technology-for-high-efficiency","status":"publish","type":"product","link":"https:\/\/cedrat-technologies.com\/fr\/produit\/improvement-of-synthetic-jet-actuator-technology-for-high-efficiency\/","title":{"rendered":"Improvement of Synthetic Jet Actuator Technology for High Efficiency"},"content":{"rendered":"","protected":false},"excerpt":{"rendered":"<p>SYNJET3C est un projet de d\u00e9veloppement CleansKy2 visant \u00e0 am\u00e9liorer l&rsquo;efficacit\u00e9 des actionneurs \u00e0 jet synth\u00e9tique (SJA), avec un consortium compos\u00e9 des principaux acteurs europ\u00e9ens de cette technologie que sont l&rsquo;ONERA, FRAUNHOFER, TRISITEC et CEDRAT TECHNOLOGIES (CTEC)<br \/>\nwith a consortium composed of major European actors to this technology which are ONERA, FRAUNHOFER,<br \/>\nTRISITEC, and CEDRAT TECHNOLOGIES (CTEC).<\/p>\n","protected":false},"featured_media":14952,"comment_status":"closed","ping_status":"open","template":"","meta":{"_acf_changed":false,"_seopress_robots_primary_cat":"none","_seopress_titles_title":"","_seopress_titles_desc":"","_seopress_robots_index":"yes"},"product_brand":[],"product_cat":[1383,1385,1491,1464],"product_tag":[],"class_list":{"0":"post-18428","1":"product","2":"type-product","3":"status-publish","4":"has-post-thumbnail","6":"product_cat-actionneurs-lineaires","7":"product_cat-actionneurs-piezo-fr","8":"product_cat-domaine-fr","9":"product_cat-publications-fr","11":"first","12":"instock","13":"downloadable","14":"virtual","15":"purchasable","16":"product-type-simple"},"acf":[],"_links":{"self":[{"href":"https:\/\/cedrat-technologies.com\/fr\/wp-json\/wp\/v2\/product\/18428","targetHints":{"allow":["GET"]}}],"collection":[{"href":"https:\/\/cedrat-technologies.com\/fr\/wp-json\/wp\/v2\/product"}],"about":[{"href":"https:\/\/cedrat-technologies.com\/fr\/wp-json\/wp\/v2\/types\/product"}],"replies":[{"embeddable":true,"href":"https:\/\/cedrat-technologies.com\/fr\/wp-json\/wp\/v2\/comments?post=18428"}],"version-history":[{"count":0,"href":"https:\/\/cedrat-technologies.com\/fr\/wp-json\/wp\/v2\/product\/18428\/revisions"}],"wp:featuredmedia":[{"embeddable":true,"href":"https:\/\/cedrat-technologies.com\/fr\/wp-json\/wp\/v2\/media\/14952"}],"wp:attachment":[{"href":"https:\/\/cedrat-technologies.com\/fr\/wp-json\/wp\/v2\/media?parent=18428"}],"wp:term":[{"taxonomy":"product_brand","embeddable":true,"href":"https:\/\/cedrat-technologies.com\/fr\/wp-json\/wp\/v2\/product_brand?post=18428"},{"taxonomy":"product_cat","embeddable":true,"href":"https:\/\/cedrat-technologies.com\/fr\/wp-json\/wp\/v2\/product_cat?post=18428"},{"taxonomy":"product_tag","embeddable":true,"href":"https:\/\/cedrat-technologies.com\/fr\/wp-json\/wp\/v2\/product_tag?post=18428"}],"curies":[{"name":"wp","href":"https:\/\/api.w.org\/{rel}","templated":true}]}}