{"id":18427,"date":"2023-06-19T10:30:56","date_gmt":"2023-06-19T08:30:56","guid":{"rendered":"http:\/\/cedrat-technologies.com\/produit\/amelioration-du-module-mspa-de-lactionneur-piezoelectrique-pas-a-pas-et-applications-industrielles-des-moteurs-piezoelectriques\/"},"modified":"2023-07-20T11:20:34","modified_gmt":"2023-07-20T09:20:34","slug":"amelioration-du-module-mspa-de-lactionneur-piezoelectrique-pas-a-pas-et-applications-industrielles-des-moteurs-piezoelectriques","status":"publish","type":"product","link":"https:\/\/cedrat-technologies.com\/fr\/produit\/amelioration-du-module-mspa-de-lactionneur-piezoelectrique-pas-a-pas-et-applications-industrielles-des-moteurs-piezoelectriques\/","title":{"rendered":"Am\u00e9lioration du module MSPA de l&rsquo;actionneur pi\u00e9zo\u00e9lectrique pas \u00e0 pas et applications industrielles des moteurs pi\u00e9zo\u00e9lectriques"},"content":{"rendered":"","protected":false},"excerpt":{"rendered":"<p>L&rsquo;article suivant est bas\u00e9 sur les derni\u00e8res am\u00e9liorations du module MSPA d&rsquo;actionneur pi\u00e9zo\u00e9lectrique pas \u00e0 pas afin de fournir une option pour les applications de mouvement lin\u00e9aire et rotatif appropri\u00e9es. \u00c0 partir de platines d&rsquo;ex\u00e9rimentation, les modules MSPA et les \u00e9tages ont \u00e9t\u00e9 d\u00e9velopp\u00e9s pour atteindre une s\u00e9rie de m\u00e9canismes complexes.<\/p>\n","protected":false},"featured_media":14949,"comment_status":"closed","ping_status":"open","template":"","meta":{"_acf_changed":false,"_seopress_robots_primary_cat":"none","_seopress_titles_title":"","_seopress_titles_desc":"","_seopress_robots_index":"yes"},"product_brand":[],"product_cat":[1383,1386,1464],"product_tag":[],"class_list":{"0":"post-18427","1":"product","2":"type-product","3":"status-publish","4":"has-post-thumbnail","6":"product_cat-actionneurs-lineaires","7":"product_cat-moteurs-piezo-fr","8":"product_cat-publications-fr","10":"first","11":"instock","12":"downloadable","13":"virtual","14":"purchasable","15":"product-type-simple"},"acf":[],"_links":{"self":[{"href":"https:\/\/cedrat-technologies.com\/fr\/wp-json\/wp\/v2\/product\/18427","targetHints":{"allow":["GET"]}}],"collection":[{"href":"https:\/\/cedrat-technologies.com\/fr\/wp-json\/wp\/v2\/product"}],"about":[{"href":"https:\/\/cedrat-technologies.com\/fr\/wp-json\/wp\/v2\/types\/product"}],"replies":[{"embeddable":true,"href":"https:\/\/cedrat-technologies.com\/fr\/wp-json\/wp\/v2\/comments?post=18427"}],"version-history":[{"count":0,"href":"https:\/\/cedrat-technologies.com\/fr\/wp-json\/wp\/v2\/product\/18427\/revisions"}],"wp:featuredmedia":[{"embeddable":true,"href":"https:\/\/cedrat-technologies.com\/fr\/wp-json\/wp\/v2\/media\/14949"}],"wp:attachment":[{"href":"https:\/\/cedrat-technologies.com\/fr\/wp-json\/wp\/v2\/media?parent=18427"}],"wp:term":[{"taxonomy":"product_brand","embeddable":true,"href":"https:\/\/cedrat-technologies.com\/fr\/wp-json\/wp\/v2\/product_brand?post=18427"},{"taxonomy":"product_cat","embeddable":true,"href":"https:\/\/cedrat-technologies.com\/fr\/wp-json\/wp\/v2\/product_cat?post=18427"},{"taxonomy":"product_tag","embeddable":true,"href":"https:\/\/cedrat-technologies.com\/fr\/wp-json\/wp\/v2\/product_tag?post=18427"}],"curies":[{"name":"wp","href":"https:\/\/api.w.org\/{rel}","templated":true}]}}