{"id":18426,"date":"2018-06-07T00:00:00","date_gmt":"2018-06-06T22:00:00","guid":{"rendered":"http:\/\/cedrat-technologies.com\/produit\/amelioration-du-module-mspa-de-lactionneur-piezoelectrique-a-pas-modulaire\/"},"modified":"2023-07-20T11:22:19","modified_gmt":"2023-07-20T09:22:19","slug":"amelioration-du-module-mspa-de-lactionneur-piezoelectrique-a-pas-modulaire","status":"publish","type":"product","link":"https:\/\/cedrat-technologies.com\/fr\/produit\/amelioration-du-module-mspa-de-lactionneur-piezoelectrique-a-pas-modulaire\/","title":{"rendered":"Am\u00e9lioration du module MSPA de l&rsquo;actionneur pi\u00e9zo\u00e9lectrique \u00e0 pas modulaire"},"content":{"rendered":"","protected":false},"excerpt":{"rendered":"<p>Les actionneurs pi\u00e9zo\u00e9lectriques pas \u00e0 pas modulaires (MSPA) utilisent le principe du stick-slip pour combiner un positionnement \u00e0 haute r\u00e9solution (<\u00b5m) avec une longue course (>cm). Ces moteurs permettent un mouvement illimit\u00e9 en rotation et en translation. Le mode fin permet un positionnement pr\u00e9cis (<10nm). Comme il s'agit d'un module, il s'adapte facilement \u00e0 tous les dispositifs existants n\u00e9cessitant jusqu'\u00e0 25N de force motrice avec une vitesse allant jusqu'\u00e0 50mm\/s. Ce module moteur b\u00e9n\u00e9ficie de l'utilisation d'actionneurs pi\u00e9zo\u00e9lectriques amplifi\u00e9s (APA\u00ae) qualifi\u00e9s pour l'espace. Il est donc consid\u00e9r\u00e9 comme un bon candidat pour les environnements s\u00e9v\u00e8res tels que le vide, la cryog\u00e9nie, les vibrations, l'amagn\u00e9tisme, etc... Cet article pr\u00e9sente trois d\u00e9fis techniques rencontr\u00e9s pour le d\u00e9veloppement du produit MSPA. Le premier est le probl\u00e8me du bruit r\u00e9sultant de l'actionnement par stick-slip en dessous des fr\u00e9quences ultrasoniques. Le deuxi\u00e8me est la miniaturisation \u00e0 basse tension : L'un est de taille macro (morceau de sucre) fonctionnant \u00e0 45V, l'autre est de taille micro (grain de riz) aliment\u00e9 \u00e0 une tension inf\u00e9rieure \u00e0 60V. Le troisi\u00e8me d\u00e9fi est l'int\u00e9gration r\u00e9ussie et fiable du module dans les nouvelles applications des clients et les nouveaux produits de Cedrat Technologies.\n<\/p>\n","protected":false},"featured_media":14946,"comment_status":"closed","ping_status":"open","template":"","meta":{"_acf_changed":false,"_seopress_robots_primary_cat":"none","_seopress_titles_title":"","_seopress_titles_desc":"","_seopress_robots_index":"yes"},"product_brand":[],"product_cat":[1383,1385,1398,1386,1464],"product_tag":[],"class_list":{"0":"post-18426","1":"product","2":"type-product","3":"status-publish","4":"has-post-thumbnail","6":"product_cat-actionneurs-lineaires","7":"product_cat-actionneurs-piezo-fr","8":"product_cat-machines-tournantes","9":"product_cat-moteurs-piezo-fr","10":"product_cat-publications-fr","12":"first","13":"instock","14":"downloadable","15":"virtual","16":"purchasable","17":"product-type-simple"},"acf":[],"_links":{"self":[{"href":"https:\/\/cedrat-technologies.com\/fr\/wp-json\/wp\/v2\/product\/18426","targetHints":{"allow":["GET"]}}],"collection":[{"href":"https:\/\/cedrat-technologies.com\/fr\/wp-json\/wp\/v2\/product"}],"about":[{"href":"https:\/\/cedrat-technologies.com\/fr\/wp-json\/wp\/v2\/types\/product"}],"replies":[{"embeddable":true,"href":"https:\/\/cedrat-technologies.com\/fr\/wp-json\/wp\/v2\/comments?post=18426"}],"version-history":[{"count":0,"href":"https:\/\/cedrat-technologies.com\/fr\/wp-json\/wp\/v2\/product\/18426\/revisions"}],"wp:featuredmedia":[{"embeddable":true,"href":"https:\/\/cedrat-technologies.com\/fr\/wp-json\/wp\/v2\/media\/14946"}],"wp:attachment":[{"href":"https:\/\/cedrat-technologies.com\/fr\/wp-json\/wp\/v2\/media?parent=18426"}],"wp:term":[{"taxonomy":"product_brand","embeddable":true,"href":"https:\/\/cedrat-technologies.com\/fr\/wp-json\/wp\/v2\/product_brand?post=18426"},{"taxonomy":"product_cat","embeddable":true,"href":"https:\/\/cedrat-technologies.com\/fr\/wp-json\/wp\/v2\/product_cat?post=18426"},{"taxonomy":"product_tag","embeddable":true,"href":"https:\/\/cedrat-technologies.com\/fr\/wp-json\/wp\/v2\/product_tag?post=18426"}],"curies":[{"name":"wp","href":"https:\/\/api.w.org\/{rel}","templated":true}]}}