{"id":18425,"date":"2023-06-19T10:30:56","date_gmt":"2023-06-19T08:30:56","guid":{"rendered":"http:\/\/cedrat-technologies.com\/produit\/amelioration-des-actionneurs-piezo-lineaires-et-rotatifs-par-conception-et-controle\/"},"modified":"2023-07-20T11:20:33","modified_gmt":"2023-07-20T09:20:33","slug":"amelioration-des-actionneurs-piezo-lineaires-et-rotatifs-par-conception-et-controle","status":"publish","type":"product","link":"https:\/\/cedrat-technologies.com\/fr\/produit\/amelioration-des-actionneurs-piezo-lineaires-et-rotatifs-par-conception-et-controle\/","title":{"rendered":"Am\u00e9lioration des actionneurs pi\u00e9zo lin\u00e9aires et rotatifs par conception et contr\u00f4le"},"content":{"rendered":"","protected":false},"excerpt":{"rendered":"<p>Les actionneurs pi\u00e9zo\u00e9lectriques pas \u00e0 pas (SPA) sont des moteurs pi\u00e9zo\u00e9lectriques inertiels capables d&rsquo;atteindre une longue course avec une r\u00e9solution importante. Des travaux ant\u00e9rieurs ont montr\u00e9 que l&rsquo;utilisation d&rsquo;actionneurs pi\u00e9zo\u00e9lectriques amplifi\u00e9s (APA\u00ae) permettait d&rsquo;obtenir d&rsquo;importants avantages en termes de vitesse et de courant d&rsquo;entr\u00e9e. L&rsquo;objectif de cet article est de pr\u00e9senter une nouvelle configuration rotative, des avanc\u00e9es dans la force d&rsquo;actionnement maximale dans des conditions de vide thermique et des am\u00e9liorations utilisant un contr\u00f4le intelligent.<\/p>\n","protected":false},"featured_media":14943,"comment_status":"closed","ping_status":"open","template":"","meta":{"_acf_changed":false,"_seopress_robots_primary_cat":"none","_seopress_titles_title":"","_seopress_titles_desc":"","_seopress_robots_index":"yes"},"product_brand":[],"product_cat":[1383,1385,1386,1464],"product_tag":[],"class_list":{"0":"post-18425","1":"product","2":"type-product","3":"status-publish","4":"has-post-thumbnail","6":"product_cat-actionneurs-lineaires","7":"product_cat-actionneurs-piezo-fr","8":"product_cat-moteurs-piezo-fr","9":"product_cat-publications-fr","11":"first","12":"instock","13":"downloadable","14":"virtual","15":"purchasable","16":"product-type-simple"},"acf":[],"_links":{"self":[{"href":"https:\/\/cedrat-technologies.com\/fr\/wp-json\/wp\/v2\/product\/18425","targetHints":{"allow":["GET"]}}],"collection":[{"href":"https:\/\/cedrat-technologies.com\/fr\/wp-json\/wp\/v2\/product"}],"about":[{"href":"https:\/\/cedrat-technologies.com\/fr\/wp-json\/wp\/v2\/types\/product"}],"replies":[{"embeddable":true,"href":"https:\/\/cedrat-technologies.com\/fr\/wp-json\/wp\/v2\/comments?post=18425"}],"version-history":[{"count":0,"href":"https:\/\/cedrat-technologies.com\/fr\/wp-json\/wp\/v2\/product\/18425\/revisions"}],"wp:featuredmedia":[{"embeddable":true,"href":"https:\/\/cedrat-technologies.com\/fr\/wp-json\/wp\/v2\/media\/14943"}],"wp:attachment":[{"href":"https:\/\/cedrat-technologies.com\/fr\/wp-json\/wp\/v2\/media?parent=18425"}],"wp:term":[{"taxonomy":"product_brand","embeddable":true,"href":"https:\/\/cedrat-technologies.com\/fr\/wp-json\/wp\/v2\/product_brand?post=18425"},{"taxonomy":"product_cat","embeddable":true,"href":"https:\/\/cedrat-technologies.com\/fr\/wp-json\/wp\/v2\/product_cat?post=18425"},{"taxonomy":"product_tag","embeddable":true,"href":"https:\/\/cedrat-technologies.com\/fr\/wp-json\/wp\/v2\/product_tag?post=18425"}],"curies":[{"name":"wp","href":"https:\/\/api.w.org\/{rel}","templated":true}]}}