{"id":18423,"date":"2023-06-19T10:30:56","date_gmt":"2023-06-19T08:30:56","guid":{"rendered":"http:\/\/cedrat-technologies.com\/produit\/mecanisme-optique-auto-equilibre-hautement-dynamique-et-de-haute-precision\/"},"modified":"2023-07-20T11:20:33","modified_gmt":"2023-07-20T09:20:33","slug":"mecanisme-optique-auto-equilibre-hautement-dynamique-et-de-haute-precision","status":"publish","type":"product","link":"https:\/\/cedrat-technologies.com\/fr\/produit\/mecanisme-optique-auto-equilibre-hautement-dynamique-et-de-haute-precision\/","title":{"rendered":"M\u00e9canisme optique auto-\u00e9quilibr\u00e9 hautement dynamique et de haute pr\u00e9cision"},"content":{"rendered":"","protected":false},"excerpt":{"rendered":"<p>Les d\u00e9veloppements constants des instruments r\u00e9v\u00e8lent le besoin de m\u00e9canismes rapides et pr\u00e9cis [1]. Ces exigences sont d&rsquo;autant plus importantes lorsque des charges utiles de plusieurs centaines de grammes, telles que des miroirs, des plaques optiques, des cubes d&rsquo;angle ou des antennes, sont impliqu\u00e9es dans le mouvement. En effet, une cin\u00e9matique tr\u00e8s dynamique associ\u00e9e \u00e0 une grande inertie entra\u00eene des forces de r\u00e9action parasites qui interf\u00e8rent avec la pr\u00e9cision des mesures.<\/p>\n","protected":false},"featured_media":14937,"comment_status":"closed","ping_status":"open","template":"","meta":{"_acf_changed":false,"_seopress_robots_primary_cat":"none","_seopress_titles_title":"","_seopress_titles_desc":"","_seopress_robots_index":"yes"},"product_brand":[],"product_cat":[1383,1385,1491,1390,1496,1464,1403],"product_tag":[],"class_list":{"0":"post-18423","1":"product","2":"type-product","3":"status-publish","4":"has-post-thumbnail","6":"product_cat-actionneurs-lineaires","7":"product_cat-actionneurs-piezo-fr","8":"product_cat-domaine-fr","9":"product_cat-mecanismes","10":"product_cat-optronique-fr","11":"product_cat-publications-fr","12":"product_cat-systemes-mecatroniques","14":"first","15":"instock","16":"downloadable","17":"virtual","18":"purchasable","19":"product-type-simple"},"acf":[],"_links":{"self":[{"href":"https:\/\/cedrat-technologies.com\/fr\/wp-json\/wp\/v2\/product\/18423","targetHints":{"allow":["GET"]}}],"collection":[{"href":"https:\/\/cedrat-technologies.com\/fr\/wp-json\/wp\/v2\/product"}],"about":[{"href":"https:\/\/cedrat-technologies.com\/fr\/wp-json\/wp\/v2\/types\/product"}],"replies":[{"embeddable":true,"href":"https:\/\/cedrat-technologies.com\/fr\/wp-json\/wp\/v2\/comments?post=18423"}],"version-history":[{"count":0,"href":"https:\/\/cedrat-technologies.com\/fr\/wp-json\/wp\/v2\/product\/18423\/revisions"}],"wp:featuredmedia":[{"embeddable":true,"href":"https:\/\/cedrat-technologies.com\/fr\/wp-json\/wp\/v2\/media\/14937"}],"wp:attachment":[{"href":"https:\/\/cedrat-technologies.com\/fr\/wp-json\/wp\/v2\/media?parent=18423"}],"wp:term":[{"taxonomy":"product_brand","embeddable":true,"href":"https:\/\/cedrat-technologies.com\/fr\/wp-json\/wp\/v2\/product_brand?post=18423"},{"taxonomy":"product_cat","embeddable":true,"href":"https:\/\/cedrat-technologies.com\/fr\/wp-json\/wp\/v2\/product_cat?post=18423"},{"taxonomy":"product_tag","embeddable":true,"href":"https:\/\/cedrat-technologies.com\/fr\/wp-json\/wp\/v2\/product_tag?post=18423"}],"curies":[{"name":"wp","href":"https:\/\/api.w.org\/{rel}","templated":true}]}}