{"id":18422,"date":"2023-06-19T10:30:56","date_gmt":"2023-06-19T08:30:56","guid":{"rendered":"http:\/\/cedrat-technologies.com\/produit\/actionneur-a-jet-synthetique-haute-puissance\/"},"modified":"2023-07-20T11:20:31","modified_gmt":"2023-07-20T09:20:31","slug":"actionneur-a-jet-synthetique-haute-puissance","status":"publish","type":"product","link":"https:\/\/cedrat-technologies.com\/fr\/produit\/actionneur-a-jet-synthetique-haute-puissance\/","title":{"rendered":"Actionneur \u00e0 jet synth\u00e9tique haute puissance"},"content":{"rendered":"","protected":false},"excerpt":{"rendered":"<p>Un actionneur de jet synth\u00e9tique haute puissance (SJA) bas\u00e9 sur des actionneurs pi\u00e9zo\u00e9lectriques compacts a \u00e9t\u00e9 d\u00e9velopp\u00e9 et test\u00e9 par CEDRAT TECHNOLOGIES (CTEC) et l&rsquo;ONERA, sous le financement national fran\u00e7ais RAPID de la DGA. Cette publication pr\u00e9sente l&rsquo;approche de mod\u00e9lisation avec les premiers r\u00e9sultats de mise en \u0153uvre, la conception finale choisie pour l&rsquo;int\u00e9gration sur une maquette d&rsquo;aile d&rsquo;avion, les r\u00e9sultats de l&rsquo;\u00e9tude de faisabilit\u00e9 et les r\u00e9sultats des tests sur une maquette d&rsquo;a\u00e9ronef, les r\u00e9sultats des tests de performance sur le dispositif SJA avant l&rsquo;int\u00e9gration, et la d\u00e9monstration finale des performances a\u00e9rodynamiques dans la soufflerie de l&rsquo;ONERA.<\/p>\n","protected":false},"featured_media":14934,"comment_status":"closed","ping_status":"open","template":"","meta":{"_acf_changed":false,"_seopress_robots_primary_cat":"none","_seopress_titles_title":"","_seopress_titles_desc":"","_seopress_robots_index":"yes"},"product_brand":[],"product_cat":[1383,1385,1493,1491,1464],"product_tag":[],"class_list":{"0":"post-18422","1":"product","2":"type-product","3":"status-publish","4":"has-post-thumbnail","6":"product_cat-actionneurs-lineaires","7":"product_cat-actionneurs-piezo-fr","8":"product_cat-defense-fr","9":"product_cat-domaine-fr","10":"product_cat-publications-fr","12":"first","13":"instock","14":"downloadable","15":"virtual","16":"purchasable","17":"product-type-simple"},"acf":[],"_links":{"self":[{"href":"https:\/\/cedrat-technologies.com\/fr\/wp-json\/wp\/v2\/product\/18422","targetHints":{"allow":["GET"]}}],"collection":[{"href":"https:\/\/cedrat-technologies.com\/fr\/wp-json\/wp\/v2\/product"}],"about":[{"href":"https:\/\/cedrat-technologies.com\/fr\/wp-json\/wp\/v2\/types\/product"}],"replies":[{"embeddable":true,"href":"https:\/\/cedrat-technologies.com\/fr\/wp-json\/wp\/v2\/comments?post=18422"}],"version-history":[{"count":0,"href":"https:\/\/cedrat-technologies.com\/fr\/wp-json\/wp\/v2\/product\/18422\/revisions"}],"wp:featuredmedia":[{"embeddable":true,"href":"https:\/\/cedrat-technologies.com\/fr\/wp-json\/wp\/v2\/media\/14934"}],"wp:attachment":[{"href":"https:\/\/cedrat-technologies.com\/fr\/wp-json\/wp\/v2\/media?parent=18422"}],"wp:term":[{"taxonomy":"product_brand","embeddable":true,"href":"https:\/\/cedrat-technologies.com\/fr\/wp-json\/wp\/v2\/product_brand?post=18422"},{"taxonomy":"product_cat","embeddable":true,"href":"https:\/\/cedrat-technologies.com\/fr\/wp-json\/wp\/v2\/product_cat?post=18422"},{"taxonomy":"product_tag","embeddable":true,"href":"https:\/\/cedrat-technologies.com\/fr\/wp-json\/wp\/v2\/product_tag?post=18422"}],"curies":[{"name":"wp","href":"https:\/\/api.w.org\/{rel}","templated":true}]}}