{"id":18421,"date":"2023-06-19T10:30:56","date_gmt":"2023-06-19T08:30:56","guid":{"rendered":"http:\/\/cedrat-technologies.com\/produit\/oscillateur-de-force-haute-puissance-et-electronique-de-commande\/"},"modified":"2023-07-20T11:20:30","modified_gmt":"2023-07-20T09:20:30","slug":"oscillateur-de-force-haute-puissance-et-electronique-de-commande","status":"publish","type":"product","link":"https:\/\/cedrat-technologies.com\/fr\/produit\/oscillateur-de-force-haute-puissance-et-electronique-de-commande\/","title":{"rendered":"Oscillateur de force haute puissance et \u00e9lectronique de commande"},"content":{"rendered":"","protected":false},"excerpt":{"rendered":"<p>Cet article pr\u00e9sente le d\u00e9veloppement d&rsquo;un des plus grands actionneurs pi\u00e9zo\u00e9lectriques jamais con\u00e7us, bas\u00e9 sur des PZT \u00e0 basse tension. Cet actionneur est capable de fournir plus de 20kN de force en fonctionnement dynamique (60kN en fonctionnement statique). L&rsquo;objectif de la g\u00e9n\u00e9ration de vibrations \u00e0 basse fr\u00e9quence est d&rsquo;am\u00e9liorer la qualit\u00e9 de la production de pi\u00e8ces dans le domaine de la fabrication et de l&rsquo;usinage.<\/p>\n","protected":false},"featured_media":20991,"comment_status":"closed","ping_status":"closed","template":"","meta":{"_acf_changed":false,"_seopress_robots_primary_cat":"none","_seopress_titles_title":"","_seopress_titles_desc":"","_seopress_robots_index":"yes"},"product_brand":[],"product_cat":[1383,1385,1413,1491,1404,1497,1464,1403],"product_tag":[],"class_list":{"0":"post-18421","1":"product","2":"type-product","3":"status-publish","4":"has-post-thumbnail","6":"product_cat-actionneurs-lineaires","7":"product_cat-actionneurs-piezo-fr","8":"product_cat-controle-actif-de-vibration","9":"product_cat-domaine-fr","10":"product_cat-pilotage-controle","11":"product_cat-productique-machine-outil-fr","12":"product_cat-publications-fr","13":"product_cat-systemes-mecatroniques","15":"first","16":"instock","17":"downloadable","18":"virtual","19":"purchasable","20":"product-type-simple"},"acf":[],"_links":{"self":[{"href":"https:\/\/cedrat-technologies.com\/fr\/wp-json\/wp\/v2\/product\/18421","targetHints":{"allow":["GET"]}}],"collection":[{"href":"https:\/\/cedrat-technologies.com\/fr\/wp-json\/wp\/v2\/product"}],"about":[{"href":"https:\/\/cedrat-technologies.com\/fr\/wp-json\/wp\/v2\/types\/product"}],"replies":[{"embeddable":true,"href":"https:\/\/cedrat-technologies.com\/fr\/wp-json\/wp\/v2\/comments?post=18421"}],"version-history":[{"count":0,"href":"https:\/\/cedrat-technologies.com\/fr\/wp-json\/wp\/v2\/product\/18421\/revisions"}],"wp:featuredmedia":[{"embeddable":true,"href":"https:\/\/cedrat-technologies.com\/fr\/wp-json\/wp\/v2\/media\/20991"}],"wp:attachment":[{"href":"https:\/\/cedrat-technologies.com\/fr\/wp-json\/wp\/v2\/media?parent=18421"}],"wp:term":[{"taxonomy":"product_brand","embeddable":true,"href":"https:\/\/cedrat-technologies.com\/fr\/wp-json\/wp\/v2\/product_brand?post=18421"},{"taxonomy":"product_cat","embeddable":true,"href":"https:\/\/cedrat-technologies.com\/fr\/wp-json\/wp\/v2\/product_cat?post=18421"},{"taxonomy":"product_tag","embeddable":true,"href":"https:\/\/cedrat-technologies.com\/fr\/wp-json\/wp\/v2\/product_tag?post=18421"}],"curies":[{"name":"wp","href":"https:\/\/api.w.org\/{rel}","templated":true}]}}