{"id":18420,"date":"2022-09-08T00:00:00","date_gmt":"2022-09-07T22:00:00","guid":{"rendered":"http:\/\/cedrat-technologies.com\/produit\/moteurs-piezoelectriques-a-haute-densite-de-puissance-pour-les-environnements-critiques\/"},"modified":"2023-07-20T11:22:13","modified_gmt":"2023-07-20T09:22:13","slug":"moteurs-piezoelectriques-a-haute-densite-de-puissance-pour-les-environnements-critiques","status":"publish","type":"product","link":"https:\/\/cedrat-technologies.com\/fr\/produit\/moteurs-piezoelectriques-a-haute-densite-de-puissance-pour-les-environnements-critiques\/","title":{"rendered":"Moteurs pi\u00e9zo\u00e9lectriques \u00e0 haute densit\u00e9 de puissance pour les environnements critiques"},"content":{"rendered":"","protected":false},"excerpt":{"rendered":"<p>Les moteurs pi\u00e9zo\u00e9lectriques offrent de nombreux avantages pour des applications dans de nombreux secteurs industriels. Les exigences pour lesquelles ces solutions sont d\u00e9velopp\u00e9es sont ax\u00e9es sur leurs principaux avantages, tels que la compatibilit\u00e9 avec les rayonnements et l&rsquo;amagn\u00e9tisme, un rapport force\/volume \u00e9lev\u00e9, une bonne force de d\u00e9crochage non aliment\u00e9e et une faible consommation d&rsquo;\u00e9nergie. Ces applications sont g\u00e9n\u00e9ralement concern\u00e9es par des conditions de travail exotiques pour lesquelles les moteurs pi\u00e9zo\u00e9lectriques doivent encore am\u00e9liorer leur niveau de maturit\u00e9 technologique.<\/p>\n<p>Traduit avec www.DeepL.com\/Translator (version gratuite)<\/p>\n","protected":false},"featured_media":14930,"comment_status":"closed","ping_status":"open","template":"","meta":{"_acf_changed":false,"_seopress_robots_primary_cat":"","_seopress_titles_title":"","_seopress_titles_desc":"","_seopress_robots_index":"yes"},"product_brand":[],"product_cat":[1383,1386,1464],"product_tag":[],"class_list":{"0":"post-18420","1":"product","2":"type-product","3":"status-publish","4":"has-post-thumbnail","6":"product_cat-actionneurs-lineaires","7":"product_cat-moteurs-piezo-fr","8":"product_cat-publications-fr","10":"first","11":"instock","12":"downloadable","13":"virtual","14":"purchasable","15":"product-type-simple"},"acf":[],"_links":{"self":[{"href":"https:\/\/cedrat-technologies.com\/fr\/wp-json\/wp\/v2\/product\/18420","targetHints":{"allow":["GET"]}}],"collection":[{"href":"https:\/\/cedrat-technologies.com\/fr\/wp-json\/wp\/v2\/product"}],"about":[{"href":"https:\/\/cedrat-technologies.com\/fr\/wp-json\/wp\/v2\/types\/product"}],"replies":[{"embeddable":true,"href":"https:\/\/cedrat-technologies.com\/fr\/wp-json\/wp\/v2\/comments?post=18420"}],"version-history":[{"count":0,"href":"https:\/\/cedrat-technologies.com\/fr\/wp-json\/wp\/v2\/product\/18420\/revisions"}],"wp:featuredmedia":[{"embeddable":true,"href":"https:\/\/cedrat-technologies.com\/fr\/wp-json\/wp\/v2\/media\/14930"}],"wp:attachment":[{"href":"https:\/\/cedrat-technologies.com\/fr\/wp-json\/wp\/v2\/media?parent=18420"}],"wp:term":[{"taxonomy":"product_brand","embeddable":true,"href":"https:\/\/cedrat-technologies.com\/fr\/wp-json\/wp\/v2\/product_brand?post=18420"},{"taxonomy":"product_cat","embeddable":true,"href":"https:\/\/cedrat-technologies.com\/fr\/wp-json\/wp\/v2\/product_cat?post=18420"},{"taxonomy":"product_tag","embeddable":true,"href":"https:\/\/cedrat-technologies.com\/fr\/wp-json\/wp\/v2\/product_tag?post=18420"}],"curies":[{"name":"wp","href":"https:\/\/api.w.org\/{rel}","templated":true}]}}