{"id":18419,"date":"2018-06-07T00:00:00","date_gmt":"2018-06-06T22:00:00","guid":{"rendered":"http:\/\/cedrat-technologies.com\/produit\/actionneur-de-jet-synthetique-a-haute-performance-pour-lamelioration-de-lecoulement-aerodynamique-sur-les-ailes-davion\/"},"modified":"2023-07-20T11:22:18","modified_gmt":"2023-07-20T09:22:18","slug":"actionneur-de-jet-synthetique-a-haute-performance-pour-lamelioration-de-lecoulement-aerodynamique-sur-les-ailes-davion","status":"publish","type":"product","link":"https:\/\/cedrat-technologies.com\/fr\/produit\/actionneur-de-jet-synthetique-a-haute-performance-pour-lamelioration-de-lecoulement-aerodynamique-sur-les-ailes-davion\/","title":{"rendered":"Actionneur de jet synth\u00e9tique \u00e0 haute performance pour l&rsquo;am\u00e9lioration de l&rsquo;\u00e9coulement a\u00e9rodynamique sur les ailes d&rsquo;avion"},"content":{"rendered":"","protected":false},"excerpt":{"rendered":"<p>Dans le cadre d&rsquo;un programme national fran\u00e7ais, le projet ASPIC vise \u00e0 utiliser des actionneurs de jet synth\u00e9tiques pour am\u00e9liorer les performances a\u00e9rodynamiques des avions. Le partenariat entre Cedrat Technologies (CTEC) et l&rsquo;Office national d&rsquo;\u00e9tudes et de recherches a\u00e9rospatiales (ONERA) dans le cadre de ce projet a permis de concevoir, de fabriquer et de tester un actionneur de jet synth\u00e9tique innovant et \u00e0 haut rendement. Ce dispositif, qui s&rsquo;appuie en partie sur un brevet de l&rsquo;ONERA, est actionn\u00e9 par un pi\u00e9zoactionneur amplifi\u00e9 (APA) du CTEC. Son objectif est de fournir un jet synth\u00e9tique \u00e0 haute vitesse compatible avec les applications de contr\u00f4le de flux sur les avions ou tout autre v\u00e9hicule. Les derniers r\u00e9sultats d&rsquo;essais disponibles et les performances exp\u00e9rimentales de l&rsquo;actionneur synth\u00e9tique ASPIC sont pr\u00e9sent\u00e9s dans ce document : en particulier, une vitesse de sortie maximale de 135 m.s-1 en aspiration, et de 150 m.s-1 en soufflage, avec une largeur de bande de fr\u00e9quence d&rsquo;actionnement optimale comprise entre 200 et 300 Hz.<\/p>\n","protected":false},"featured_media":14927,"comment_status":"closed","ping_status":"open","template":"","meta":{"_acf_changed":false,"_seopress_robots_primary_cat":"none","_seopress_titles_title":"","_seopress_titles_desc":"","_seopress_robots_index":"yes"},"product_brand":[],"product_cat":[1383,1385,1395,1394,1491,1464],"product_tag":[],"class_list":{"0":"post-18419","1":"product","2":"type-product","3":"status-publish","4":"has-post-thumbnail","6":"product_cat-actionneurs-lineaires","7":"product_cat-actionneurs-piezo-fr","8":"product_cat-controle-actif-de-flux","9":"product_cat-dispositifs-electro-fluidique","10":"product_cat-domaine-fr","11":"product_cat-publications-fr","13":"first","14":"instock","15":"downloadable","16":"virtual","17":"purchasable","18":"product-type-simple"},"acf":[],"_links":{"self":[{"href":"https:\/\/cedrat-technologies.com\/fr\/wp-json\/wp\/v2\/product\/18419","targetHints":{"allow":["GET"]}}],"collection":[{"href":"https:\/\/cedrat-technologies.com\/fr\/wp-json\/wp\/v2\/product"}],"about":[{"href":"https:\/\/cedrat-technologies.com\/fr\/wp-json\/wp\/v2\/types\/product"}],"replies":[{"embeddable":true,"href":"https:\/\/cedrat-technologies.com\/fr\/wp-json\/wp\/v2\/comments?post=18419"}],"version-history":[{"count":0,"href":"https:\/\/cedrat-technologies.com\/fr\/wp-json\/wp\/v2\/product\/18419\/revisions"}],"wp:featuredmedia":[{"embeddable":true,"href":"https:\/\/cedrat-technologies.com\/fr\/wp-json\/wp\/v2\/media\/14927"}],"wp:attachment":[{"href":"https:\/\/cedrat-technologies.com\/fr\/wp-json\/wp\/v2\/media?parent=18419"}],"wp:term":[{"taxonomy":"product_brand","embeddable":true,"href":"https:\/\/cedrat-technologies.com\/fr\/wp-json\/wp\/v2\/product_brand?post=18419"},{"taxonomy":"product_cat","embeddable":true,"href":"https:\/\/cedrat-technologies.com\/fr\/wp-json\/wp\/v2\/product_cat?post=18419"},{"taxonomy":"product_tag","embeddable":true,"href":"https:\/\/cedrat-technologies.com\/fr\/wp-json\/wp\/v2\/product_tag?post=18419"}],"curies":[{"name":"wp","href":"https:\/\/api.w.org\/{rel}","templated":true}]}}